{"id":7012,"date":"2022-01-27T15:12:42","date_gmt":"2022-01-27T15:12:42","guid":{"rendered":"https:\/\/woolskins.eu\/?post_type=product&#038;p=7012"},"modified":"2026-02-18T13:40:37","modified_gmt":"2026-02-18T13:40:37","slug":"manta-de-enrolar-alwero-lammy-cinzenta","status":"publish","type":"product","link":"https:\/\/woolskins.eu\/pt\/alwero-wikkeldeken-lammy-grijs\/","title":{"rendered":"Cobertor de l\u00e3 \/ Cobertor com capuz para beb\u00e9 - Desfiado | Cinzento claro"},"content":{"rendered":"<p>As fibras de l\u00e3 respiram e t\u00eam a capacidade de atuar como um term\u00f3stato natural que regula a temperatura do corpo? Isto ajuda o seu beb\u00e9 a manter uma temperatura est\u00e1vel e mant\u00e9m-no seco e confort\u00e1vel. F\u00e1-lo \u2018dinamicamente\u2019, o que significa que acontece quando \u00e9 necess\u00e1rio e n\u00e3o quando n\u00e3o \u00e9. Quente no inverno e fresco no ver\u00e3o.<\/p>\n<p>- L\u00e3 virgem 100% (Tumbled) com certifica\u00e7\u00e3o Woolmark.<br \/>\n- Para casa e em viagem.<br \/>\n- Tamanho: 80 x 80 cm.<br \/>\n- Produ\u00e7\u00e3o europeia.<br \/>\n- Lav\u00e1vel num ciclo de lavagem de l\u00e3 a 30\u00b0C.<br \/>\n- Exclusivamente dispon\u00edvel na Woolskins.<\/p>\n<p>Os produtos de l\u00e3 desgrenhada caracterizam-se pelas suas fibras de l\u00e3 soltas. Para minimizar a penugem, \u00e9 prefer\u00edvel passar o produto pelo exterior antes de o utilizar.<\/p>\n<p>Este produto tem os r\u00f3tulos Safe for Children e Woolmark, entre outros.<\/p>\n<h5>Etiqueta de peles de l\u00e3<\/h5>\n<p>Ap\u00f3s anos de coopera\u00e7\u00e3o bem sucedida com a Alwero, temos o orgulho de anunciar que pass\u00e1mos a comercializar os nossos produtos sob a nossa pr\u00f3pria marca Woolskins.<\/p>\n<p>Desta forma, continua a obter a melhor qualidade, mas combinada com os produtos e designs mais bonitos e \u00fanicos.<\/p>\n<p>A qualidade dos tecidos e das cores continua a ser a mesma de sempre, s\u00f3 que agora existe uma maior escolha com a qual a Woolskins pensa poder distinguir-se.<\/p>\n<p>A nossa vasta cole\u00e7\u00e3o \u00e9 t\u00e3o igual que \u00e9 um excelente complemento para o enxoval de qualquer beb\u00e9, fabricada em l\u00e3 europeia 100% que respira e \u00e9 adequada para todas as esta\u00e7\u00f5es.<\/p>\n<p>Juntamos for\u00e7as com entusiasmo para criar um produto sustent\u00e1vel, natural e o mais confort\u00e1vel para o seu beb\u00e9.<\/p>","protected":false},"excerpt":{"rendered":"<p>O seu beb\u00e9 vai dormir e sonhar com este confort\u00e1vel cobertor de l\u00e3 com capuz da nossa cole\u00e7\u00e3o \u2018Thumbled\u2019. Esta manta de l\u00e3 com capuz cai suavemente e \u00e9 muito macia. Tem um aspeto bonito e luxuoso e \u00e9 extremamente confort\u00e1vel. O cobertor \u00e9 feito de l\u00e3 100% e regista imediatamente a temperatura do seu filho. Tamb\u00e9m \u00e9 \u00f3ptima para embalar ou alimentar confortavelmente o seu filho. Pode lev\u00e1-lo facilmente consigo em viagem para manter o seu filho \u00e0 temperatura correta. A manta \u00e9 adequada para todas as esta\u00e7\u00f5es e \u00e9 um presente perfeito para um ch\u00e1 de beb\u00e9 ou uma visita de maternidade.<\/p>\n<p><strong>Marca: Woolskins<\/strong><br \/>\n<strong>Produ\u00e7\u00e3o: Pol\u00f3nia<\/strong><\/p>","protected":false},"featured_media":17485,"comment_status":"closed","ping_status":"closed","template":"","meta":{"_acf_changed":false},"product_brand":[],"product_cat":[361,360,363,364,196,321,194],"product_tag":[],"class_list":{"0":"post-7012","1":"product","2":"type-product","3":"status-publish","4":"has-post-thumbnail","6":"product_cat-babyshower","7":"product_cat-cadeautips","8":"product_cat-cadeaus-e25-e50","9":"product_cat-cadeaus-vanaf-e50","10":"product_cat-slaapkleding-baby","11":"product_cat-wikkeldekens","12":"product_cat-wollen-babyproducten","14":"first","15":"instock","16":"taxable","17":"shipping-taxable","18":"purchasable","19":"product-type-simple"},"acf":[],"_links":{"self":[{"href":"https:\/\/woolskins.eu\/pt\/wp-json\/wp\/v2\/product\/7012","targetHints":{"allow":["GET"]}}],"collection":[{"href":"https:\/\/woolskins.eu\/pt\/wp-json\/wp\/v2\/product"}],"about":[{"href":"https:\/\/woolskins.eu\/pt\/wp-json\/wp\/v2\/types\/product"}],"replies":[{"embeddable":true,"href":"https:\/\/woolskins.eu\/pt\/wp-json\/wp\/v2\/comments?post=7012"}],"wp:featuredmedia":[{"embeddable":true,"href":"https:\/\/woolskins.eu\/pt\/wp-json\/wp\/v2\/media\/17485"}],"wp:attachment":[{"href":"https:\/\/woolskins.eu\/pt\/wp-json\/wp\/v2\/media?parent=7012"}],"wp:term":[{"taxonomy":"product_brand","embeddable":true,"href":"https:\/\/woolskins.eu\/pt\/wp-json\/wp\/v2\/product_brand?post=7012"},{"taxonomy":"product_cat","embeddable":true,"href":"https:\/\/woolskins.eu\/pt\/wp-json\/wp\/v2\/product_cat?post=7012"},{"taxonomy":"product_tag","embeddable":true,"href":"https:\/\/woolskins.eu\/pt\/wp-json\/wp\/v2\/product_tag?post=7012"}],"curies":[{"name":"wp","href":"https:\/\/api.w.org\/{rel}","templated":true}]}}