{"id":6974,"date":"2022-01-27T12:48:37","date_gmt":"2022-01-27T12:48:37","guid":{"rendered":"https:\/\/woolskins.eu\/?post_type=product&#038;p=6974"},"modified":"2026-05-08T12:34:03","modified_gmt":"2026-05-08T12:34:03","slug":"cobertor-de-berco-alwero-lammy-bege","status":"publish","type":"product","link":"https:\/\/woolskins.eu\/pt\/alwero-wiegdeken-lammy-beige\/","title":{"rendered":"Cobertor de l\u00e3 para ber\u00e7o \/ Cobertor para beb\u00e9 - Moon Thumbled | Bege"},"content":{"rendered":"<p>Os nossos cobertores de ber\u00e7o Eco Wool s\u00e3o muito adequados para os mais pequenos, gra\u00e7as \u00e0s propriedades naturais das fibras de l\u00e3. Estas respiram e t\u00eam a capacidade de atuar como um term\u00f3stato natural que regula a temperatura do corpo? Isto ajuda o seu beb\u00e9 a manter uma temperatura est\u00e1vel e mant\u00e9m-no seco e confort\u00e1vel. Isto \u00e9 feito de forma \u2018din\u00e2mica\u2019, ou seja, quando \u00e9 necess\u00e1rio e n\u00e3o quando n\u00e3o \u00e9.<\/p>\n<p>\u2013 Gemaakt van Zuiver Scheerwol met Oeko-Tex keur.<br \/>\n- Para casa e em viagem.<br \/>\n- Inclui uma bolsa pr\u00e1tica com a forma de uma lua.<br \/>\n- Tamanho: 75 x 100 cm e 90 x 130 cm.<br \/>\n- Produ\u00e7\u00e3o europeia.<br \/>\n- lav\u00e1vel num ciclo de lavagem com l\u00e3 a 30\u00b0C.<\/p>\n<p>Os produtos de l\u00e3 desgrenhada caracterizam-se pelas suas fibras de l\u00e3 soltas. Para minimizar a penugem, \u00e9 prefer\u00edvel passar o produto pelo exterior antes de o utilizar.<\/p>\n<h5>Etiqueta de peles de l\u00e3<\/h5>\n<p class=\"brz-lh-xs-1_8 brz-fs-xs-17 brz-text-xs-center brz-text-lg-center brz-tp-lg-empty brz-ff-roboto brz-ft-google brz-fs-lg-17 brz-fss-lg-px brz-fw-lg-400 brz-ls-lg-0 brz-lh-lg-1_8 brz-css-xtqtg\" data-generated-css=\"brz-css-djhzh\" data-uniq-id=\"odjfi\">Bij Woolskins geloven we in de kracht van puur natuur. Wij ontwerpen en maken stijlvolle, zachte en duurzame producten van Zuiver Scheerwol met Oeko-Tex keur, speciaal voor de allerkleinsten. Onze Woolskins collectie wordt door ons zelf ontworpen en met zorg geproduceerd in Europa, met de fijnste en beste kwaliteit wol. We kiezen bewust voor lokale productie met natuurlijke en duurzame materialen. Zo garanderen we niet alleen kwaliteit en zachtheid, maar ook een eerlijk en verantwoord product. Woolskins omhult je baby met de zachtheid van puur natuur, ontworpen met liefde en zorg. Voor een veilige, natuurlijke en comfortabele start in het leven.<\/p>","protected":false},"excerpt":{"rendered":"<p data-start=\"0\" data-end=\"321\">Je kindje slaapt heerlijk en droomt ontspannen weg onder deze comfortabele wiegdeken van zuiver scheerwol met Oeko-Tex keur. De deken valt soepel, voelt uitzonderlijk zacht aan en is stijlvol afgewerkt met een maantje dat tevens dienstdoet als handig zakje \u2013 ideaal om bijvoorbeeld een doekje in te bewaren en altijd binnen handbereik te hebben.<\/p>\n<p data-start=\"323\" data-end=\"782\" data-is-last-node=\"\" data-is-only-node=\"\">De wollen wiegdeken heeft een luxe uitstraling en is een waardevolle toevoeging aan iedere babyuitzet. Dankzij de ademende en temperatuurregulerende eigenschappen van wol neemt de deken snel de lichaamstemperatuur van je kindje aan. Het formaat en gewicht zijn perfect om onder te slapen, maar ook om op te spelen of je baby warm te houden onderweg. Geschikt voor elk seizoen en daarmee ook een prachtig en praktisch cadeau voor een babyshower of kraambezoek.<\/p>\n<p><strong>Marca: Woolskins<\/strong><br \/>\n<strong>Produ\u00e7\u00e3o: Pol\u00f3nia<br \/>\nKeur: Oeko-Tex Standard<\/strong><\/p>\n<p><img loading=\"lazy\" decoding=\"async\" class=\"alignnone wp-image-28173 entered lazyloaded\" src=\"https:\/\/woolskins.eu\/wp-content\/uploads\/2024\/05\/csm_OEKO-TEX_Logo_2022_rgb_c1aaeb5ceb-300x300.jpg\" alt=\"\" width=\"89\" height=\"89\" data-lazy-src=\"https:\/\/woolskins.eu\/wp-content\/uploads\/2024\/05\/csm_OEKO-TEX_Logo_2022_rgb_c1aaeb5ceb-300x300.jpg\" data-ll-status=\"loaded\" srcset=\"https:\/\/woolskins.eu\/wp-content\/uploads\/2024\/05\/csm_OEKO-TEX_Logo_2022_rgb_c1aaeb5ceb-300x300.jpg 300w, https:\/\/woolskins.eu\/wp-content\/uploads\/2024\/05\/csm_OEKO-TEX_Logo_2022_rgb_c1aaeb5ceb-150x150.jpg 150w, https:\/\/woolskins.eu\/wp-content\/uploads\/2024\/05\/csm_OEKO-TEX_Logo_2022_rgb_c1aaeb5ceb-768x769.jpg 768w, https:\/\/woolskins.eu\/wp-content\/uploads\/2024\/05\/csm_OEKO-TEX_Logo_2022_rgb_c1aaeb5ceb-12x12.jpg 12w, https:\/\/woolskins.eu\/wp-content\/uploads\/2024\/05\/csm_OEKO-TEX_Logo_2022_rgb_c1aaeb5ceb-600x601.jpg 600w, https:\/\/woolskins.eu\/wp-content\/uploads\/2024\/05\/csm_OEKO-TEX_Logo_2022_rgb_c1aaeb5ceb-100x100.jpg 100w, https:\/\/woolskins.eu\/wp-content\/uploads\/2024\/05\/csm_OEKO-TEX_Logo_2022_rgb_c1aaeb5ceb-64x64.jpg 64w, https:\/\/woolskins.eu\/wp-content\/uploads\/2024\/05\/csm_OEKO-TEX_Logo_2022_rgb_c1aaeb5ceb.jpg 885w\" sizes=\"auto, (max-width: 89px) 100vw, 89px\" \/><\/p>","protected":false},"featured_media":22070,"comment_status":"closed","ping_status":"closed","template":"","meta":{"_acf_changed":false},"product_brand":[],"product_cat":[361,360,363,364,196,318,194],"product_tag":[],"class_list":{"0":"post-6974","1":"product","2":"type-product","3":"status-publish","4":"has-post-thumbnail","6":"product_cat-babyshower","7":"product_cat-cadeautips","8":"product_cat-cadeaus-e25-e50","9":"product_cat-cadeaus-vanaf-e50","10":"product_cat-slaapkleding-baby","11":"product_cat-wollen-wiegdeken-ledikantdeken","12":"product_cat-wollen-babyproducten","13":"pa_maat-100-x-150-cm","14":"pa_maat-75-x-100-cm","15":"pa_maat-90-x-130-cm","17":"first","18":"instock","19":"taxable","20":"shipping-taxable","21":"purchasable","22":"product-type-variable"},"acf":[],"_links":{"self":[{"href":"https:\/\/woolskins.eu\/pt\/wp-json\/wp\/v2\/product\/6974","targetHints":{"allow":["GET"]}}],"collection":[{"href":"https:\/\/woolskins.eu\/pt\/wp-json\/wp\/v2\/product"}],"about":[{"href":"https:\/\/woolskins.eu\/pt\/wp-json\/wp\/v2\/types\/product"}],"replies":[{"embeddable":true,"href":"https:\/\/woolskins.eu\/pt\/wp-json\/wp\/v2\/comments?post=6974"}],"wp:featuredmedia":[{"embeddable":true,"href":"https:\/\/woolskins.eu\/pt\/wp-json\/wp\/v2\/media\/22070"}],"wp:attachment":[{"href":"https:\/\/woolskins.eu\/pt\/wp-json\/wp\/v2\/media?parent=6974"}],"wp:term":[{"taxonomy":"product_brand","embeddable":true,"href":"https:\/\/woolskins.eu\/pt\/wp-json\/wp\/v2\/product_brand?post=6974"},{"taxonomy":"product_cat","embeddable":true,"href":"https:\/\/woolskins.eu\/pt\/wp-json\/wp\/v2\/product_cat?post=6974"},{"taxonomy":"product_tag","embeddable":true,"href":"https:\/\/woolskins.eu\/pt\/wp-json\/wp\/v2\/product_tag?post=6974"}],"curies":[{"name":"wp","href":"https:\/\/api.w.org\/{rel}","templated":true}]}}