{"id":6939,"date":"2022-01-24T13:00:42","date_gmt":"2022-01-24T13:00:42","guid":{"rendered":"https:\/\/woolskins.eu\/?post_type=product&#038;p=6939"},"modified":"2026-05-11T13:51:19","modified_gmt":"2026-05-11T13:51:19","slug":"casaco-de-la-essencial-bege","status":"publish","type":"product","link":"https:\/\/woolskins.eu\/pt\/woolskins-bodywarmer-essential-beige\/","title":{"rendered":"Colete de l\u00e3 para beb\u00e9 e crian\u00e7a | Feltro bege"},"content":{"rendered":"<p>Este produto tem as etiquetas Safe for Children e Woolmark, entre outras. Este casaco de malha \u00e9 frequentemente usado como roupa interior, pelo que deve ter isso em conta quando se trata do tamanho certo.<\/p>\n<p>- L\u00e3 virgem 100%, etiqueta Woolmark.<br \/>\n- Muito quente para estar em casa ou em viagem.<br \/>\n- Cores diferentes dispon\u00edveis.<br \/>\n- NOTA: Para saber o tamanho correto, consulte \u2018Tamanhos em cent\u00edmetros\u2019.<\/p>\n<h5>Etiqueta de peles de l\u00e3<\/h5>\n<p>Ap\u00f3s anos de coopera\u00e7\u00e3o bem sucedida com a Alwero, temos o orgulho de anunciar que pass\u00e1mos a comercializar os nossos produtos sob a nossa pr\u00f3pria marca Woolskins.<\/p>\n<p>Desta forma, continua a obter a melhor qualidade, mas combinada com os produtos e designs mais bonitos e \u00fanicos.<\/p>\n<p>A qualidade dos tecidos e das cores continua a ser a mesma de sempre, s\u00f3 que agora existe uma maior escolha com a qual a Woolskins pensa poder distinguir-se.<\/p>\n<p>A nossa vasta cole\u00e7\u00e3o \u00e9 t\u00e3o igual que \u00e9 um excelente complemento para o enxoval de qualquer beb\u00e9, fabricada em l\u00e3 europeia 100% que respira e \u00e9 adequada para todas as esta\u00e7\u00f5es.<\/p>\n<p>Juntamos for\u00e7as com entusiasmo para criar um produto sustent\u00e1vel, natural e o mais confort\u00e1vel para o seu beb\u00e9.<\/p>\n<h5 class=\"Text1893342656__root Text1893342656---typography-11-runningText Text1893342656---priority-7-primary s8gg2 _2UIKs InfoSectionTitle3095652555__root\" aria-hidden=\"false\" data-hook=\"info-section-title\">Tamanhos em cent\u00edmetros:<\/h5>\n<div class=\"_2tV5m fggS- cell\">Tamanho: 50\/56 Comprimento: 27,5cm Largura 22cm (na axila)<br \/>\nTamanho: 62\/60 Comprimento: 28,5cm Largura 25cm<br \/>\nTamanho: 74\/80 Comprimento: 29,5 cm Largura: 28 cm<br \/>\nTamanho: 80\/86 Comprimento: 31cm Largura 32cm<br \/>\nTamanho: 92\/98 Comprimento: 33,5cm Largura 35cm<br \/>\nTamanho: 104\/110 Comprimento: 39,5cm Largura 37cm<\/div>","protected":false},"excerpt":{"rendered":"<p>Este bodywarmer moderno \u00e9 maravilhosamente quente e confort\u00e1vel.  Use-o casualmente por cima de uma camisola ou de um casaco, fica sempre bem e \u00e9 super moderno. Este colete tem todas as boas qualidades da l\u00e3 ecol\u00f3gica 100%. Isto significa que o seu filho estar\u00e1 quente e confort\u00e1vel nos dias mais frios. Este casaco de malha \u00e9 bom para combinar com toda a nossa cole\u00e7\u00e3o Woolskins. O Bodywarmer Woolskins tem um acabamento muito bonito com um ponto de manta e um bot\u00e3o de madeira.<\/p>\n<p>ATEN\u00c7\u00c3O: Os casacos de malha s\u00e3o pequenos. Para saber o tamanho correto, ver \u2018Tamanhos em cent\u00edmetros\u2019 na descri\u00e7\u00e3o.<\/p>\n<p><strong>Marca: Woolskins<\/strong><br \/>\n<strong>Produ\u00e7\u00e3o: Pol\u00f3nia<\/strong><\/p>","protected":false},"featured_media":9623,"comment_status":"closed","ping_status":"closed","template":"","meta":{"_acf_changed":false},"product_brand":[],"product_cat":[361,360,363,200,337,413,344,194],"product_tag":[424,451,452,453,450,484,485],"class_list":{"0":"post-6939","1":"product","2":"type-product","3":"status-publish","4":"has-post-thumbnail","6":"product_cat-babyshower","7":"product_cat-cadeautips","8":"product_cat-cadeaus-e25-e50","9":"product_cat-wollen-babykleding","10":"product_cat-vestjes","11":"product_cat-alwero-bodywarmer","12":"product_cat-kleertjes","13":"product_cat-wollen-babyproducten","14":"product_tag-alwero-bodywarmer","15":"product_tag-alwero-bodywarmer-baby","16":"product_tag-alwero-bodywarmer-kind","17":"product_tag-alwero-bodywarmer-wol","18":"product_tag-alwero-gilet","19":"product_tag-wollen-kinderbodywarmer","20":"product_tag-woolskins-wollen-kinderbodywarmer","21":"pa_maat-104-110","22":"pa_maat-50-56","23":"pa_maat-62-68","24":"pa_maat-74-80","25":"pa_maat-80-86","26":"pa_maat-92-98","28":"first","29":"instock","30":"taxable","31":"shipping-taxable","32":"purchasable","33":"product-type-variable"},"acf":[],"_links":{"self":[{"href":"https:\/\/woolskins.eu\/pt\/wp-json\/wp\/v2\/product\/6939","targetHints":{"allow":["GET"]}}],"collection":[{"href":"https:\/\/woolskins.eu\/pt\/wp-json\/wp\/v2\/product"}],"about":[{"href":"https:\/\/woolskins.eu\/pt\/wp-json\/wp\/v2\/types\/product"}],"replies":[{"embeddable":true,"href":"https:\/\/woolskins.eu\/pt\/wp-json\/wp\/v2\/comments?post=6939"}],"wp:featuredmedia":[{"embeddable":true,"href":"https:\/\/woolskins.eu\/pt\/wp-json\/wp\/v2\/media\/9623"}],"wp:attachment":[{"href":"https:\/\/woolskins.eu\/pt\/wp-json\/wp\/v2\/media?parent=6939"}],"wp:term":[{"taxonomy":"product_brand","embeddable":true,"href":"https:\/\/woolskins.eu\/pt\/wp-json\/wp\/v2\/product_brand?post=6939"},{"taxonomy":"product_cat","embeddable":true,"href":"https:\/\/woolskins.eu\/pt\/wp-json\/wp\/v2\/product_cat?post=6939"},{"taxonomy":"product_tag","embeddable":true,"href":"https:\/\/woolskins.eu\/pt\/wp-json\/wp\/v2\/product_tag?post=6939"}],"curies":[{"name":"wp","href":"https:\/\/api.w.org\/{rel}","templated":true}]}}