{"id":6895,"date":"2022-01-17T14:21:52","date_gmt":"2022-01-17T14:21:52","guid":{"rendered":"https:\/\/woolskins.eu\/?post_type=product&#038;p=6895"},"modified":"2025-08-25T13:29:40","modified_gmt":"2025-08-25T13:29:40","slug":"manta-alwero-wrap-essencial-cinzenta-2","status":"publish","type":"product","link":"https:\/\/woolskins.eu\/pt\/alwero-wikkeldeken-essential-grijs-2\/","title":{"rendered":"Manta de l\u00e3 para beb\u00e9 | Wingy Felted Light Grey"},"content":{"rendered":"<p>O seu beb\u00e9 vai dormir e sonhar com este confort\u00e1vel cobertor de l\u00e3 Wingy da nossa cole\u00e7\u00e3o \u2018Felted\u2019. Esta manta de enrolar cai suavemente e \u00e9 muito macia. Tem um aspeto bonito e luxuoso e \u00e9 extremamente confort\u00e1vel. O cobertor \u00e9 feito de l\u00e3 100% e adapta-se imediatamente \u00e0 temperatura do seu filho. Gra\u00e7as \u00e0s aberturas para as correias de seguran\u00e7a (5 pontos), adapta-se bem ao carrinho de beb\u00e9 e leva o seu filho para o exterior de forma quente e confort\u00e1vel.<\/p>\n<p>A l\u00e3 respira e regula instantaneamente a temperatura do seu beb\u00e9. Quente no inverno e fresco no ver\u00e3o. Pr\u00e1tico em casa e para utilizar no maxi-cosi ou no carrinho de beb\u00e9.<\/p>\n<p>- L\u00e3 virgem 100% com certifica\u00e7\u00e3o Woolmark.<br \/>\n- Exclusivamente dispon\u00edvel na Woolskins.<br \/>\n- Para casa e em viagem.<br \/>\n- Aberturas para os cintos de seguran\u00e7a (5 pontos).<br \/>\n- comprimento 80 cm (idade at\u00e9 +\/- 1 ano)<br \/>\n- lav\u00e1vel num ciclo de lavagem com l\u00e3 a 30\u00b0C.<\/p>\n<p>As fibras de l\u00e3 respiram e t\u00eam a capacidade de atuar como um term\u00f3stato natural que regula a temperatura do corpo? Isto ajuda o seu beb\u00e9 a manter uma temperatura est\u00e1vel e mant\u00e9m-no seco e confort\u00e1vel. F\u00e1-lo \u2018dinamicamente\u2019, o que significa que acontece quando \u00e9 necess\u00e1rio e n\u00e3o quando n\u00e3o \u00e9. Quente no inverno e fresco no ver\u00e3o.<\/p>\n<p>Este produto tem os r\u00f3tulos Safe for Children e Woolmark, entre outros.<\/p>\n<h5>Etiqueta de peles de l\u00e3<\/h5>\n<p>Ap\u00f3s anos de coopera\u00e7\u00e3o bem sucedida com a Alwero, temos o orgulho de anunciar que pass\u00e1mos a comercializar os nossos produtos sob a nossa pr\u00f3pria marca Woolskins.<\/p>\n<p>Desta forma, continua a obter a melhor qualidade, mas combinada com os produtos e designs mais bonitos e \u00fanicos.<\/p>\n<p>A qualidade dos tecidos e das cores continua a ser a mesma de sempre, s\u00f3 que agora existe uma maior escolha com a qual a Woolskins pensa poder distinguir-se.<\/p>\n<p>A nossa vasta cole\u00e7\u00e3o \u00e9 t\u00e3o igual que \u00e9 um excelente complemento para o enxoval de qualquer beb\u00e9, fabricada em l\u00e3 europeia 100% que respira e \u00e9 adequada para todas as esta\u00e7\u00f5es.<\/p>\n<p>Juntamos for\u00e7as com entusiasmo para criar um produto sustent\u00e1vel, natural e o mais confort\u00e1vel poss\u00edvel para o seu filho.<\/p>","protected":false},"excerpt":{"rendered":"<p>O seu beb\u00e9 vai dormir e sonhar com este confort\u00e1vel cobertor de l\u00e3 Wingy da nossa cole\u00e7\u00e3o \u2018Felted\u2019. Este cobertor cai suavemente, \u00e9 muito macio e \u00e9 rematado com um ponto de cobertor contrastante. T\u00eam um aspeto bonito e luxuoso e s\u00e3o extremamente confort\u00e1veis. Fabricado em l\u00e3 100%, o cobertor adapta-se imediatamente \u00e0 temperatura do seu filho e pode ser utilizado em qualquer esta\u00e7\u00e3o do ano. Gra\u00e7as \u00e0s aberturas para as correias de seguran\u00e7a (5 pontos), adapta-se perfeitamente ao carrinho de beb\u00e9 e leva o seu filho para o exterior de forma quente e confort\u00e1vel.<\/p>\n<div class=\"woocommerce-product-details__short-description\">\n<p><strong>Marca: Woolskins<\/strong><br \/>\n<strong>Produ\u00e7\u00e3o: Pol\u00f3nia<\/strong><\/p>\n<\/div>","protected":false},"featured_media":17538,"comment_status":"closed","ping_status":"closed","template":"","meta":{"_acf_changed":false},"product_brand":[],"product_cat":[361,360,364,196,321,194],"product_tag":[],"class_list":{"0":"post-6895","1":"product","2":"type-product","3":"status-publish","4":"has-post-thumbnail","6":"product_cat-babyshower","7":"product_cat-cadeautips","8":"product_cat-cadeaus-vanaf-e50","9":"product_cat-slaapkleding-baby","10":"product_cat-wikkeldekens","11":"product_cat-wollen-babyproducten","13":"first","14":"instock","15":"taxable","16":"shipping-taxable","17":"purchasable","18":"product-type-simple"},"acf":[],"_links":{"self":[{"href":"https:\/\/woolskins.eu\/pt\/wp-json\/wp\/v2\/product\/6895","targetHints":{"allow":["GET"]}}],"collection":[{"href":"https:\/\/woolskins.eu\/pt\/wp-json\/wp\/v2\/product"}],"about":[{"href":"https:\/\/woolskins.eu\/pt\/wp-json\/wp\/v2\/types\/product"}],"replies":[{"embeddable":true,"href":"https:\/\/woolskins.eu\/pt\/wp-json\/wp\/v2\/comments?post=6895"}],"wp:featuredmedia":[{"embeddable":true,"href":"https:\/\/woolskins.eu\/pt\/wp-json\/wp\/v2\/media\/17538"}],"wp:attachment":[{"href":"https:\/\/woolskins.eu\/pt\/wp-json\/wp\/v2\/media?parent=6895"}],"wp:term":[{"taxonomy":"product_brand","embeddable":true,"href":"https:\/\/woolskins.eu\/pt\/wp-json\/wp\/v2\/product_brand?post=6895"},{"taxonomy":"product_cat","embeddable":true,"href":"https:\/\/woolskins.eu\/pt\/wp-json\/wp\/v2\/product_cat?post=6895"},{"taxonomy":"product_tag","embeddable":true,"href":"https:\/\/woolskins.eu\/pt\/wp-json\/wp\/v2\/product_tag?post=6895"}],"curies":[{"name":"wp","href":"https:\/\/api.w.org\/{rel}","templated":true}]}}