{"id":6842,"date":"2021-09-23T12:07:47","date_gmt":"2021-09-23T12:07:47","guid":{"rendered":"https:\/\/woolskins.eu\/?post_type=product&#038;p=6842"},"modified":"2024-02-28T10:30:54","modified_gmt":"2024-02-28T10:30:54","slug":"saco-para-mamas-lammy-ecru","status":"publish","type":"product","link":"https:\/\/woolskins.eu\/pt\/moms-bag-lammy-ecru\/","title":{"rendered":"L\u00e3 para mala de m\u00e3e - Thumbled | ecru"},"content":{"rendered":"<p>O saco \u00e9 forrado com um tecido imperme\u00e1vel e tem muito espa\u00e7o de arruma\u00e7\u00e3o. Dispon\u00edvel numa s\u00e9rie de cores elegantes, combina bem com todos os outros produtos da nossa gama Thumbled.<\/p>\n<p>- Dimens\u00f5es: 58 x 42 cm<br \/>\n- Pegas c\u00f3modas<br \/>\n- 100% l\u00e3 (forro interior imperme\u00e1vel)<\/p>\n<h5>Etiqueta de peles de l\u00e3<\/h5>\n<p>Ap\u00f3s anos de coopera\u00e7\u00e3o bem sucedida com a Alwero, temos o orgulho de anunciar que pass\u00e1mos a comercializar os nossos produtos sob a nossa pr\u00f3pria marca Woolskins.<\/p>\n<p>Desta forma, continua a obter a melhor qualidade, mas combinada com os produtos e designs mais bonitos e \u00fanicos.<\/p>\n<p>A qualidade dos tecidos e das cores continua a ser a mesma de sempre, s\u00f3 que agora existe uma maior escolha com a qual a Woolskins pensa poder distinguir-se.<\/p>\n<p>A nossa vasta cole\u00e7\u00e3o \u00e9 t\u00e3o igual que \u00e9 um excelente complemento para o enxoval de qualquer beb\u00e9, fabricada em l\u00e3 europeia 100% que respira e \u00e9 adequada para todas as esta\u00e7\u00f5es.<\/p>\n<p>Juntamos for\u00e7as com entusiasmo para criar um produto sustent\u00e1vel, natural e o mais confort\u00e1vel para o seu beb\u00e9.<\/p>","protected":false},"excerpt":{"rendered":"<p>Este pr\u00e1tico saco de l\u00e3 para a m\u00e3e da Woolskins \u00e9 ideal para colocar no carrinho de beb\u00e9 ou para fazer compras. Um verdadeiro must-have para quando se est\u00e1 sempre em movimento. O saco \u00e9 forrado com um tecido imperme\u00e1vel, pelo que tamb\u00e9m pode ser utilizado do avesso quando chove. O nosso saco para mam\u00e3s \u00e9 um acess\u00f3rio vers\u00e1til e pr\u00e1tico que facilita a vida de qualquer m\u00e3e. A Mom Bag pode conter todas as necessidades do seu beb\u00e9, como fraldas, toalhitas, biber\u00f5es, brinquedos e roupas, bem como os seus artigos pessoais, como o telem\u00f3vel, as chaves e os cosm\u00e9ticos. O nosso saco para a m\u00e3e est\u00e1 dispon\u00edvel numa s\u00e9rie de cores elegantes e combina bem com todos os outros produtos da nossa s\u00e9rie Thumbled.<\/p>\n<p><strong>Marca: Woolskins<\/strong><br \/>\n<strong>Produ\u00e7\u00e3o: Pol\u00f3nia<\/strong><\/p>","protected":false},"featured_media":7177,"comment_status":"closed","ping_status":"closed","template":"","meta":{"_acf_changed":false},"product_brand":[],"product_cat":[351,364,350,31,196,194],"product_tag":[],"class_list":{"0":"post-6842","1":"product","2":"type-product","3":"status-publish","4":"has-post-thumbnail","6":"product_cat-accessoiresvoormama","7":"product_cat-cadeaus-vanaf-e50","8":"product_cat-fashion","9":"product_cat-yogamat-wol","10":"product_cat-slaapkleding-baby","11":"product_cat-wollen-babyproducten","13":"first","14":"outofstock","15":"sale","16":"taxable","17":"shipping-taxable","18":"purchasable","19":"product-type-simple"},"acf":[],"_links":{"self":[{"href":"https:\/\/woolskins.eu\/pt\/wp-json\/wp\/v2\/product\/6842","targetHints":{"allow":["GET"]}}],"collection":[{"href":"https:\/\/woolskins.eu\/pt\/wp-json\/wp\/v2\/product"}],"about":[{"href":"https:\/\/woolskins.eu\/pt\/wp-json\/wp\/v2\/types\/product"}],"replies":[{"embeddable":true,"href":"https:\/\/woolskins.eu\/pt\/wp-json\/wp\/v2\/comments?post=6842"}],"wp:featuredmedia":[{"embeddable":true,"href":"https:\/\/woolskins.eu\/pt\/wp-json\/wp\/v2\/media\/7177"}],"wp:attachment":[{"href":"https:\/\/woolskins.eu\/pt\/wp-json\/wp\/v2\/media?parent=6842"}],"wp:term":[{"taxonomy":"product_brand","embeddable":true,"href":"https:\/\/woolskins.eu\/pt\/wp-json\/wp\/v2\/product_brand?post=6842"},{"taxonomy":"product_cat","embeddable":true,"href":"https:\/\/woolskins.eu\/pt\/wp-json\/wp\/v2\/product_cat?post=6842"},{"taxonomy":"product_tag","embeddable":true,"href":"https:\/\/woolskins.eu\/pt\/wp-json\/wp\/v2\/product_tag?post=6842"}],"curies":[{"name":"wp","href":"https:\/\/api.w.org\/{rel}","templated":true}]}}