{"id":6710,"date":"2021-09-01T12:55:46","date_gmt":"2021-09-01T12:55:46","guid":{"rendered":"https:\/\/woolskins.eu\/eco-wool-wash"},"modified":"2023-02-28T11:40:10","modified_gmt":"2023-02-28T11:40:10","slug":"lavagem-de-la-ecologica","status":"publish","type":"product","link":"https:\/\/woolskins.eu\/pt\/eco-wool-wash\/","title":{"rendered":"Lavagem de l\u00e3 ecol\u00f3gica"},"content":{"rendered":"<p>Os nossos casacos Woolskins Eco Relugan podem ser lavados na m\u00e1quina em combina\u00e7\u00e3o com o nosso Eco Wool Wash especialmente desenvolvido, num ciclo suave de 30\u00b0C (programa curto)*. No entanto, recomendamos que espere o m\u00e1ximo de tempo poss\u00edvel para o fazer, uma vez que o casaco j\u00e1 \u00e9 naturalmente auto-limpante. Os nossos produtos Woolskins Relugan tamb\u00e9m podem ser secos na m\u00e1quina de secar roupa a uma temperatura baixa - N\u00c3O QUENTE - ap\u00f3s a lavagem. \u00c9 isto que torna os nossos casacos Woolskins Relugan t\u00e3o \u00fanicos e c\u00f3modos de usar!<\/p>","protected":false},"excerpt":{"rendered":"<p>Onze Woolskins Eco Relugan vachten zijn in combinatie met ons speciaal daarvoor ontwikkelde Eco Wool Wash te wassen in de machine op 30\u00b0C fijnewasprogramma (kort programma)*. Echter raden wij aan hier echt zolang mogelijk mee te wachten omdat de vacht van nature al zelfreinigend is. Onze Woolskins Relugan producten kunnen na het wassen ook worden [&hellip;]<\/p>\n","protected":false},"featured_media":7908,"comment_status":"closed","ping_status":"closed","template":"","meta":{"_acf_changed":false},"product_brand":[],"product_cat":[200],"product_tag":[],"class_list":{"0":"post-6710","1":"product","2":"type-product","3":"status-publish","4":"has-post-thumbnail","6":"product_cat-wollen-babykleding","8":"first","9":"instock","10":"taxable","11":"shipping-taxable","12":"purchasable","13":"product-type-simple"},"acf":[],"_links":{"self":[{"href":"https:\/\/woolskins.eu\/pt\/wp-json\/wp\/v2\/product\/6710","targetHints":{"allow":["GET"]}}],"collection":[{"href":"https:\/\/woolskins.eu\/pt\/wp-json\/wp\/v2\/product"}],"about":[{"href":"https:\/\/woolskins.eu\/pt\/wp-json\/wp\/v2\/types\/product"}],"replies":[{"embeddable":true,"href":"https:\/\/woolskins.eu\/pt\/wp-json\/wp\/v2\/comments?post=6710"}],"wp:featuredmedia":[{"embeddable":true,"href":"https:\/\/woolskins.eu\/pt\/wp-json\/wp\/v2\/media\/7908"}],"wp:attachment":[{"href":"https:\/\/woolskins.eu\/pt\/wp-json\/wp\/v2\/media?parent=6710"}],"wp:term":[{"taxonomy":"product_brand","embeddable":true,"href":"https:\/\/woolskins.eu\/pt\/wp-json\/wp\/v2\/product_brand?post=6710"},{"taxonomy":"product_cat","embeddable":true,"href":"https:\/\/woolskins.eu\/pt\/wp-json\/wp\/v2\/product_cat?post=6710"},{"taxonomy":"product_tag","embeddable":true,"href":"https:\/\/woolskins.eu\/pt\/wp-json\/wp\/v2\/product_tag?post=6710"}],"curies":[{"name":"wp","href":"https:\/\/api.w.org\/{rel}","templated":true}]}}