{"id":6615,"date":"2021-09-01T12:54:16","date_gmt":"2021-09-01T12:54:16","guid":{"rendered":"https:\/\/woolskins.eu\/vest-100-wol"},"modified":"2025-12-16T12:20:50","modified_gmt":"2025-12-16T12:20:50","slug":"casaco-de-la-100","status":"publish","type":"product","link":"https:\/\/woolskins.eu\/pt\/vest-100-wol\/","title":{"rendered":"Colete Alwero | Azul"},"content":{"rendered":"<p>Este casaco de l\u00e3 da Alwero cai suavemente e, uma vez vestido, sentir\u00e1 o conforto que a l\u00e3 tem para oferecer. Mantenha-se bem quente com este casaco de l\u00e3 da Alwero durante os dias mais frios.<\/p>\n<p>- Mistura de l\u00e3 (50% boucle de l\u00e3 \/ 50% acr\u00edlico)<br \/>\n- Este colete oferece um calor extra para os dias mais frios.<br \/>\n- A l\u00e3 isola-se bem.<\/p>","protected":false},"excerpt":{"rendered":"<p>Casaco de malha oversize para mulher com bolsos. Resta um em stock no tamanho XS\/S. Aperta com molas de press\u00e3o, atado na cintura. Comprimento acima do joelho.<\/p>","protected":false},"featured_media":10420,"comment_status":"closed","ping_status":"closed","template":"","meta":{"_acf_changed":false},"product_brand":[],"product_cat":[364,350,31,194],"product_tag":[],"class_list":{"0":"post-6615","1":"product","2":"type-product","3":"status-publish","4":"has-post-thumbnail","6":"product_cat-cadeaus-vanaf-e50","7":"product_cat-fashion","8":"product_cat-yogamat-wol","9":"product_cat-wollen-babyproducten","11":"first","12":"outofstock","13":"taxable","14":"shipping-taxable","15":"purchasable","16":"product-type-simple"},"acf":[],"_links":{"self":[{"href":"https:\/\/woolskins.eu\/pt\/wp-json\/wp\/v2\/product\/6615","targetHints":{"allow":["GET"]}}],"collection":[{"href":"https:\/\/woolskins.eu\/pt\/wp-json\/wp\/v2\/product"}],"about":[{"href":"https:\/\/woolskins.eu\/pt\/wp-json\/wp\/v2\/types\/product"}],"replies":[{"embeddable":true,"href":"https:\/\/woolskins.eu\/pt\/wp-json\/wp\/v2\/comments?post=6615"}],"wp:featuredmedia":[{"embeddable":true,"href":"https:\/\/woolskins.eu\/pt\/wp-json\/wp\/v2\/media\/10420"}],"wp:attachment":[{"href":"https:\/\/woolskins.eu\/pt\/wp-json\/wp\/v2\/media?parent=6615"}],"wp:term":[{"taxonomy":"product_brand","embeddable":true,"href":"https:\/\/woolskins.eu\/pt\/wp-json\/wp\/v2\/product_brand?post=6615"},{"taxonomy":"product_cat","embeddable":true,"href":"https:\/\/woolskins.eu\/pt\/wp-json\/wp\/v2\/product_cat?post=6615"},{"taxonomy":"product_tag","embeddable":true,"href":"https:\/\/woolskins.eu\/pt\/wp-json\/wp\/v2\/product_tag?post=6615"}],"curies":[{"name":"wp","href":"https:\/\/api.w.org\/{rel}","templated":true}]}}