{"id":6598,"date":"2021-09-01T12:54:16","date_gmt":"2021-09-01T12:54:16","guid":{"rendered":"https:\/\/woolskins.eu\/cadeaubon"},"modified":"2026-02-10T15:31:40","modified_gmt":"2026-02-10T15:31:40","slug":"vale-de-oferta","status":"publish","type":"product","link":"https:\/\/woolskins.eu\/pt\/cadeaubon\/","title":{"rendered":"Vale de oferta"},"content":{"rendered":"<p>Compra um vale de oferta f\u00edsico que pode ser enviado por correio para o endere\u00e7o da sua escolha (endere\u00e7o de entrega). Se quiser acrescentar uma mensagem pessoal ao seu vale de oferta, pode indic\u00e1-lo nas notas da encomenda durante o processo de finaliza\u00e7\u00e3o da compra. Temos vales de oferta de v\u00e1rios montantes, desde 25 euros a 200 euros.<\/p>","protected":false},"excerpt":{"rendered":"<p>Mime algu\u00e9m com um vale de oferta da Woolskins. Com este vale de oferta, ficar\u00e1 sempre bem visto!<\/p>","protected":false},"featured_media":28915,"comment_status":"closed","ping_status":"closed","template":"","meta":{"_acf_changed":false},"product_brand":[],"product_cat":[200,216,222,196,210,358,354],"product_tag":[],"class_list":{"0":"post-6598","1":"product","2":"type-product","3":"status-publish","4":"has-post-thumbnail","6":"product_cat-wollen-babykleding","7":"product_cat-schapenvacht-voor-baby","8":"product_cat-buggy-schapenvachtjes","9":"product_cat-slaapkleding-baby","10":"product_cat-wollen-voedingskussen","11":"product_cat-wollen-yogamat","12":"product_cat-woolskins","14":"first","15":"instock","16":"shipping-taxable","17":"purchasable","18":"product-type-variable"},"acf":[],"_links":{"self":[{"href":"https:\/\/woolskins.eu\/pt\/wp-json\/wp\/v2\/product\/6598","targetHints":{"allow":["GET"]}}],"collection":[{"href":"https:\/\/woolskins.eu\/pt\/wp-json\/wp\/v2\/product"}],"about":[{"href":"https:\/\/woolskins.eu\/pt\/wp-json\/wp\/v2\/types\/product"}],"replies":[{"embeddable":true,"href":"https:\/\/woolskins.eu\/pt\/wp-json\/wp\/v2\/comments?post=6598"}],"wp:featuredmedia":[{"embeddable":true,"href":"https:\/\/woolskins.eu\/pt\/wp-json\/wp\/v2\/media\/28915"}],"wp:attachment":[{"href":"https:\/\/woolskins.eu\/pt\/wp-json\/wp\/v2\/media?parent=6598"}],"wp:term":[{"taxonomy":"product_brand","embeddable":true,"href":"https:\/\/woolskins.eu\/pt\/wp-json\/wp\/v2\/product_brand?post=6598"},{"taxonomy":"product_cat","embeddable":true,"href":"https:\/\/woolskins.eu\/pt\/wp-json\/wp\/v2\/product_cat?post=6598"},{"taxonomy":"product_tag","embeddable":true,"href":"https:\/\/woolskins.eu\/pt\/wp-json\/wp\/v2\/product_tag?post=6598"}],"curies":[{"name":"wp","href":"https:\/\/api.w.org\/{rel}","templated":true}]}}