{"id":6580,"date":"2021-09-01T12:53:58","date_gmt":"2021-09-01T12:53:58","guid":{"rendered":"https:\/\/woolskins.eu\/eco-lamsvacht-comfort-voor-yoga-meditatie-dubbel-3-cm"},"modified":"2024-10-25T07:06:11","modified_gmt":"2024-10-25T07:06:11","slug":"pele-de-cordeiro-ecologica-conforto-para-ioga-meditacao-duplo-3-cm","status":"publish","type":"product","link":"https:\/\/woolskins.eu\/pt\/eco-lamsvacht-comfort-voor-yoga-meditatie-dubbel-3-cm\/","title":{"rendered":"Eco Lambskin Comfort para yoga e medita\u00e7\u00e3o | duplo 3 cm"},"content":{"rendered":"<p>Os nossos casacos de conforto WOOLSKINS s\u00e3o um produto europeu, ecol\u00f3gico e 100% natural.<\/p>\n<p>A l\u00e3 \u00e9 boa para a mente, a pele e o corpo. Tem um efeito din\u00e2mico e ajuda-o a si e \u00e0 sua fam\u00edlia a desfrutar da vida de forma saud\u00e1vel, relaxada e descansada.<\/p>\n<p>Temos duas vers\u00f5es dentro da nossa cole\u00e7\u00e3o, um casaco simples e um duplo onde se encaixa confortavelmente com todo o corpo. Uma prenda bonita, honesta e saud\u00e1vel!<\/p>\n<p>O tamanho do nosso casaco XL \u00e9 de +\/- 70 x 200 cm e tem um comprimento de casaco de +\/- 3 cm.<\/p>\n<p>Esta pele de borrego \u00e9 ideal para a pr\u00e1tica do ioga e da medita\u00e7\u00e3o. \u00c9 muito confort\u00e1vel e regula o calor e a humidade. H\u00e1 mesmo iogues que recomendam uma pele de carneiro, n\u00e3o s\u00f3 devido ao seu tamanho perfeito, mas tamb\u00e9m porque isola o seu pr\u00f3prio campo magn\u00e9tico (a sua aura) e bloqueia a radia\u00e7\u00e3o magn\u00e9tica da terra. Isto ajuda-o imenso no processo meditativo e mant\u00e9m o seu corpo equilibrado.<\/p>","protected":false},"excerpt":{"rendered":"<p>A l\u00e3 \u00e9 boa para a mente, a pele e o corpo. Tem um efeito din\u00e2mico e ajuda-o a si e \u00e0 sua fam\u00edlia a desfrutar da vida de forma saud\u00e1vel, relaxada e descansada.<\/p>","protected":false},"featured_media":5927,"comment_status":"closed","ping_status":"closed","template":"","meta":{"_acf_changed":false},"product_brand":[],"product_cat":[358],"product_tag":[],"class_list":{"0":"post-6580","1":"product","2":"type-product","3":"status-publish","4":"has-post-thumbnail","6":"product_cat-wollen-yogamat","8":"first","9":"outofstock","10":"taxable","11":"shipping-taxable","12":"purchasable","13":"product-type-simple"},"acf":[],"_links":{"self":[{"href":"https:\/\/woolskins.eu\/pt\/wp-json\/wp\/v2\/product\/6580","targetHints":{"allow":["GET"]}}],"collection":[{"href":"https:\/\/woolskins.eu\/pt\/wp-json\/wp\/v2\/product"}],"about":[{"href":"https:\/\/woolskins.eu\/pt\/wp-json\/wp\/v2\/types\/product"}],"replies":[{"embeddable":true,"href":"https:\/\/woolskins.eu\/pt\/wp-json\/wp\/v2\/comments?post=6580"}],"wp:featuredmedia":[{"embeddable":true,"href":"https:\/\/woolskins.eu\/pt\/wp-json\/wp\/v2\/media\/5927"}],"wp:attachment":[{"href":"https:\/\/woolskins.eu\/pt\/wp-json\/wp\/v2\/media?parent=6580"}],"wp:term":[{"taxonomy":"product_brand","embeddable":true,"href":"https:\/\/woolskins.eu\/pt\/wp-json\/wp\/v2\/product_brand?post=6580"},{"taxonomy":"product_cat","embeddable":true,"href":"https:\/\/woolskins.eu\/pt\/wp-json\/wp\/v2\/product_cat?post=6580"},{"taxonomy":"product_tag","embeddable":true,"href":"https:\/\/woolskins.eu\/pt\/wp-json\/wp\/v2\/product_tag?post=6580"}],"curies":[{"name":"wp","href":"https:\/\/api.w.org\/{rel}","templated":true}]}}