{"id":6577,"date":"2021-09-01T12:53:58","date_gmt":"2021-09-01T12:53:58","guid":{"rendered":"https:\/\/woolskins.eu\/wollen-yogamat-met-cocos-grijs"},"modified":"2024-12-05T20:57:45","modified_gmt":"2024-12-05T20:57:45","slug":"tapete-de-yoga-de-la-com-coco-cinzento","status":"publish","type":"product","link":"https:\/\/woolskins.eu\/pt\/wollen-yogamat-met-cocos-grijs\/","title":{"rendered":"Tapete de yoga de l\u00e3 com Cocos cinzento"},"content":{"rendered":"<p>Os nossos tapetes de yoga WOOLSKINS s\u00e3o ideais para a pr\u00e1tica de yoga e medita\u00e7\u00e3o. A l\u00e3 \u00e9 boa para a mente, a pele e o corpo. Depois de experimentar um tapete de ioga de l\u00e3, n\u00e3o vai querer outra coisa! Tem um efeito din\u00e2mico e ajuda-o a manter um corpo e uma mente saud\u00e1veis.<\/p>\n<p>- tamanho: 75 x 180 cm.<br \/>\n- Para utiliza\u00e7\u00e3o em est\u00fadios de ioga, salas de aula e em casa<br \/>\n- Camada superior: l\u00e3 virgem 100%. Parte inferior: Cocos (com mistura de l\u00e1tex para anti-derrapante)<br \/>\n- Boa ader\u00eancia em superf\u00edcies escorregadias.<br \/>\n- Continua a conter a gordura natural da l\u00e3 e \u00e9 auto-limpante.<br \/>\n- Alivia o calor e a humidade.<br \/>\n- Com um pr\u00e1tico saco de arruma\u00e7\u00e3o com al\u00e7a de transporte.<\/p>","protected":false},"excerpt":{"rendered":"<p>Quando se pratica ioga e medita\u00e7\u00e3o, um tapete de ioga de l\u00e3 \u00e9 muito \u00fatil. Isto porque os nossos s\u00e3o mais macios e mais confort\u00e1veis do que os tapetes de ioga normais. Isto torna-os ideais para a pr\u00e1tica da medita\u00e7\u00e3o e do ioga. Como a l\u00e3 \u00e9 boa para a mente, a pele e o corpo, um tapete de l\u00e3 para ioga tem um impacto positivo na pr\u00e1tica de ioga e medita\u00e7\u00e3o. Depois de escolher um tapete de l\u00e3 para yoga da WOOLSKINS, \u00e9 dif\u00edcil querer outra coisa.<\/p>\n<p><strong>Marca: Woolskins<\/strong><br \/>\n<strong>Produ\u00e7\u00e3o: Pol\u00f3nia<\/strong><\/p>","protected":false},"featured_media":9034,"comment_status":"closed","ping_status":"closed","template":"","meta":{"_acf_changed":false},"product_brand":[],"product_cat":[31,358],"product_tag":[],"class_list":{"0":"post-6577","1":"product","2":"type-product","3":"status-publish","4":"has-post-thumbnail","6":"product_cat-yogamat-wol","7":"product_cat-wollen-yogamat","9":"first","10":"outofstock","11":"taxable","12":"shipping-taxable","13":"purchasable","14":"product-type-simple"},"acf":[],"_links":{"self":[{"href":"https:\/\/woolskins.eu\/pt\/wp-json\/wp\/v2\/product\/6577","targetHints":{"allow":["GET"]}}],"collection":[{"href":"https:\/\/woolskins.eu\/pt\/wp-json\/wp\/v2\/product"}],"about":[{"href":"https:\/\/woolskins.eu\/pt\/wp-json\/wp\/v2\/types\/product"}],"replies":[{"embeddable":true,"href":"https:\/\/woolskins.eu\/pt\/wp-json\/wp\/v2\/comments?post=6577"}],"wp:featuredmedia":[{"embeddable":true,"href":"https:\/\/woolskins.eu\/pt\/wp-json\/wp\/v2\/media\/9034"}],"wp:attachment":[{"href":"https:\/\/woolskins.eu\/pt\/wp-json\/wp\/v2\/media?parent=6577"}],"wp:term":[{"taxonomy":"product_brand","embeddable":true,"href":"https:\/\/woolskins.eu\/pt\/wp-json\/wp\/v2\/product_brand?post=6577"},{"taxonomy":"product_cat","embeddable":true,"href":"https:\/\/woolskins.eu\/pt\/wp-json\/wp\/v2\/product_cat?post=6577"},{"taxonomy":"product_tag","embeddable":true,"href":"https:\/\/woolskins.eu\/pt\/wp-json\/wp\/v2\/product_tag?post=6577"}],"curies":[{"name":"wp","href":"https:\/\/api.w.org\/{rel}","templated":true}]}}