{"id":6563,"date":"2021-09-01T12:53:35","date_gmt":"2021-09-01T12:53:35","guid":{"rendered":"https:\/\/woolskins.eu\/meditatiedeken-100-wol-donkergrijs"},"modified":"2024-11-26T16:06:36","modified_gmt":"2024-11-26T16:06:36","slug":"manta-de-meditacao-100-la-cinzenta-escura","status":"publish","type":"product","link":"https:\/\/woolskins.eu\/pt\/meditatiedeken-100-wol-donkergrijs\/","title":{"rendered":"Cobertor de medita\u00e7\u00e3o 100% l\u00e3 Cinzento escuro"},"content":{"rendered":"<p>Estas mantas de medita\u00e7\u00e3o s\u00e3o adequadas para se manterem confortavelmente quentes durante a medita\u00e7\u00e3o ou a aten\u00e7\u00e3o plena e proporcionam uma sensa\u00e7\u00e3o de aconchego e seguran\u00e7a. \u00c9 tamb\u00e9m um \u00f3timo cobertor extra para colocar na cama ou no sof\u00e1. A l\u00e3 proporciona calor no inverno e a sua propriedade de ventila\u00e7\u00e3o torna-a \u00f3ptima tamb\u00e9m no ver\u00e3o. As propriedades reabilitativas e curativas da l\u00e3 s\u00e3o conhecidas h\u00e1 milhares de anos. A l\u00e3, um produto natural puro e seguro com s\u00e9culos de exist\u00eancia.<br \/>\n- 100% pura l\u00e3 virgem crua (Woolmark).<br \/>\n- Muito suave e confort\u00e1vel.<br \/>\n- Tamanho: 150 x 200 cm.<br \/>\n- Sem subst\u00e2ncias nocivas e tratamentos qu\u00edmicos.<br \/>\n- Produ\u00e7\u00e3o europeia.<br \/>\n- lav\u00e1vel num ciclo de lavagem com l\u00e3 a 30\u00b0C.<br \/>\nEste produto tem os r\u00f3tulos Safe for Children e Woolmark, entre outros, e combina bem com os nossos outros produtos.<\/p>","protected":false},"excerpt":{"rendered":"<p>Deze meditatiedekens zijn geschikt om tijdens\u00a0meditatie\u00a0of\u00a0mindfullness\u200b\u00a0comfortabel warm te blijven en geven een geborgen en veilig gevoel.\u00a0Daarnaast is het een heerlijke extra\u00a0deken voor op bed of voor op de bank.\u00a0Wol\u00a0zorgt voor warmte in de winter, en door de ventilerende eigenschap is het in de \u00a0zomer ook prima te gebruiken. De revalidatie en helende eigenschappen van wol [&hellip;]<\/p>\n","protected":false},"featured_media":5903,"comment_status":"closed","ping_status":"closed","template":"","meta":{"_acf_changed":false},"product_brand":[],"product_cat":[358],"product_tag":[],"class_list":{"0":"post-6563","1":"product","2":"type-product","3":"status-publish","4":"has-post-thumbnail","6":"product_cat-wollen-yogamat","8":"first","9":"outofstock","10":"taxable","11":"shipping-taxable","12":"purchasable","13":"product-type-simple"},"acf":[],"_links":{"self":[{"href":"https:\/\/woolskins.eu\/pt\/wp-json\/wp\/v2\/product\/6563","targetHints":{"allow":["GET"]}}],"collection":[{"href":"https:\/\/woolskins.eu\/pt\/wp-json\/wp\/v2\/product"}],"about":[{"href":"https:\/\/woolskins.eu\/pt\/wp-json\/wp\/v2\/types\/product"}],"replies":[{"embeddable":true,"href":"https:\/\/woolskins.eu\/pt\/wp-json\/wp\/v2\/comments?post=6563"}],"wp:featuredmedia":[{"embeddable":true,"href":"https:\/\/woolskins.eu\/pt\/wp-json\/wp\/v2\/media\/5903"}],"wp:attachment":[{"href":"https:\/\/woolskins.eu\/pt\/wp-json\/wp\/v2\/media?parent=6563"}],"wp:term":[{"taxonomy":"product_brand","embeddable":true,"href":"https:\/\/woolskins.eu\/pt\/wp-json\/wp\/v2\/product_brand?post=6563"},{"taxonomy":"product_cat","embeddable":true,"href":"https:\/\/woolskins.eu\/pt\/wp-json\/wp\/v2\/product_cat?post=6563"},{"taxonomy":"product_tag","embeddable":true,"href":"https:\/\/woolskins.eu\/pt\/wp-json\/wp\/v2\/product_tag?post=6563"}],"curies":[{"name":"wp","href":"https:\/\/api.w.org\/{rel}","templated":true}]}}