{"id":6543,"date":"2021-09-01T12:53:12","date_gmt":"2021-09-01T12:53:12","guid":{"rendered":"https:\/\/woolskins.eu\/baby-slofjes-emo-grijs"},"modified":"2026-05-15T13:59:26","modified_gmt":"2026-05-15T13:59:26","slug":"alwero-chinelos-emo-cinzento","status":"publish","type":"product","link":"https:\/\/woolskins.eu\/pt\/alwero-slofjes-emo-grijs\/","title":{"rendered":"Botas de l\u00e3 para beb\u00e9 Emo | Cinzento claro"},"content":{"rendered":"<p>As pantufas de l\u00e3 Woolskins est\u00e3o dispon\u00edveis em diferentes cores e tamanhos, para que possa encontrar sempre o melhor ajuste para o seu filho. Este produto tem os r\u00f3tulos Safe for Children e Woolmark, entre outros.<\/p>\n<p>- L\u00e3 virgem 100%, etiqueta Woolmark.<br \/>\n- Muito quente para estar em casa ou em viagem.<br \/>\n- Agrad\u00e1vel para usar do avesso.<br \/>\n- bot\u00e3o pr\u00e1tico para fechar as pantufas.<br \/>\n- Tamanho 0-6 meses (8cm) e 6-12 meses (12cm).<br \/>\n- Cores diferentes dispon\u00edveis.<\/p>\n<h5>Etiqueta de peles de l\u00e3<\/h5>\n<p>Ap\u00f3s anos de coopera\u00e7\u00e3o bem sucedida com a Alwero, temos o orgulho de anunciar que pass\u00e1mos a comercializar os nossos produtos sob a nossa pr\u00f3pria marca Woolskins.<\/p>\n<p>Desta forma, continua a obter a melhor qualidade, mas combinada com os produtos e designs mais bonitos e \u00fanicos.<\/p>\n<p>A qualidade dos tecidos e das cores continua a ser a mesma de sempre, s\u00f3 que agora existe uma maior escolha com a qual a Woolskins pensa poder distinguir-se.<\/p>\n<p>A nossa vasta cole\u00e7\u00e3o \u00e9 t\u00e3o igual que \u00e9 um excelente complemento para o enxoval de qualquer beb\u00e9, fabricada em l\u00e3 europeia 100% que respira e \u00e9 adequada para todas as esta\u00e7\u00f5es.<\/p>\n<p>Juntamos for\u00e7as com entusiasmo para criar um produto sustent\u00e1vel, natural e o mais confort\u00e1vel para o seu beb\u00e9.<\/p>","protected":false},"excerpt":{"rendered":"<p>As nossas confort\u00e1veis pantufas para beb\u00e9 s\u00e3o a escolha perfeita para manter os p\u00e9s dos mais pequenos maravilhosamente quentes. T\u00eam todas as boas qualidades da l\u00e3 ecol\u00f3gica 100% e adquirem imediatamente a temperatura da crian\u00e7a quando as cal\u00e7a. As pantufas de l\u00e3 para beb\u00e9 s\u00e3o tamb\u00e9m um presente muito giro e pr\u00e1tico para qualquer ocasi\u00e3o. Estas pantufas s\u00e3o igualmente agrad\u00e1veis de usar do avesso. O seu filho vai adorar estas pantufas de l\u00e3.<\/p>\n<p><strong>Marca: Woolskins<\/strong><br \/>\n<strong>Produto: Pol\u00f3nia<\/strong><\/p>","protected":false},"featured_media":17475,"comment_status":"closed","ping_status":"closed","template":"","meta":{"_acf_changed":false},"product_brand":[],"product_cat":[360,361,362,194,200,345,323],"product_tag":[],"class_list":{"0":"post-6543","1":"product","2":"type-product","3":"status-publish","4":"has-post-thumbnail","6":"product_cat-cadeautips","7":"product_cat-babyshower","8":"product_cat-cadeaus-tot-e-25","9":"product_cat-wollen-babyproducten","10":"product_cat-wollen-babykleding","11":"product_cat-accessoires","12":"product_cat-slofjes","13":"pa_maat-0-6-maanden-9cm","14":"pa_maat-6-12-maanden11cm","16":"first","17":"instock","18":"taxable","19":"shipping-taxable","20":"purchasable","21":"product-type-variable"},"acf":[],"_links":{"self":[{"href":"https:\/\/woolskins.eu\/pt\/wp-json\/wp\/v2\/product\/6543","targetHints":{"allow":["GET"]}}],"collection":[{"href":"https:\/\/woolskins.eu\/pt\/wp-json\/wp\/v2\/product"}],"about":[{"href":"https:\/\/woolskins.eu\/pt\/wp-json\/wp\/v2\/types\/product"}],"replies":[{"embeddable":true,"href":"https:\/\/woolskins.eu\/pt\/wp-json\/wp\/v2\/comments?post=6543"}],"wp:featuredmedia":[{"embeddable":true,"href":"https:\/\/woolskins.eu\/pt\/wp-json\/wp\/v2\/media\/17475"}],"wp:attachment":[{"href":"https:\/\/woolskins.eu\/pt\/wp-json\/wp\/v2\/media?parent=6543"}],"wp:term":[{"taxonomy":"product_brand","embeddable":true,"href":"https:\/\/woolskins.eu\/pt\/wp-json\/wp\/v2\/product_brand?post=6543"},{"taxonomy":"product_cat","embeddable":true,"href":"https:\/\/woolskins.eu\/pt\/wp-json\/wp\/v2\/product_cat?post=6543"},{"taxonomy":"product_tag","embeddable":true,"href":"https:\/\/woolskins.eu\/pt\/wp-json\/wp\/v2\/product_tag?post=6543"}],"curies":[{"name":"wp","href":"https:\/\/api.w.org\/{rel}","templated":true}]}}