{"id":6527,"date":"2021-09-01T12:53:12","date_gmt":"2021-09-01T12:53:12","guid":{"rendered":"https:\/\/woolskins.eu\/baby-mutsje-wol-zijde-grijs"},"modified":"2025-12-07T15:58:28","modified_gmt":"2025-12-07T15:58:28","slug":"gorro-de-la-e-seda-para-bebe-cinzento","status":"publish","type":"product","link":"https:\/\/woolskins.eu\/pt\/baby-mutsje-wol-zijde-grijs\/","title":{"rendered":"Engel Natur Babymuts L\u00e3\/Seda | Cinzento"},"content":{"rendered":"<p>Este gorro super macio para o seu beb\u00e9 \u00e9 feito de uma mistura de l\u00e3 org\u00e2nica e seda. T\u00eam um toque luxuoso e s\u00e3o extremamente confort\u00e1veis para o seu beb\u00e9. Tem dois cord\u00f5es que facilitam o n\u00f3 do gorro.<\/p>\n<p>A l\u00e3 regula a temperatura do corpo e mant\u00e9m a crian\u00e7a seca e confort\u00e1vel. A l\u00e3 virgem Merino \u00e9 extremamente fina e, por isso, n\u00e3o d\u00e1 comich\u00e3o. Gra\u00e7as \u00e0 lanolina que se encontra naturalmente na l\u00e3, \u00e9 resistente \u00e0 sujidade e \u00e0 \u00e1gua.<\/p>\n<p>Uma vez que a lanolina \u00e9 tamb\u00e9m anti-bacteriana, a lavagem n\u00e3o \u00e9 frequentemente necess\u00e1ria. A simples exposi\u00e7\u00e3o ao ar livre \u00e9 muitas vezes suficiente.<\/p>\n<p>- Maravilhosamente suave<br \/>\n- \u00c9 muito leve e agrad\u00e1vel e quente<br \/>\n- A l\u00e3 \u00e9 respir\u00e1vel<br \/>\n- Ajuda o beb\u00e9 a regular a temperatura<\/p>\n<p>S\u00e3o biol\u00f3gicos e n\u00e3o cont\u00eam metais pesados nem corantes AZO nocivos. Certificado GOTS.<\/p>\n<h5>Anjo<\/h5>\n<p>A empresa familiar fabrica roupa interior e vestu\u00e1rio h\u00e1 85 anos. Em 1982, iniciou-se uma aposta exemplar e consistente nos t\u00eaxteis naturais com a transforma\u00e7\u00e3o do algod\u00e3o natural.<\/p>\n<p>Atualmente, a nossa cole\u00e7\u00e3o inclui roupas especialmente concebidas para beb\u00e9s prematuros.<\/p>\n<p>Para al\u00e9m do algod\u00e3o de agricultura biol\u00f3gica controlada (kbA), processamos a melhor l\u00e3 merino de agricultura biol\u00f3gica controlada (kbT) e l\u00e3 virgem merino natural (kbT) com seda. Todos os corantes utilizados s\u00e3o isentos de metais pesados e sempre foram isentos de corantes AZO nocivos. Para colorir os t\u00eaxteis de l\u00e3, utilizamos apenas corantes reactivos que s\u00e3o particularmente est\u00e1veis com a fibra e que se caracterizam por uma elevada genuinidade. No que diz respeito ao acabamento dos t\u00eaxteis, n\u00e3o utilizamos acabamentos qu\u00edmicos.<\/p>\n<p>Em princ\u00edpio, todos os materiais utilizados devem ser biodegrad\u00e1veis e n\u00e3o devem poluir o solo, o ar ou a \u00e1gua. Todas as pe\u00e7as met\u00e1licas utilizadas s\u00e3o isentas de n\u00edquel, os nossos bot\u00f5es s\u00e3o fabricados a partir de mat\u00e9rias-primas naturais e renov\u00e1veis. Para garantir o nosso elevado padr\u00e3o de qualidade, s\u00e3o estabelecidos requisitos correspondentes para a resist\u00eancia \u00e0 luz, resist\u00eancia \u00e0 saliva, resist\u00eancia \u00e0 transpira\u00e7\u00e3o, resist\u00eancia \u00e0 lavagem e encolhimento.<\/p>\n<p>Estas propriedades, juntamente com os limites de res\u00edduos para os riscos ambientais e para a sa\u00fade, s\u00e3o regularmente examinadas por laborat\u00f3rios e institutos ambientais independentes e certificados.<\/p>","protected":false},"excerpt":{"rendered":"<p>Este gorro super macio para o seu beb\u00e9 \u00e9 feito de uma mistura de l\u00e3 org\u00e2nica e seda. Tem dois cord\u00f5es que facilitam o n\u00f3 do gorro.<\/p>","protected":false},"featured_media":5858,"comment_status":"closed","ping_status":"closed","template":"","meta":{"_acf_changed":false},"product_brand":[],"product_cat":[345,361,360,362,248,200,346],"product_tag":[],"class_list":{"0":"post-6527","1":"product","2":"type-product","3":"status-publish","4":"has-post-thumbnail","6":"product_cat-accessoires","7":"product_cat-babyshower","8":"product_cat-cadeautips","9":"product_cat-cadeaus-tot-e-25","10":"product_cat-engel_natur","11":"product_cat-wollen-babykleding","12":"product_cat-mutsjesensjaaltjes","13":"pa_maat-50-56","14":"pa_maat-62-68","16":"first","17":"instock","18":"taxable","19":"shipping-taxable","20":"purchasable","21":"product-type-variable"},"acf":[],"_links":{"self":[{"href":"https:\/\/woolskins.eu\/pt\/wp-json\/wp\/v2\/product\/6527","targetHints":{"allow":["GET"]}}],"collection":[{"href":"https:\/\/woolskins.eu\/pt\/wp-json\/wp\/v2\/product"}],"about":[{"href":"https:\/\/woolskins.eu\/pt\/wp-json\/wp\/v2\/types\/product"}],"replies":[{"embeddable":true,"href":"https:\/\/woolskins.eu\/pt\/wp-json\/wp\/v2\/comments?post=6527"}],"wp:featuredmedia":[{"embeddable":true,"href":"https:\/\/woolskins.eu\/pt\/wp-json\/wp\/v2\/media\/5858"}],"wp:attachment":[{"href":"https:\/\/woolskins.eu\/pt\/wp-json\/wp\/v2\/media?parent=6527"}],"wp:term":[{"taxonomy":"product_brand","embeddable":true,"href":"https:\/\/woolskins.eu\/pt\/wp-json\/wp\/v2\/product_brand?post=6527"},{"taxonomy":"product_cat","embeddable":true,"href":"https:\/\/woolskins.eu\/pt\/wp-json\/wp\/v2\/product_cat?post=6527"},{"taxonomy":"product_tag","embeddable":true,"href":"https:\/\/woolskins.eu\/pt\/wp-json\/wp\/v2\/product_tag?post=6527"}],"curies":[{"name":"wp","href":"https:\/\/api.w.org\/{rel}","templated":true}]}}