{"id":6499,"date":"2021-09-01T12:52:50","date_gmt":"2021-09-01T12:52:50","guid":{"rendered":"https:\/\/woolskins.eu\/slaap-overall-wol-zijde-ecru"},"modified":"2025-02-06T14:03:43","modified_gmt":"2025-02-06T14:03:43","slug":"macacao-de-dormir-la-seda-cru","status":"publish","type":"product","link":"https:\/\/woolskins.eu\/pt\/slaap-overall-wol-zijde-ecru\/","title":{"rendered":"Engel Natur Sleep coverall l\u00e3\/seda Ecru"},"content":{"rendered":"<p>Este pijama\/casaco super macio para o seu beb\u00e9 \u00e9 feito de uma mistura de l\u00e3 org\u00e2nica e seda. T\u00eam um toque luxuoso e s\u00e3o extremamente confort\u00e1veis para o seu beb\u00e9. Tem bot\u00f5es de press\u00e3o na parte superior do pesco\u00e7o e das pernas, o que facilita a coloca\u00e7\u00e3o, a remo\u00e7\u00e3o e a mudan\u00e7a.<\/p>\n<p>A l\u00e3 regula a temperatura do corpo e mant\u00e9m o seu beb\u00e9 seco e confort\u00e1vel. Esta mistura de l\u00e3 e seda \u00e9 extremamente macia e, por isso, n\u00e3o d\u00e1 comich\u00e3o. Gra\u00e7as \u00e0 lanolina que se encontra naturalmente na l\u00e3, \u00e9 resistente \u00e0 sujidade e \u00e0 \u00e1gua.<\/p>\n<p>Uma vez que a lanolina \u00e9 tamb\u00e9m anti-bacteriana, a lavagem n\u00e3o \u00e9 frequentemente necess\u00e1ria. A simples exposi\u00e7\u00e3o ao ar livre \u00e9 muitas vezes suficiente.<\/p>\n<p>- Maravilhosamente suave<br \/>\n- GOTS (Global Organic Textile Standard), IVN Best<br \/>\n- \u00c9 muito leve e agrad\u00e1vel e quente<br \/>\n- A l\u00e3 \u00e9 respir\u00e1vel<br \/>\n- Ajuda o beb\u00e9 a regular a temperatura<br \/>\n- Ideal para o parque infantil ou como pijama.<\/p>\n<p>S\u00e3o biol\u00f3gicos e est\u00e3o isentos de metais pesados e de corantes AZO nocivos. Certificado GOTS.<\/p>\n<h5>Anjo<\/h5>\n<p>A empresa familiar fabrica roupa interior e vestu\u00e1rio h\u00e1 85 anos. Em 1982, iniciou-se uma aposta exemplar e consistente nos t\u00eaxteis naturais com a transforma\u00e7\u00e3o do algod\u00e3o natural.<\/p>\n<p>Atualmente, a nossa cole\u00e7\u00e3o inclui roupas especialmente concebidas para beb\u00e9s prematuros.<\/p>\n<p>Para al\u00e9m do algod\u00e3o de agricultura biol\u00f3gica controlada (kbA), processamos a melhor l\u00e3 merino de agricultura biol\u00f3gica controlada (kbT) e l\u00e3 virgem merino natural (kbT) com seda. Todos os corantes utilizados s\u00e3o isentos de metais pesados e sempre foram isentos de corantes AZO nocivos. Para colorir os t\u00eaxteis de l\u00e3, utilizamos apenas corantes reactivos que s\u00e3o particularmente est\u00e1veis com a fibra e que se caracterizam por uma elevada genuinidade. No que diz respeito ao acabamento dos t\u00eaxteis, n\u00e3o utilizamos acabamentos qu\u00edmicos.<\/p>\n<p>Em princ\u00edpio, todos os materiais utilizados devem ser biodegrad\u00e1veis e n\u00e3o devem poluir o solo, o ar ou a \u00e1gua. Todas as pe\u00e7as met\u00e1licas utilizadas s\u00e3o isentas de n\u00edquel, os nossos bot\u00f5es s\u00e3o fabricados a partir de mat\u00e9rias-primas naturais e renov\u00e1veis. Para garantir o nosso elevado padr\u00e3o de qualidade, s\u00e3o estabelecidos requisitos correspondentes para a resist\u00eancia \u00e0 luz, resist\u00eancia \u00e0 saliva, resist\u00eancia \u00e0 transpira\u00e7\u00e3o, resist\u00eancia \u00e0 lavagem e encolhimento.<\/p>\n<p>Estas propriedades, juntamente com os limites de res\u00edduos para os riscos ambientais e para a sa\u00fade, s\u00e3o regularmente examinadas por laborat\u00f3rios e institutos ambientais independentes e certificados.<\/p>","protected":false},"excerpt":{"rendered":"<p>Este pijama\/casaco super macio para o seu beb\u00e9 \u00e9 feito de uma mistura de l\u00e3\/seda org\u00e2nica. Tem bot\u00f5es de press\u00e3o na parte superior do pesco\u00e7o e nas pernas, o que facilita a coloca\u00e7\u00e3o, a retirada e a mudan\u00e7a.<\/p>","protected":false},"featured_media":5823,"comment_status":"closed","ping_status":"closed","template":"","meta":{"_acf_changed":false},"product_brand":[],"product_cat":[361,360,363,248,200,344,319],"product_tag":[],"class_list":{"0":"post-6499","1":"product","2":"type-product","3":"status-publish","4":"has-post-thumbnail","6":"product_cat-babyshower","7":"product_cat-cadeautips","8":"product_cat-cadeaus-e25-e50","9":"product_cat-engel_natur","10":"product_cat-wollen-babykleding","11":"product_cat-kleertjes","12":"product_cat-pakjes-en-jasjes","13":"pa_maat-50-56","14":"pa_maat-62-68","16":"first","17":"outofstock","18":"taxable","19":"shipping-taxable","20":"purchasable","21":"product-type-variable"},"acf":[],"_links":{"self":[{"href":"https:\/\/woolskins.eu\/pt\/wp-json\/wp\/v2\/product\/6499","targetHints":{"allow":["GET"]}}],"collection":[{"href":"https:\/\/woolskins.eu\/pt\/wp-json\/wp\/v2\/product"}],"about":[{"href":"https:\/\/woolskins.eu\/pt\/wp-json\/wp\/v2\/types\/product"}],"replies":[{"embeddable":true,"href":"https:\/\/woolskins.eu\/pt\/wp-json\/wp\/v2\/comments?post=6499"}],"wp:featuredmedia":[{"embeddable":true,"href":"https:\/\/woolskins.eu\/pt\/wp-json\/wp\/v2\/media\/5823"}],"wp:attachment":[{"href":"https:\/\/woolskins.eu\/pt\/wp-json\/wp\/v2\/media?parent=6499"}],"wp:term":[{"taxonomy":"product_brand","embeddable":true,"href":"https:\/\/woolskins.eu\/pt\/wp-json\/wp\/v2\/product_brand?post=6499"},{"taxonomy":"product_cat","embeddable":true,"href":"https:\/\/woolskins.eu\/pt\/wp-json\/wp\/v2\/product_cat?post=6499"},{"taxonomy":"product_tag","embeddable":true,"href":"https:\/\/woolskins.eu\/pt\/wp-json\/wp\/v2\/product_tag?post=6499"}],"curies":[{"name":"wp","href":"https:\/\/api.w.org\/{rel}","templated":true}]}}