{"id":6407,"date":"2021-09-01T12:51:30","date_gmt":"2021-09-01T12:51:30","guid":{"rendered":"https:\/\/woolskins.eu\/baby-slaapzak-lammy-ecru"},"modified":"2026-05-06T12:31:49","modified_gmt":"2026-05-06T12:31:49","slug":"alwero-saco-cama-lammy-ecru","status":"publish","type":"product","link":"https:\/\/woolskins.eu\/pt\/alwero-slaapzak-lammy-ecru\/","title":{"rendered":"Saco de dormir de l\u00e3 para beb\u00e9 - Thumbled | Ecru"},"content":{"rendered":"<p>Os bot\u00f5es de press\u00e3o duplos tornam o tamanho do pesco\u00e7o ajust\u00e1vel e tem um fecho de correr comprido que facilita a abertura de todo o saco de dormir.<\/p>\n<p>- 100% l\u00e3 virgem Thumbled com certifica\u00e7\u00e3o Woolmark.<br \/>\n- Textura suave, macia e Teddy Plush.<br \/>\n- Boas propriedades t\u00e9rmicas.<br \/>\n- Para casa e em viagem.<br \/>\n- Tamanho: 0\/6 meses 67 cm, 6\/12 meses 82 cm.<br \/>\n- Produ\u00e7\u00e3o europeia.<br \/>\n- lav\u00e1vel num ciclo de lavagem com l\u00e3 a 30\u00b0C.<\/p>\n<p>Os nossos sacos-cama Eco Wool s\u00e3o \u00f3ptimos para os mais pequenos, gra\u00e7as \u00e0s propriedades naturais das fibras de l\u00e3. Estas respiram e t\u00eam a capacidade de atuar como um term\u00f3stato natural que regula a temperatura do corpo? Isto ajuda o seu beb\u00e9 a manter uma temperatura est\u00e1vel e mant\u00e9m-no seco e confort\u00e1vel. F\u00e1-lo de forma \u2018din\u00e2mica\u2019, ou seja, quando \u00e9 necess\u00e1rio, e n\u00e3o quando n\u00e3o \u00e9.<\/p>\n<p>Este produto tem os r\u00f3tulos Safe for Children e Woolmark, entre outros.<\/p>\n<h5>Etiqueta de peles de l\u00e3<\/h5>\n<p>Ap\u00f3s anos de coopera\u00e7\u00e3o bem sucedida com a Alwero, temos o orgulho de anunciar que pass\u00e1mos a comercializar os nossos produtos sob a nossa pr\u00f3pria marca Woolskins.<\/p>\n<p>Desta forma, continua a obter a melhor qualidade, mas combinada com os produtos e designs mais bonitos e \u00fanicos.<\/p>\n<p>A qualidade dos tecidos e das cores continua a ser a mesma de sempre, s\u00f3 que agora existe uma maior escolha com a qual a Woolskins pensa poder distinguir-se.<\/p>\n<p>A nossa vasta cole\u00e7\u00e3o \u00e9 t\u00e3o igual que \u00e9 um excelente complemento para o enxoval de qualquer beb\u00e9, fabricada em l\u00e3 europeia 100% que respira e \u00e9 adequada para todas as esta\u00e7\u00f5es.<\/p>\n<p>Juntamos for\u00e7as com entusiasmo para criar um produto sustent\u00e1vel, natural e o mais confort\u00e1vel poss\u00edvel para o seu filho<\/p>","protected":false},"excerpt":{"rendered":"<p>Se procura um saco-cama confort\u00e1vel e quente para o seu beb\u00e9, a l\u00e3 \u00e9 uma excelente escolha. De facto, a l\u00e3 tem muitas vantagens que ajudar\u00e3o o seu beb\u00e9 a dormir bem, em todas as esta\u00e7\u00f5es do ano.<\/p>\n<p>O nosso saco-cama leve de l\u00e3 ecol\u00f3gica para beb\u00e9 \u00e9 respir\u00e1vel e tem a capacidade de agir como um term\u00f3stato natural que regula a temperatura do corpo, ajudando o seu beb\u00e9 a descansar e a dormir profundamente. Este saco de dormir \u00e9 muito adequado para beb\u00e9s gra\u00e7as aos bot\u00f5es de press\u00e3o duplos que permitem aumentar ou diminuir a abertura do pesco\u00e7o. O fecho de correr comprido abre todo o saco de dormir para facilitar a mudan\u00e7a. O saco-cama de l\u00e3 ajuda o beb\u00e9 a manter uma temperatura est\u00e1vel e mant\u00e9m-no seco e confort\u00e1vel. F\u00e1-lo \u2018dinamicamente\u2019, ou seja, quando \u00e9 necess\u00e1rio, e n\u00e3o quando n\u00e3o \u00e9. Assim, estes sacos-cama de l\u00e3 s\u00e3o quentes no inverno e frescos no ver\u00e3o.<\/p>\n<p><strong>Marca: Woolskins<\/strong><br \/>\n<strong>Produ\u00e7\u00e3o: Pol\u00f3nia<\/strong><\/p>","protected":false},"featured_media":5699,"comment_status":"closed","ping_status":"closed","template":"","meta":{"_acf_changed":false},"product_brand":[],"product_cat":[361,360,364,196,370,194],"product_tag":[],"class_list":{"0":"post-6407","1":"product","2":"type-product","3":"status-publish","4":"has-post-thumbnail","6":"product_cat-babyshower","7":"product_cat-cadeautips","8":"product_cat-cadeaus-vanaf-e50","9":"product_cat-slaapkleding-baby","10":"product_cat-slaapzakken","11":"product_cat-wollen-babyproducten","12":"pa_maat-0-6-maanden","13":"pa_maat-6-12-maanden","15":"first","16":"outofstock","17":"taxable","18":"shipping-taxable","19":"purchasable","20":"product-type-variable"},"acf":[],"_links":{"self":[{"href":"https:\/\/woolskins.eu\/pt\/wp-json\/wp\/v2\/product\/6407","targetHints":{"allow":["GET"]}}],"collection":[{"href":"https:\/\/woolskins.eu\/pt\/wp-json\/wp\/v2\/product"}],"about":[{"href":"https:\/\/woolskins.eu\/pt\/wp-json\/wp\/v2\/types\/product"}],"replies":[{"embeddable":true,"href":"https:\/\/woolskins.eu\/pt\/wp-json\/wp\/v2\/comments?post=6407"}],"wp:featuredmedia":[{"embeddable":true,"href":"https:\/\/woolskins.eu\/pt\/wp-json\/wp\/v2\/media\/5699"}],"wp:attachment":[{"href":"https:\/\/woolskins.eu\/pt\/wp-json\/wp\/v2\/media?parent=6407"}],"wp:term":[{"taxonomy":"product_brand","embeddable":true,"href":"https:\/\/woolskins.eu\/pt\/wp-json\/wp\/v2\/product_brand?post=6407"},{"taxonomy":"product_cat","embeddable":true,"href":"https:\/\/woolskins.eu\/pt\/wp-json\/wp\/v2\/product_cat?post=6407"},{"taxonomy":"product_tag","embeddable":true,"href":"https:\/\/woolskins.eu\/pt\/wp-json\/wp\/v2\/product_tag?post=6407"}],"curies":[{"name":"wp","href":"https:\/\/api.w.org\/{rel}","templated":true}]}}