{"id":6385,"date":"2021-09-01T12:51:15","date_gmt":"2021-09-01T12:51:15","guid":{"rendered":"https:\/\/woolskins.eu\/babysjaaltje-lammy-camel"},"modified":"2026-04-09T13:10:01","modified_gmt":"2026-04-09T13:10:01","slug":"cachecol-de-bebe-lammy-camel","status":"publish","type":"product","link":"https:\/\/woolskins.eu\/pt\/babysjaaltje-lammy-camel\/","title":{"rendered":"Cachecol de l\u00e3 para beb\u00e9 Thumbled | camel"},"content":{"rendered":"<p>Com este cachecol de l\u00e3 para beb\u00e9 da Woolskins, o seu filho n\u00e3o s\u00f3 ficar\u00e1 muito bonito, como tamb\u00e9m se manter\u00e1 bem quentinho durante os dias frios de inverno. Um presente perfeito para qualquer pai que goste de qualidade e estilo! O produto tem as etiquetas Safe for Children e Woolmark, entre outras.<\/p>\n<p>- L\u00e3 virgem 100%, etiqueta Woolmark.<br \/>\n- Muito quente para viajar.<br \/>\n- Fecho c\u00f3modo com bot\u00f5es de press\u00e3o.<br \/>\n- Cores diferentes dispon\u00edveis.<\/p>\n<h5>Etiqueta de peles de l\u00e3<\/h5>\n<p>Ap\u00f3s anos de coopera\u00e7\u00e3o bem sucedida com a Alwero, temos o orgulho de anunciar que pass\u00e1mos a comercializar os nossos produtos sob a nossa pr\u00f3pria marca Woolskins.<\/p>\n<p>Desta forma, continua a obter a melhor qualidade, mas combinada com os produtos e designs mais bonitos e \u00fanicos.<\/p>\n<p>A qualidade dos tecidos e das cores continua a ser a mesma de sempre, s\u00f3 que agora existe uma maior escolha com a qual a Woolskins pensa poder distinguir-se.<\/p>\n<p>A nossa vasta cole\u00e7\u00e3o \u00e9 t\u00e3o igual que \u00e9 um excelente complemento para o enxoval de qualquer beb\u00e9, fabricada em l\u00e3 europeia 100% que respira e \u00e9 adequada para todas as esta\u00e7\u00f5es.<\/p>\n<p>Juntamos for\u00e7as com entusiasmo para criar um produto sustent\u00e1vel, natural e o mais confort\u00e1vel para o seu beb\u00e9.<\/p>","protected":false},"excerpt":{"rendered":"<p>Um cachecol de l\u00e3 para beb\u00e9 \u00e9 um must-have para os dias mais frios. Mant\u00e9m os mais pequenos bem aquecidos e tem um aspeto muito giro! Este cachecol para beb\u00e9 da Woolskins \u00e9 feito de l\u00e3 de alta qualidade e est\u00e1 dispon\u00edvel em quatro cores. Combina perfeitamente com outros produtos de l\u00e3 da Woolskins, como um aquecedor de corpo de l\u00e3 ou chinelos.<\/p>\n<p>Este cachecol n\u00e3o \u00e9 apenas funcional, mas tamb\u00e9m elegante. Tem um pr\u00e1tico fecho de press\u00e3o, o que o torna f\u00e1cil de colocar. Al\u00e9m disso, o cachecol \u00e9 agrad\u00e1vel, macio e confort\u00e1vel para a pele sens\u00edvel do seu beb\u00e9.<\/p>\n<p><strong>Marca: Woolskins<\/strong><br \/>\n<strong>Produ\u00e7\u00e3o: Pol\u00f3nia<\/strong><\/p>","protected":false},"featured_media":17479,"comment_status":"closed","ping_status":"closed","template":"","meta":{"_acf_changed":false},"product_brand":[],"product_cat":[345,361,360,362,200,346,194],"product_tag":[],"class_list":{"0":"post-6385","1":"product","2":"type-product","3":"status-publish","4":"has-post-thumbnail","6":"product_cat-accessoires","7":"product_cat-babyshower","8":"product_cat-cadeautips","9":"product_cat-cadeaus-tot-e-25","10":"product_cat-wollen-babykleding","11":"product_cat-mutsjesensjaaltjes","12":"product_cat-wollen-babyproducten","14":"first","15":"instock","16":"taxable","17":"shipping-taxable","18":"purchasable","19":"product-type-simple"},"acf":[],"_links":{"self":[{"href":"https:\/\/woolskins.eu\/pt\/wp-json\/wp\/v2\/product\/6385","targetHints":{"allow":["GET"]}}],"collection":[{"href":"https:\/\/woolskins.eu\/pt\/wp-json\/wp\/v2\/product"}],"about":[{"href":"https:\/\/woolskins.eu\/pt\/wp-json\/wp\/v2\/types\/product"}],"replies":[{"embeddable":true,"href":"https:\/\/woolskins.eu\/pt\/wp-json\/wp\/v2\/comments?post=6385"}],"wp:featuredmedia":[{"embeddable":true,"href":"https:\/\/woolskins.eu\/pt\/wp-json\/wp\/v2\/media\/17479"}],"wp:attachment":[{"href":"https:\/\/woolskins.eu\/pt\/wp-json\/wp\/v2\/media?parent=6385"}],"wp:term":[{"taxonomy":"product_brand","embeddable":true,"href":"https:\/\/woolskins.eu\/pt\/wp-json\/wp\/v2\/product_brand?post=6385"},{"taxonomy":"product_cat","embeddable":true,"href":"https:\/\/woolskins.eu\/pt\/wp-json\/wp\/v2\/product_cat?post=6385"},{"taxonomy":"product_tag","embeddable":true,"href":"https:\/\/woolskins.eu\/pt\/wp-json\/wp\/v2\/product_tag?post=6385"}],"curies":[{"name":"wp","href":"https:\/\/api.w.org\/{rel}","templated":true}]}}