{"id":6358,"date":"2021-09-01T12:50:56","date_gmt":"2021-09-01T12:50:56","guid":{"rendered":"https:\/\/woolskins.eu\/alwero-voetenzak-wol-dekentje"},"modified":"2026-03-05T13:51:30","modified_gmt":"2026-03-05T13:51:30","slug":"manta-de-la-alwero-footmuff","status":"publish","type":"product","link":"https:\/\/woolskins.eu\/pt\/alwero-voetenzak-wol-dekentje\/","title":{"rendered":"Saco de l\u00e3 para os p\u00e9s - Saco de dormir para carrinho de beb\u00e9 | Bakigo ecru"},"content":{"rendered":"<p>Os nossos protectores de p\u00e9s Eco Wool para buggy e Maxi-Cosi s\u00e3o \u00f3ptimos para os mais pequenos gra\u00e7as \u00e0s propriedades naturais das fibras de l\u00e3. Estas respiram e t\u00eam a capacidade de atuar como um term\u00f3stato natural que regula a temperatura do corpo? Isto ajuda o seu beb\u00e9 a manter uma temperatura est\u00e1vel e mant\u00e9m-no seco e confort\u00e1vel. Este produto tem os r\u00f3tulos Safe for Children e Woolmark, entre outros.<\/p>\n<p>- 5 cm mais comprido, o que torna a sua utiliza\u00e7\u00e3o mais longa.<br \/>\n- L\u00e3 virgem 100%, etiqueta Woolmark.<br \/>\n- Para casa e em viagem.<br \/>\n- Aberturas para os cintos de seguran\u00e7a (5 pontos).<br \/>\n- comprimento 90cm x largura 45cm.<br \/>\n- lav\u00e1vel num ciclo de lavagem com l\u00e3 a 30\u00b0C.<\/p>\n<h5>Etiqueta de peles de l\u00e3<\/h5>\n<p>Ap\u00f3s anos de coopera\u00e7\u00e3o bem sucedida com a Alwero, temos o orgulho de anunciar que pass\u00e1mos a comercializar os nossos produtos sob a nossa pr\u00f3pria marca Woolskins.<\/p>\n<p>Desta forma, continua a obter a melhor qualidade, mas combinada com os produtos e designs mais bonitos e \u00fanicos.<\/p>\n<p>A qualidade dos tecidos e das cores continua a ser a mesma de sempre, s\u00f3 que agora existe uma maior escolha com a qual a Woolskins pensa poder distinguir-se.<\/p>\n<p>A nossa vasta cole\u00e7\u00e3o \u00e9 t\u00e3o igual que \u00e9 um excelente complemento para o enxoval de qualquer beb\u00e9, fabricada em l\u00e3 europeia 100% que respira e \u00e9 adequada para todas as esta\u00e7\u00f5es.<\/p>\n<p>Juntamos for\u00e7as com entusiasmo para criar um produto sustent\u00e1vel, natural e o mais confort\u00e1vel para o seu beb\u00e9.<\/p>","protected":false},"excerpt":{"rendered":"<p>Aconchegue-se com o seu filho com este quente protetor para os p\u00e9s de l\u00e3 da Woolskins para carrinhos de beb\u00e9 e carrinhos de beb\u00e9. A Woolskins aumentou o comprimento deste protetor para os p\u00e9s em 5 cm, para que possa ser utilizado durante mais tempo, e tamb\u00e9m tem uma abertura extra grande para a corneta de seguran\u00e7a. Perfeito para o carrinho de beb\u00e9 e pertence a todos os kits de beb\u00e9. A l\u00e3 absorve instantaneamente a temperatura do seu filho e mant\u00e9m-na sem o fazer suar. Gra\u00e7as \u00e0s boas qualidades da l\u00e3, o seu filho estar\u00e1 quente e confort\u00e1vel. O saco para os p\u00e9s Woolskins Bakigo pode ser utilizado durante todo o ano, mas \u00e9 melhor utilizado na primavera, no inverno e no outono. Pode ter a certeza de que o seu filho ficar\u00e1 bem quentinho com o saco para os p\u00e9s Woolskins.<\/p>\n<p><strong>Marca: Woolskins<\/strong><br \/>\n<strong>Produ\u00e7\u00e3o: Pol\u00f3nia<\/strong><\/p>","protected":false},"featured_media":17506,"comment_status":"closed","ping_status":"closed","template":"","meta":{"_acf_changed":false},"product_brand":[],"product_cat":[361,360,364,196,336,194],"product_tag":[],"class_list":{"0":"post-6358","1":"product","2":"type-product","3":"status-publish","4":"has-post-thumbnail","6":"product_cat-babyshower","7":"product_cat-cadeautips","8":"product_cat-cadeaus-vanaf-e50","9":"product_cat-slaapkleding-baby","10":"product_cat-voetenzakken","11":"product_cat-wollen-babyproducten","13":"first","14":"instock","15":"taxable","16":"shipping-taxable","17":"purchasable","18":"product-type-simple"},"acf":[],"_links":{"self":[{"href":"https:\/\/woolskins.eu\/pt\/wp-json\/wp\/v2\/product\/6358","targetHints":{"allow":["GET"]}}],"collection":[{"href":"https:\/\/woolskins.eu\/pt\/wp-json\/wp\/v2\/product"}],"about":[{"href":"https:\/\/woolskins.eu\/pt\/wp-json\/wp\/v2\/types\/product"}],"replies":[{"embeddable":true,"href":"https:\/\/woolskins.eu\/pt\/wp-json\/wp\/v2\/comments?post=6358"}],"wp:featuredmedia":[{"embeddable":true,"href":"https:\/\/woolskins.eu\/pt\/wp-json\/wp\/v2\/media\/17506"}],"wp:attachment":[{"href":"https:\/\/woolskins.eu\/pt\/wp-json\/wp\/v2\/media?parent=6358"}],"wp:term":[{"taxonomy":"product_brand","embeddable":true,"href":"https:\/\/woolskins.eu\/pt\/wp-json\/wp\/v2\/product_brand?post=6358"},{"taxonomy":"product_cat","embeddable":true,"href":"https:\/\/woolskins.eu\/pt\/wp-json\/wp\/v2\/product_cat?post=6358"},{"taxonomy":"product_tag","embeddable":true,"href":"https:\/\/woolskins.eu\/pt\/wp-json\/wp\/v2\/product_tag?post=6358"}],"curies":[{"name":"wp","href":"https:\/\/api.w.org\/{rel}","templated":true}]}}