{"id":6357,"date":"2021-09-01T12:50:56","date_gmt":"2021-09-01T12:50:56","guid":{"rendered":"https:\/\/woolskins.eu\/weer-windbalsem-lanoline-40ml-lanacare"},"modified":"2026-05-04T14:51:24","modified_gmt":"2026-05-04T14:51:24","slug":"weather-wind-balm-lanolina-40ml-lanacare","status":"publish","type":"product","link":"https:\/\/woolskins.eu\/pt\/weer-windbalsem-lanoline-40ml-lanacare\/","title":{"rendered":"LANACare B\u00e1lsamo de Lanolina - Para Beb\u00e9, M\u00e3e e Pele Sens\u00edvel (40 ml)"},"content":{"rendered":"<p data-start=\"482\" data-end=\"790\">LANACare Lanolin Balm \u00e9 um creme de cuidado natural e vers\u00e1til \u00e0 base de lanolina hipoalerg\u00e9nica 100%. Adequado tanto para beb\u00e9s como para m\u00e3es, este b\u00e1lsamo proporciona uma prote\u00e7\u00e3o eficaz e restaura a pele sens\u00edvel - desde bochechas gretadas a mamilos doridos durante a amamenta\u00e7\u00e3o.<\/p>\n<p data-start=\"792\" data-end=\"1153\">Este b\u00e1lsamo rico forma uma fina camada antibacteriana natural que protege a pele sem a selar. Ideal em tempo frio e inclemente, bem como para assaduras, manchas secas ou pele gretada. A lanolina ajuda o processo natural de cicatriza\u00e7\u00e3o de feridas e apoia uma barreira cut\u00e2nea saud\u00e1vel, tanto em beb\u00e9s como em adultos.<\/p>\n<p data-start=\"1155\" data-end=\"1418\">Para as m\u00e3es que amamentam, o b\u00e1lsamo acalma e cura os mamilos secos, doridos ou gretados. Gra\u00e7as \u00e0 seguran\u00e7a dos ingredientes, o b\u00e1lsamo n\u00e3o precisa de ser retirado antes da amamenta\u00e7\u00e3o - completamente seguro para a m\u00e3e e para o beb\u00e9.<\/p>\n<p data-start=\"1420\" data-end=\"1744\">O b\u00e1lsamo LANACare cont\u00e9m apenas ingredientes biol\u00f3gicos e amigos da pele: lanolina pura e triglic\u00e9ridos de qualidade alimentar. Sem perfume, corantes ou conservantes. A sua textura suave torna o b\u00e1lsamo f\u00e1cil de aplicar e \u00e9 bem absorvido sem deixar uma sensa\u00e7\u00e3o gordurosa.<\/p>\n<p data-start=\"1746\" data-end=\"2031\"><strong>Adequado para:<\/strong><br data-start=\"1762\" data-end=\"1765\" \/>- Prote\u00e7\u00e3o da pele do beb\u00e9 (por exemplo, em caso de frio ou vento)<br data-start=\"1818\" data-end=\"1821\" \/>- Suaviza\u00e7\u00e3o das zonas gretadas, secas ou sens\u00edveis<br data-start=\"1874\" data-end=\"1877\" \/>- Tratamento da assadura da fralda<br data-start=\"1911\" data-end=\"1914\" \/>- Cuidados com a tetina durante a amamenta\u00e7\u00e3o<br data-start=\"1962\" data-end=\"1965\" \/>- Utiliza\u00e7\u00e3o por adultos com pele seca ou sens\u00edvel a problemas<\/p>\n<p data-start=\"2033\" data-end=\"2241\">Este creme de lanolina tem o r\u00f3tulo A do Conselho Dinamarqu\u00eas do Consumidor, o que garante que n\u00e3o cont\u00e9m qu\u00edmicos problem\u00e1ticos. Uma escolha segura para uso di\u00e1rio - desde o primeiro dia.<\/p>\n<h5 class=\"font_2\">Hist\u00f3ria da LANACare<\/h5>\n<p>A LANACare foi fundada pela enfermeira dinamarquesa Jeannette Almstr\u00f8m na Dinamarca em 1990. Como m\u00e3e de tr\u00eas filhos, Jeannette Almstr\u00f8m desenvolveu uma gama de produtos para m\u00e3es e beb\u00e9s em l\u00e3 merino pura e org\u00e2nica. O seu passado como enfermeira e a sua forma\u00e7\u00e3o profissional em t\u00eaxteis e design provaram ser uma combina\u00e7\u00e3o perfeita de compet\u00eancias. Cada artigo da LANACare foi concebido para promover a sa\u00fade e o bem-estar da m\u00e3e e do beb\u00e9, proporcionando o conforto calmante e o calor respir\u00e1vel que s\u00f3 a l\u00e3 pura pode proporcionar.<\/p>\n<p><span class=\"wixGuard\">\u200b<\/span>Atualmente, todas as actividades da LANACare s\u00e3o geridas pela pr\u00f3pria Jeannette Almtr\u00f8m, que \u00e9 apaixonada por encontrar materiais novos e sustent\u00e1veis para utilizar em novos produtos que n\u00e3o s\u00f3 promovam a sa\u00fade de um indiv\u00edduo, mas tamb\u00e9m a da nossa M\u00e3e Terra.<\/p>\n<p><span class=\"wixGuard\">\u200b<\/span>Ao longo dos anos, os volumes de produ\u00e7\u00e3o e distribui\u00e7\u00e3o da LANACare desenvolveram-se enormemente. Os produtos s\u00e3o atualmente vendidos em 28 pa\u00edses em todo o mundo.<\/p>\n<p>&nbsp;<\/p>","protected":false},"excerpt":{"rendered":"<h3 data-start=\"171\" data-end=\"244\"><strong data-start=\"175\" data-end=\"242\">LANACare B\u00e1lsamo de Lanolina - 100% Natural &amp; Vers\u00e1til (40 ml)<\/strong><\/h3>\n<p data-start=\"245\" data-end=\"751\">Um b\u00e1lsamo rico e hipoalerg\u00e9nico \u00e0 base de lanolina pura, adequado tanto para beb\u00e9s como para m\u00e3es.<br data-start=\"337\" data-end=\"340\" \/>Protege a pele sens\u00edvel no tempo frio, acalma as assaduras das fraldas e ajuda nas zonas secas ou gretadas.<br data-start=\"452\" data-end=\"455\" \/>Tamb\u00e9m \u00e9 ideal para m\u00e3es com mamilos doridos durante a amamenta\u00e7\u00e3o - seguro, antibacteriano e n\u00e3o precisa de ser removido antes da amamenta\u00e7\u00e3o.<br data-start=\"601\" data-end=\"604\" \/>Sem perfume nem conservantes.<\/p>\n<p data-start=\"245\" data-end=\"751\">Para beb\u00e9, m\u00e3e e pele sens\u00edvel<br data-start=\"712\" data-end=\"715\" \/>R\u00f3tulo A do Conselho Dinamarqu\u00eas do Consumidor<\/p>\n<p data-start=\"245\" data-end=\"751\"><strong>Marca: Lanacare<\/strong><br \/>\n<strong>Produ\u00e7\u00e3o: Litu\u00e2nia<\/strong><\/p>","protected":false},"featured_media":5624,"comment_status":"closed","ping_status":"closed","template":"","meta":{"_acf_changed":false},"product_brand":[],"product_cat":[349,360,362,353,225],"product_tag":[],"class_list":{"0":"post-6357","1":"product","2":"type-product","3":"status-publish","4":"has-post-thumbnail","6":"product_cat-borstvoedingenvoedingskussens","7":"product_cat-cadeautips","8":"product_cat-cadeaus-tot-e-25","9":"product_cat-lanacare","10":"product_cat-tepelzalf-zoogcompressen","12":"first","13":"instock","14":"taxable","15":"shipping-taxable","16":"purchasable","17":"product-type-simple"},"acf":[],"_links":{"self":[{"href":"https:\/\/woolskins.eu\/pt\/wp-json\/wp\/v2\/product\/6357","targetHints":{"allow":["GET"]}}],"collection":[{"href":"https:\/\/woolskins.eu\/pt\/wp-json\/wp\/v2\/product"}],"about":[{"href":"https:\/\/woolskins.eu\/pt\/wp-json\/wp\/v2\/types\/product"}],"replies":[{"embeddable":true,"href":"https:\/\/woolskins.eu\/pt\/wp-json\/wp\/v2\/comments?post=6357"}],"wp:featuredmedia":[{"embeddable":true,"href":"https:\/\/woolskins.eu\/pt\/wp-json\/wp\/v2\/media\/5624"}],"wp:attachment":[{"href":"https:\/\/woolskins.eu\/pt\/wp-json\/wp\/v2\/media?parent=6357"}],"wp:term":[{"taxonomy":"product_brand","embeddable":true,"href":"https:\/\/woolskins.eu\/pt\/wp-json\/wp\/v2\/product_brand?post=6357"},{"taxonomy":"product_cat","embeddable":true,"href":"https:\/\/woolskins.eu\/pt\/wp-json\/wp\/v2\/product_cat?post=6357"},{"taxonomy":"product_tag","embeddable":true,"href":"https:\/\/woolskins.eu\/pt\/wp-json\/wp\/v2\/product_tag?post=6357"}],"curies":[{"name":"wp","href":"https:\/\/api.w.org\/{rel}","templated":true}]}}