{"id":6221,"date":"2021-09-01T12:48:54","date_gmt":"2021-09-01T12:48:54","guid":{"rendered":"https:\/\/woolskins.eu\/eco-baby-care-merino"},"modified":"2026-05-13T10:38:22","modified_gmt":"2026-05-13T10:38:22","slug":"pele-de-carneiro-para-bebe-cuidados-ecologicos-para-bebes-merino","status":"publish","type":"product","link":"https:\/\/woolskins.eu\/pt\/schapenvacht-voor-baby-eco-baby-care-merino\/","title":{"rendered":"Pele de carneiro para beb\u00e9 - Merino Extra Fino (Medicinal)"},"content":{"rendered":"<p><strong>Descri\u00e7\u00e3o<\/strong><\/p>\n<p>As peles de carneiro Woolskins Baby-Care para beb\u00e9 t\u00eam um pelo mais curto, o que as torna \u00e0 prova de beb\u00e9. S\u00e3o adequadas desde o nascimento e, como o seu processamento tem em conta o ambiente, protegem tanto os mais pequenos como o planeta. Em casa ou em viagem, crie um ambiente confort\u00e1vel onde o seu filho se sinta feliz e descontra\u00eddo. Sabia que uma pele de carneiro tamb\u00e9m \u00e9 saud\u00e1vel para o seu filho?<\/p>\n<p>- Comprimento 90-100cm \/ pelo 3cm.<br \/>\n- Curtido medicinalmente.<br \/>\n- Pelagem extra macia e compacta.<br \/>\n- Lav\u00e1vel e sec\u00e1vel na m\u00e1quina.<br \/>\n- F\u00e1cil de manter.<\/p>\n<p>Encomende uma escova de manuten\u00e7\u00e3o para manter o seu pelo bonito durante muito tempo e\/ou personalize o seu pelo com o seu presente de nascimento ou o do seu filho. Um presente bonito e \u00fanico, dispon\u00edvel exclusivamente na Woolskins. Embalagem standard \u2018pronta a oferecer\u2019 com nota pessoal.<\/p>\n<p><strong>Propriedades da pele de carneiro merino<\/strong><\/p>\n<p>A l\u00e3\/pelo Merino \u00e9 conhecida pelos p\u00ealos mais finos da ovelha Merino e, por isso, \u00e9 ligeiramente mais macia na pele. Os p\u00ealos s\u00e3o mais finos e mais densos, o que torna o pelo mais compacto. Tal como todas as outras l\u00e3s, as fibras de l\u00e3 respiram. Isto ajuda o seu beb\u00e9 a manter uma temperatura est\u00e1vel e mant\u00e9m-no seco e confort\u00e1vel. Fresco no ver\u00e3o e quente no inverno.<\/p>\n<p><strong>Amigo do ambiente<\/strong><\/p>\n<p>Todos os agentes utilizados no curtimento e acabamento cumprem as diretivas essenciais da UE relativas \u00e0 preserva\u00e7\u00e3o e prote\u00e7\u00e3o do ambiente.<\/p>\n<p>A nossa pele de carneiro para beb\u00e9 \u00e9 curtida de acordo com os regulamentos REACH adoptados para melhorar a prote\u00e7\u00e3o da sa\u00fade humana e do ambiente contra os riscos que os produtos qu\u00edmicos podem representar, aumentando simultaneamente a competitividade da ind\u00fastria qu\u00edmica da UE. N\u00e3o s\u00e3o utilizados corantes AZO na produ\u00e7\u00e3o.<\/p>\n<p>PRODUTOS ECO - as peles s\u00e3o peles de ovelha ecol\u00f3gicas, o seu processamento e tratamento s\u00e3o seguros para adultos e crian\u00e7as. As peles s\u00e3o biodegrad\u00e1veis, org\u00e2nicas.<\/p>\n<p>A Woolskins n\u00e3o vende peles de ovelhas que tenham sido submetidas a Mulesing! O Mulesing n\u00e3o \u00e9 utilizado em ovelhas europeias porque o parasita que leva os agricultores a utilizarem o Mulesing n\u00e3o se encontra na Europa.<\/p>\n<p><strong>Quem dorme de barriga para baixo... tome nota!<\/strong><\/p>\n<p>Os beb\u00e9s que dormem de barriga para baixo nos primeiros 12 meses n\u00e3o devem dormir em cima de nada macio por raz\u00f5es de seguran\u00e7a, pois pode ser perigoso. Por isso, recomendamos que a pele de carneiro Woolskins para beb\u00e9 seja utilizada de forma sensata! Preste sempre aten\u00e7\u00e3o quando o seu filho estiver deitado ou a dormir de barriga para baixo e certifique-se de que ele est\u00e1 sempre sob vigil\u00e2ncia.<\/p>","protected":false},"excerpt":{"rendered":"<p><strong>Pele de carneiro macia e natural para beb\u00e9s - Woolskins<br \/>\n<\/strong><br \/>\nD\u00ea ao seu beb\u00e9 o melhor com esta manta de pele de carneiro europeia de alta qualidade da Woolskins. Perfeito como uma superf\u00edcie macia e confort\u00e1vel no ber\u00e7o, no parque infantil ou no ch\u00e3o. O velo \u00e9 feito de l\u00e3 macia e natural que regula a temperatura e protege a pele sens\u00edvel do seu beb\u00e9. Tamb\u00e9m tem um efeito calmante, fazendo com que o seu beb\u00e9 se sinta relaxado durante as brincadeiras ou nos momentos de descanso. Dur\u00e1vel e de f\u00e1cil manuten\u00e7\u00e3o, para que possa desfrutar dele durante muito tempo. Para mais informa\u00e7\u00f5es, consulte as informa\u00e7\u00f5es sobre o produto abaixo.<\/p>\n<p><strong>Marca: Woolskins<\/strong><br \/>\n<strong>Pa\u00eds: Pol\u00f3nia<\/strong><\/p>","protected":false},"featured_media":10531,"comment_status":"open","ping_status":"closed","template":"","meta":{"_acf_changed":false},"product_brand":[],"product_cat":[354,216],"product_tag":[503],"class_list":{"0":"post-6221","1":"product","2":"type-product","3":"status-publish","4":"has-post-thumbnail","6":"product_cat-woolskins","7":"product_cat-schapenvacht-voor-baby","8":"product_tag-schapenvacht-vor-baby","10":"first","11":"instock","12":"sale","13":"taxable","14":"shipping-taxable","15":"purchasable","16":"product-type-variable","17":"has-default-attributes"},"acf":[],"_links":{"self":[{"href":"https:\/\/woolskins.eu\/pt\/wp-json\/wp\/v2\/product\/6221","targetHints":{"allow":["GET"]}}],"collection":[{"href":"https:\/\/woolskins.eu\/pt\/wp-json\/wp\/v2\/product"}],"about":[{"href":"https:\/\/woolskins.eu\/pt\/wp-json\/wp\/v2\/types\/product"}],"replies":[{"embeddable":true,"href":"https:\/\/woolskins.eu\/pt\/wp-json\/wp\/v2\/comments?post=6221"}],"wp:featuredmedia":[{"embeddable":true,"href":"https:\/\/woolskins.eu\/pt\/wp-json\/wp\/v2\/media\/10531"}],"wp:attachment":[{"href":"https:\/\/woolskins.eu\/pt\/wp-json\/wp\/v2\/media?parent=6221"}],"wp:term":[{"taxonomy":"product_brand","embeddable":true,"href":"https:\/\/woolskins.eu\/pt\/wp-json\/wp\/v2\/product_brand?post=6221"},{"taxonomy":"product_cat","embeddable":true,"href":"https:\/\/woolskins.eu\/pt\/wp-json\/wp\/v2\/product_cat?post=6221"},{"taxonomy":"product_tag","embeddable":true,"href":"https:\/\/woolskins.eu\/pt\/wp-json\/wp\/v2\/product_tag?post=6221"}],"curies":[{"name":"wp","href":"https:\/\/api.w.org\/{rel}","templated":true}]}}