{"id":30284,"date":"2026-04-17T14:35:15","date_gmt":"2026-04-17T14:35:15","guid":{"rendered":"https:\/\/woolskins.eu\/?post_type=product&#038;p=30284"},"modified":"2026-04-17T14:41:41","modified_gmt":"2026-04-17T14:41:41","slug":"wollen-wikkeldeken-capuchondeken-hazelnoot","status":"publish","type":"product","link":"https:\/\/woolskins.eu\/pt\/wollen-wikkeldeken-capuchondeken-hazelnoot\/","title":{"rendered":"Wollen Wikkeldeken &#8211; Capuchondeken voor Baby | Felted Hazelnoot"},"content":{"rendered":"<p>O seu beb\u00e9 vai dormir e sonhar com este confort\u00e1vel cobertor de l\u00e3 com capuz da nossa cole\u00e7\u00e3o \u2018Felted\u2019. Este cobertor com capuz cai suavemente e \u00e9 muito macio. T\u00eam um aspeto bonito e luxuoso e s\u00e3o extremamente confort\u00e1veis. O cobertor \u00e9 feito de l\u00e3 100% e regista imediatamente a temperatura do seu filho. Tamb\u00e9m pode utiliz\u00e1-lo para envolver ou alimentar o seu filho confortavelmente, ou lev\u00e1-lo consigo em viagem para manter o seu filho \u00e0 temperatura correta.<\/p>\n<p>- L\u00e3 virgem 100% Feltrada com certifica\u00e7\u00e3o Woolmark.<br \/>\n- Estrutura suave, macia e compacta<br \/>\n- Boas propriedades t\u00e9rmicas<br \/>\n- Para casa e em viagem.<br \/>\n- Tamanho: 80 x 80 cm.<br \/>\n- Produ\u00e7\u00e3o europeia.<br \/>\n- Lav\u00e1vel num ciclo de lavagem de l\u00e3 a 30\u00b0C.<br \/>\n- Exclusivamente dispon\u00edvel na Woolskins<\/p>\n<p>As fibras de l\u00e3 respiram e t\u00eam a capacidade de atuar como um term\u00f3stato natural que regula a temperatura do corpo? Isto ajuda o seu beb\u00e9 a manter uma temperatura est\u00e1vel e mant\u00e9m-no seco e confort\u00e1vel. F\u00e1-lo \u2018dinamicamente\u2019, o que significa que acontece quando \u00e9 necess\u00e1rio e n\u00e3o quando n\u00e3o \u00e9. Quente no inverno e fresco no ver\u00e3o.<\/p>\n<p>Este produto tem os r\u00f3tulos Safe for Children e Woolmark, entre outros.<\/p>\n<div id=\"product-7026\" class=\"product type-product post-7026 status-publish first instock product_cat-babyshower product_cat-cadeaus-e25-e50 product_cat-cadeautips product_cat-alwero product_cat-slaapkleding-baby product_cat-babydeken product_cat-best-verkocht has-post-thumbnail taxable shipping-taxable purchasable product-type-variable ct-ajax-add-to-cart thumbs-bottom sticky-summary ct-default-gallery\">\n<div class=\"woocommerce-tabs wc-tabs-wrapper\" data-type=\"type-1:center\">\n<article>\n<div id=\"tab-description\" class=\"woocommerce-Tabs-panel woocommerce-Tabs-panel--description panel entry-content wc-tab\" role=\"tabpanel\" aria-labelledby=\"tab-title-description\">\n<h5>Etiqueta de peles de l\u00e3<\/h5>\n<p>Ap\u00f3s anos de coopera\u00e7\u00e3o bem sucedida com a Alwero, temos o orgulho de anunciar que pass\u00e1mos a comercializar os nossos produtos sob a nossa pr\u00f3pria marca Woolskins.<\/p>\n<p>Desta forma, continua a obter a melhor qualidade, mas combinada com os produtos e designs mais bonitos e \u00fanicos.<\/p>\n<p>A qualidade dos tecidos e das cores continua a ser a mesma de sempre, s\u00f3 que agora existe uma maior escolha com a qual a Woolskins pensa poder distinguir-se.<\/p>\n<p>A nossa vasta cole\u00e7\u00e3o \u00e9 t\u00e3o igual que \u00e9 um excelente complemento para o enxoval de qualquer beb\u00e9, fabricada em l\u00e3 europeia 100% que respira e \u00e9 adequada para todas as esta\u00e7\u00f5es.<\/p>\n<p>Juntamos for\u00e7as com entusiasmo para criar um produto sustent\u00e1vel, natural e o mais confort\u00e1vel para o seu beb\u00e9.<\/p>\n<\/div>\n<\/article>\n<\/div>\n<\/div>","protected":false},"excerpt":{"rendered":"<p>Este cobertor de l\u00e3 \u2018Felted\u2019 com capuz \u00e9 um produto quente e confort\u00e1vel, adequado para todas as esta\u00e7\u00f5es. \u00c9 feito de l\u00e3 macia e natural, que isola bem, respira e cai suavemente. O cobertor tem um capuz que mant\u00e9m a cabe\u00e7a maravilhosamente quente. \u00c9 um produto vers\u00e1til e pr\u00e1tico, adequado tanto para utiliza\u00e7\u00e3o no interior como no exterior. Um cobertor de l\u00e3 com capuz \u00e9 um verdadeiro \u2018must have\u2019 para o enxoval de qualquer beb\u00e9, mas \u00e9 tamb\u00e9m um excelente presente para oferecer a algu\u00e9m. Est\u00e1 dispon\u00edvel em diferentes tecidos de l\u00e3 e cores, pelo que pode sempre encontrar um cobertor que lhe agrade. O cobertor \u00e9 feito de l\u00e3 100% e mede imediatamente a temperatura do seu filho. Tamb\u00e9m pode utiliz\u00e1-lo para embalar ou alimentar o seu filho confortavelmente, ou lev\u00e1-lo facilmente consigo em viagem para manter o seu filho \u00e0 temperatura correta.<\/p>\n<p><strong>Marca: Woolskins<\/strong><br \/>\n<strong>Produ\u00e7\u00e3o: Pol\u00f3nia<\/strong><\/p>","protected":false},"featured_media":30287,"comment_status":"closed","ping_status":"closed","template":"","meta":{"_acf_changed":false},"product_brand":[],"product_cat":[361,360,364,499,196,321,194],"product_tag":[],"class_list":{"0":"post-30284","1":"product","2":"type-product","3":"status-publish","4":"has-post-thumbnail","6":"product_cat-babyshower","7":"product_cat-cadeautips","8":"product_cat-cadeaus-vanaf-e50","9":"product_cat-new-arrivals","10":"product_cat-slaapkleding-baby","11":"product_cat-wikkeldekens","12":"product_cat-wollen-babyproducten","14":"first","15":"instock","16":"taxable","17":"shipping-taxable","18":"purchasable","19":"product-type-simple"},"acf":[],"_links":{"self":[{"href":"https:\/\/woolskins.eu\/pt\/wp-json\/wp\/v2\/product\/30284","targetHints":{"allow":["GET"]}}],"collection":[{"href":"https:\/\/woolskins.eu\/pt\/wp-json\/wp\/v2\/product"}],"about":[{"href":"https:\/\/woolskins.eu\/pt\/wp-json\/wp\/v2\/types\/product"}],"replies":[{"embeddable":true,"href":"https:\/\/woolskins.eu\/pt\/wp-json\/wp\/v2\/comments?post=30284"}],"wp:featuredmedia":[{"embeddable":true,"href":"https:\/\/woolskins.eu\/pt\/wp-json\/wp\/v2\/media\/30287"}],"wp:attachment":[{"href":"https:\/\/woolskins.eu\/pt\/wp-json\/wp\/v2\/media?parent=30284"}],"wp:term":[{"taxonomy":"product_brand","embeddable":true,"href":"https:\/\/woolskins.eu\/pt\/wp-json\/wp\/v2\/product_brand?post=30284"},{"taxonomy":"product_cat","embeddable":true,"href":"https:\/\/woolskins.eu\/pt\/wp-json\/wp\/v2\/product_cat?post=30284"},{"taxonomy":"product_tag","embeddable":true,"href":"https:\/\/woolskins.eu\/pt\/wp-json\/wp\/v2\/product_tag?post=30284"}],"curies":[{"name":"wp","href":"https:\/\/api.w.org\/{rel}","templated":true}]}}