{"id":30157,"date":"2026-04-04T10:37:35","date_gmt":"2026-04-04T10:37:35","guid":{"rendered":"https:\/\/woolskins.eu\/?post_type=product&#038;p=30157"},"modified":"2026-04-04T10:42:16","modified_gmt":"2026-04-04T10:42:16","slug":"a-basic-brand-babysjaaltje-rib-brown","status":"publish","type":"product","link":"https:\/\/woolskins.eu\/pt\/a-basic-brand-babysjaaltje-rib-brown\/","title":{"rendered":"A Basic Brand &#8211; Babysjaaltje Rib | Brown"},"content":{"rendered":"<p>Cachecol em algod\u00e3o canelado. Complemento perfeito para o nosso gorro em canelado. Dispon\u00edvel num tamanho universal para se adaptar a todos.<\/p>\n<p>STANDARD 100 da OEKO-TEX\u00ae<\/p>\n<p>UM TAMANHO (0 - 3 meses - comprimento da palmilha - 10 cm)<\/p>\n<h5>Uma marca para beb\u00e9s<\/h5>\n<p>Descubra um guarda-roupa verdadeiramente minimalista, cheio de objectos essenciais pr\u00e1ticos. Misture e combine os nossos modelos e cores unissexo.  Sem log\u00f3tipo, sem estampado, sem confus\u00e3o.<\/p>\n<p>A nossa miss\u00e3o \u00e9 tornar a sua vida mais f\u00e1cil, pelo que uma das ideias principais por detr\u00e1s da nossa filosofia \u00e9 a PR\u00c1TICA. Tamb\u00e9m nos preocupamos muito com o nosso planeta e desejamos que toda a gente viva uma vida mais minimalista e, por conseguinte, use menos roupa (#CONSUMEWISELY).<\/p>\n<p>Por conseguinte, a qualidade dos nossos produtos \u00e9 a mais elevada poss\u00edvel. Pode us\u00e1-los durante anos e pass\u00e1-los adiante quando terminar. Utilizamos tecidos de alta qualidade com certificado de algod\u00e3o org\u00e2nico GOTS e STANDARD 100 da OEKO-TEX\u00ae. Todos os nossos produtos podem ser lavados na m\u00e1quina e secados na m\u00e1quina quantas vezes quiser. Ir\u00e1 descobrir que a nossa l\u00e3 de algod\u00e3o nem precisa de ser passada a ferro para ficar com bom aspeto.<\/p>","protected":false},"excerpt":{"rendered":"<p data-start=\"44\" data-end=\"345\">Zachte en stijlvolle katoenen rib sjaal voor baby\u2019s, perfect te combineren met de bijpassende ribbeanie. Deze baby sjaal van katoen is ademend, comfortabel en ideaal voor dagelijks gebruik. Dankzij de one size pasvorm (0\u20133 maanden) sluit hij mooi aan en biedt hij warmte zonder te knellen.<\/p>\n<p data-start=\"347\" data-end=\"563\">Gemaakt van 97% katoen en 3% elastaan en voorzien van het OEKO-TEX\u00ae STANDARD 100 keurmerk \u2013 veilig voor de gevoelige babyhuid. Een praktische en duurzame toevoeging aan een minimalistische baby garderobe.<\/p>\n<p data-start=\"347\" data-end=\"563\"><strong>Marca: A Basic Brand<\/strong><br \/>\n<strong>Pa\u00eds: Pol\u00f3nia<\/strong><\/p>","protected":false},"featured_media":30154,"comment_status":"open","ping_status":"closed","template":"","meta":{"_acf_changed":false},"product_brand":[],"product_cat":[360,335,361,362,529,535],"product_tag":[],"class_list":{"0":"post-30157","1":"product","2":"type-product","3":"status-publish","4":"has-post-thumbnail","6":"product_cat-cadeautips","7":"product_cat-a_baby_brand","8":"product_cat-babyshower","9":"product_cat-cadeaus-tot-e-25","10":"product_cat-katoenen-babykleertjes","11":"product_cat-katoenen-babymuts-babysjaaltjes","13":"first","14":"instock","15":"taxable","16":"shipping-taxable","17":"purchasable","18":"product-type-simple"},"acf":[],"_links":{"self":[{"href":"https:\/\/woolskins.eu\/pt\/wp-json\/wp\/v2\/product\/30157","targetHints":{"allow":["GET"]}}],"collection":[{"href":"https:\/\/woolskins.eu\/pt\/wp-json\/wp\/v2\/product"}],"about":[{"href":"https:\/\/woolskins.eu\/pt\/wp-json\/wp\/v2\/types\/product"}],"replies":[{"embeddable":true,"href":"https:\/\/woolskins.eu\/pt\/wp-json\/wp\/v2\/comments?post=30157"}],"wp:featuredmedia":[{"embeddable":true,"href":"https:\/\/woolskins.eu\/pt\/wp-json\/wp\/v2\/media\/30154"}],"wp:attachment":[{"href":"https:\/\/woolskins.eu\/pt\/wp-json\/wp\/v2\/media?parent=30157"}],"wp:term":[{"taxonomy":"product_brand","embeddable":true,"href":"https:\/\/woolskins.eu\/pt\/wp-json\/wp\/v2\/product_brand?post=30157"},{"taxonomy":"product_cat","embeddable":true,"href":"https:\/\/woolskins.eu\/pt\/wp-json\/wp\/v2\/product_cat?post=30157"},{"taxonomy":"product_tag","embeddable":true,"href":"https:\/\/woolskins.eu\/pt\/wp-json\/wp\/v2\/product_tag?post=30157"}],"curies":[{"name":"wp","href":"https:\/\/api.w.org\/{rel}","templated":true}]}}