{"id":30151,"date":"2026-04-04T09:18:15","date_gmt":"2026-04-04T09:18:15","guid":{"rendered":"https:\/\/woolskins.eu\/?post_type=product&#038;p=30151"},"modified":"2026-04-04T10:09:24","modified_gmt":"2026-04-04T10:09:24","slug":"a-basic-brand-babymuts-rib-beanie-brown","status":"publish","type":"product","link":"https:\/\/woolskins.eu\/pt\/a-basic-brand-babymuts-rib-beanie-brown\/","title":{"rendered":"A Basic Brand &#8211; Babymuts Rib Beanie | Brown"},"content":{"rendered":"<p>Gorro em algod\u00e3o canelado. Um gorro informal e um complemento perfeito para o guarda-roupa do seu filho. Dispon\u00edvel em tr\u00eas tamanhos - de rec\u00e9m-nascido a adulto. Esta vasta gama de tamanhos \u00e9 um produto A BABY BRAND perfeito para combinar com a crian\u00e7a e o pai.<\/p>\n<p>STANDARD 100 da OEKO-TEX\u00ae<\/p>\n<p>Tamanhos<\/p>\n<p>S - 0\/6m<br \/>\nM - 6m\/2y<br \/>\nL - 2y +<\/p>\n<h5>Uma marca para beb\u00e9s<\/h5>\n<p>Descubra um guarda-roupa verdadeiramente minimalista, cheio de objectos essenciais pr\u00e1ticos. Misture e combine os nossos modelos e cores unissexo.  Sem log\u00f3tipo, sem estampado, sem confus\u00e3o.<\/p>\n<p>A nossa miss\u00e3o \u00e9 tornar a sua vida mais f\u00e1cil, pelo que uma das ideias principais por detr\u00e1s da nossa filosofia \u00e9 a PR\u00c1TICA. Tamb\u00e9m nos preocupamos muito com o nosso planeta e desejamos que toda a gente viva uma vida mais minimalista e, por conseguinte, use menos roupa (#CONSUMEWISELY).<\/p>\n<p>Por conseguinte, a qualidade dos nossos produtos \u00e9 a mais elevada poss\u00edvel. Pode us\u00e1-los durante anos e pass\u00e1-los adiante quando terminar. Utilizamos tecidos de alta qualidade com certificado de algod\u00e3o org\u00e2nico GOTS e STANDARD 100 da OEKO-TEX\u00ae. Todos os nossos produtos podem ser lavados na m\u00e1quina e secados na m\u00e1quina quantas vezes quiser. Ir\u00e1 descobrir que a nossa l\u00e3 de algod\u00e3o nem precisa de ser passada a ferro para ficar com bom aspeto.<\/p>","protected":false},"excerpt":{"rendered":"<p>Minimalistische katoenen ribbeanie voor baby\u2019s en kinderen, gemaakt van zacht en ademend katoen met stretch voor een perfecte pasvorm. Deze duurzame baby muts is comfortabel, tijdloos en ideaal voor dagelijks gebruik. Dankzij het unisex design en brede maatbereik is hij perfect om te matchen met ouders en kinderen.<\/p>\n<p>Gemaakt van 97% katoen en 3% elastaan, gecertificeerd met OEKO-TEX\u00ae STANDARD 100,\u00a0veilig voor de gevoelige babyhuid. Een praktische en stijlvolle essential binnen een minimalistische baby garderobe.<\/p>","protected":false},"featured_media":30155,"comment_status":"closed","ping_status":"closed","template":"","meta":{"_acf_changed":false},"product_brand":[],"product_cat":[335,361,360,362,529,535,499],"product_tag":[],"class_list":{"0":"post-30151","1":"product","2":"type-product","3":"status-publish","4":"has-post-thumbnail","6":"product_cat-a_baby_brand","7":"product_cat-babyshower","8":"product_cat-cadeautips","9":"product_cat-cadeaus-tot-e-25","10":"product_cat-katoenen-babykleertjes","11":"product_cat-katoenen-babymuts-babysjaaltjes","12":"product_cat-new-arrivals","13":"pa_maat-l","14":"pa_maat-m","15":"pa_maat-s","17":"first","18":"instock","19":"taxable","20":"shipping-taxable","21":"purchasable","22":"product-type-variable"},"acf":[],"_links":{"self":[{"href":"https:\/\/woolskins.eu\/pt\/wp-json\/wp\/v2\/product\/30151","targetHints":{"allow":["GET"]}}],"collection":[{"href":"https:\/\/woolskins.eu\/pt\/wp-json\/wp\/v2\/product"}],"about":[{"href":"https:\/\/woolskins.eu\/pt\/wp-json\/wp\/v2\/types\/product"}],"replies":[{"embeddable":true,"href":"https:\/\/woolskins.eu\/pt\/wp-json\/wp\/v2\/comments?post=30151"}],"wp:featuredmedia":[{"embeddable":true,"href":"https:\/\/woolskins.eu\/pt\/wp-json\/wp\/v2\/media\/30155"}],"wp:attachment":[{"href":"https:\/\/woolskins.eu\/pt\/wp-json\/wp\/v2\/media?parent=30151"}],"wp:term":[{"taxonomy":"product_brand","embeddable":true,"href":"https:\/\/woolskins.eu\/pt\/wp-json\/wp\/v2\/product_brand?post=30151"},{"taxonomy":"product_cat","embeddable":true,"href":"https:\/\/woolskins.eu\/pt\/wp-json\/wp\/v2\/product_cat?post=30151"},{"taxonomy":"product_tag","embeddable":true,"href":"https:\/\/woolskins.eu\/pt\/wp-json\/wp\/v2\/product_tag?post=30151"}],"curies":[{"name":"wp","href":"https:\/\/api.w.org\/{rel}","templated":true}]}}