{"id":29670,"date":"2026-02-19T14:59:30","date_gmt":"2026-02-19T14:59:30","guid":{"rendered":"https:\/\/woolskins.eu\/?post_type=product&#038;p=29670"},"modified":"2026-03-14T22:33:28","modified_gmt":"2026-03-14T22:33:28","slug":"wollen-wiegdeken-babydeken-rosebeige","status":"publish","type":"product","link":"https:\/\/woolskins.eu\/pt\/wollen-wiegdeken-babydeken-rosebeige\/","title":{"rendered":"Wollen Wiegdeken \/ Babydeken &#8211; Thumbled | Ros\u00e9beige"},"content":{"rendered":"<p>Onze Wollen Wiegdekens zijn zeer geschikt voor de allerkleinste dankzij de natuurlijke eigenschappen van wolvezels. Deze ademen en hebben de eigenschap op te treden als een natuurlijke thermostaat die de lichaamstemperatuur reguleert? Dit helpt je baby in het onderhouden van een stabiele temperatuur en houdt je baby droog en comfortabel. Het doet dit \u2018dynamisch\u2019, wat betekent dat het gebeurt als het nodig is, en niet als het niet nodig is.<\/p>\n<p>- L\u00e3 virgem 100% (Tumbled) com certifica\u00e7\u00e3o Woolmark.<br \/>\n- Para casa e em viagem.<br \/>\n- Tamanho: 75 x 100 cm e 90 x 130 cm.<br \/>\n- Produ\u00e7\u00e3o europeia.<br \/>\n- lav\u00e1vel num ciclo de lavagem com l\u00e3 a 30\u00b0C.<\/p>\n<p>Os produtos de l\u00e3 desgrenhada caracterizam-se pelas suas fibras de l\u00e3 soltas. Para minimizar a penugem, \u00e9 prefer\u00edvel passar o produto pelo exterior antes de o utilizar.<\/p>\n<p>Este produto tem os r\u00f3tulos Safe for Children e Woolmark, entre outros.<\/p>\n<h5>Etiqueta de peles de l\u00e3<\/h5>\n<p>Ap\u00f3s anos de coopera\u00e7\u00e3o bem sucedida com a Alwero, temos o orgulho de anunciar que pass\u00e1mos a comercializar os nossos produtos sob a nossa pr\u00f3pria marca Woolskins.<\/p>\n<p>Desta forma, continua a obter a melhor qualidade, mas combinada com os produtos e designs mais bonitos e \u00fanicos.<\/p>\n<p>A qualidade dos tecidos e das cores continua a ser a mesma de sempre, s\u00f3 que agora existe uma maior escolha com a qual a Woolskins pensa poder distinguir-se.<\/p>\n<p>A nossa vasta cole\u00e7\u00e3o \u00e9 t\u00e3o igual que \u00e9 um excelente complemento para o enxoval de qualquer beb\u00e9, fabricada em l\u00e3 europeia 100% que respira e \u00e9 adequada para todas as esta\u00e7\u00f5es.<\/p>\n<p>Juntamos for\u00e7as com entusiasmo para criar um produto sustent\u00e1vel, natural e o mais confort\u00e1vel poss\u00edvel para o seu filho.<\/p>","protected":false},"excerpt":{"rendered":"<p>O seu filho dormir\u00e1 e sonhar\u00e1 debaixo deste confort\u00e1vel cobertor de l\u00e3 para ber\u00e7o feito de l\u00e3 100%. O cobertor de l\u00e3 para ber\u00e7o \u00e9 flex\u00edvel e muito macio e \u00e9 acabado com um ponto de cobertor. T\u00eam um aspeto bonito e luxuoso e fazem parte do enxoval de qualquer beb\u00e9. Os cobertores de l\u00e3 respiram e adquirem imediatamente a temperatura do seu beb\u00e9. T\u00eam o tamanho e o peso ideais para dormir ou brincar com o beb\u00e9. Utilize-o em casa ou em viagem para manter o seu filho bem quente. A manta \u00e9 adequada para qualquer esta\u00e7\u00e3o do ano e um presente perfeito para um ch\u00e1 de beb\u00e9 ou uma visita de maternidade.<\/p>\n<p><strong>Marca: Woolskins<\/strong><br \/>\n<strong>Produ\u00e7\u00e3o: Pol\u00f3nia<\/strong><\/p>","protected":false},"featured_media":29673,"comment_status":"closed","ping_status":"closed","template":"","meta":{"_acf_changed":false},"product_brand":[],"product_cat":[361,360,363,364,499,196,318,194],"product_tag":[],"class_list":{"0":"post-29670","1":"product","2":"type-product","3":"status-publish","4":"has-post-thumbnail","6":"product_cat-babyshower","7":"product_cat-cadeautips","8":"product_cat-cadeaus-e25-e50","9":"product_cat-cadeaus-vanaf-e50","10":"product_cat-new-arrivals","11":"product_cat-slaapkleding-baby","12":"product_cat-wollen-wiegdeken-ledikantdeken","13":"product_cat-wollen-babyproducten","14":"pa_maat-75-x-100-cm","15":"pa_maat-90-x-130-cm","17":"first","18":"instock","19":"taxable","20":"shipping-taxable","21":"purchasable","22":"product-type-variable"},"acf":[],"_links":{"self":[{"href":"https:\/\/woolskins.eu\/pt\/wp-json\/wp\/v2\/product\/29670","targetHints":{"allow":["GET"]}}],"collection":[{"href":"https:\/\/woolskins.eu\/pt\/wp-json\/wp\/v2\/product"}],"about":[{"href":"https:\/\/woolskins.eu\/pt\/wp-json\/wp\/v2\/types\/product"}],"replies":[{"embeddable":true,"href":"https:\/\/woolskins.eu\/pt\/wp-json\/wp\/v2\/comments?post=29670"}],"wp:featuredmedia":[{"embeddable":true,"href":"https:\/\/woolskins.eu\/pt\/wp-json\/wp\/v2\/media\/29673"}],"wp:attachment":[{"href":"https:\/\/woolskins.eu\/pt\/wp-json\/wp\/v2\/media?parent=29670"}],"wp:term":[{"taxonomy":"product_brand","embeddable":true,"href":"https:\/\/woolskins.eu\/pt\/wp-json\/wp\/v2\/product_brand?post=29670"},{"taxonomy":"product_cat","embeddable":true,"href":"https:\/\/woolskins.eu\/pt\/wp-json\/wp\/v2\/product_cat?post=29670"},{"taxonomy":"product_tag","embeddable":true,"href":"https:\/\/woolskins.eu\/pt\/wp-json\/wp\/v2\/product_tag?post=29670"}],"curies":[{"name":"wp","href":"https:\/\/api.w.org\/{rel}","templated":true}]}}