{"id":28526,"date":"2026-01-10T13:08:44","date_gmt":"2026-01-10T13:08:44","guid":{"rendered":"https:\/\/woolskins.eu\/?post_type=product&#038;p=28526"},"modified":"2026-05-15T09:49:33","modified_gmt":"2026-05-15T09:49:33","slug":"handwarmers-voor-kinderwagen-zaffiro-igrow-4-0-zwart-lichtgrijs","status":"publish","type":"product","link":"https:\/\/woolskins.eu\/pt\/handwarmers-voor-kinderwagen-zaffiro-igrow-4-0-zwart-lichtgrijs\/","title":{"rendered":"Handwarmers voor Kinderwagen &#8211; Zaffiro iGrow 4.0 | Zwart\/lichtgrijs"},"content":{"rendered":"<p>Aquecedores de m\u00e3os 2 em 1 para carrinho de beb\u00e9 L\u00e3 de primeira qualidade. Estes aquecedores de m\u00e3os\/mangas s\u00e3o perfeitos para quem gosta de dar longos passeios com as crian\u00e7as ao ar livre. Os aquecedores de m\u00e3os s\u00e3o preenchidos com l\u00e3 natural de ovelha de primeira qualidade, que \u00e9 muito confort\u00e1vel e quente ao toque. Gra\u00e7as ao exterior \u00e0 prova de \u00e1gua e de vento, as m\u00e3os n\u00e3o ficar\u00e3o frias facilmente. Os aquecedores de m\u00e3os s\u00e3o f\u00e1ceis de montar juntos ou separadamente no carrinho de beb\u00e9. A sua utiliza\u00e7\u00e3o \u00e9 muito eficaz, uma vez que basta colocar as m\u00e3os e retir\u00e1-las quando j\u00e1 tiver alguma coisa.<\/p>\n<p>Carater\u00edsticas:<\/p>\n<p>- dimens\u00f5es: 38x26cm<br \/>\n- tamanho universal<br \/>\n- pode ser utilizada como uma manga ou como duas luvas separadas<br \/>\n- adapta-se a qualquer modelo de carrinho de beb\u00e9<br \/>\n- tecido resistente \u00e0s manchas para evitar a sujidade<br \/>\n- \u00e0 prova de vento e de \u00e1gua (protege da chuva e da neve)<\/p>\n<p>L\u00e3 de primeira qualidade<br \/>\nOs aquecedores de m\u00e3os Zaffiro para carrinhos de beb\u00e9 e carrinhos de beb\u00e9 s\u00e3o fabricados com fibras da mais alta qualidade, enriquecidas com um processamento especializado adicional, criando uma cobertura capilar em ambos os lados do tecido. Gra\u00e7as a estas propriedades, a l\u00e3 dos nossos sacos-cama \u00e9 higrosc\u00f3pica, absorve perfeitamente a humidade e protege contra a perda de calor. A l\u00e3 utilizada no aquecedor de m\u00e3os para beb\u00e9 ret\u00e9m melhor o calor do que a l\u00e3 normal, gra\u00e7as \u00e0s duas camadas de l\u00e3 de lobo.<\/p>\n<p>A l\u00e3 de ovelha PREMIUM natural e macia utilizada para produzir o saco-cama \u00e9 perfeita para os Invernos frios e os dias mais quentes. Proporciona uma termorregula\u00e7\u00e3o natural ainda melhor, protegendo eficazmente a crian\u00e7a mesmo em caso de geadas fortes e assegurando que a crian\u00e7a n\u00e3o sobreaquece nos dias quentes. A l\u00e3 de ovelha tem tamb\u00e9m propriedades anti-al\u00e9rgicas e resiste ao desenvolvimento de \u00e1caros. Tem propriedades higi\u00e9nicas e de auto-limpeza. Neutraliza os odores desagrad\u00e1veis e a sujidade.<\/p>\n<p>Composi\u00e7\u00e3o:<br \/>\nTecido da capa: 100% poli\u00e9ster; tecido interior: 100% l\u00e3 de lobo; acolchoamento: 100% poli\u00e9ster.<\/p>","protected":false},"excerpt":{"rendered":"<p>Estes aquecedores de m\u00e3os\/mangas s\u00e3o perfeitos para quem gosta de dar longos passeios com as crian\u00e7as ao ar livre. Os aquecedores de m\u00e3os s\u00e3o preenchidos com l\u00e3 de ovelha natural de primeira qualidade, que \u00e9 muito confort\u00e1vel e quente ao toque. Gra\u00e7as ao exterior \u00e0 prova de \u00e1gua e de vento, as m\u00e3os n\u00e3o ficar\u00e3o frias facilmente. Os aquecedores de m\u00e3os s\u00e3o f\u00e1ceis de montar juntos ou separadamente no carrinho de beb\u00e9. A sua utiliza\u00e7\u00e3o \u00e9 muito eficaz, uma vez que basta colocar as m\u00e3os e retir\u00e1-las quando j\u00e1 tiver alguma coisa.<\/p>\n<p><strong>Marca: Zaffiro<\/strong><br \/>\n<strong>Produ\u00e7\u00e3o: Pol\u00f3nia<br \/>\nKeur: Oeko-Tex Standard<\/strong><\/p>\n<p><img loading=\"lazy\" decoding=\"async\" class=\"alignnone wp-image-28173 entered lazyloaded\" src=\"https:\/\/woolskins.eu\/wp-content\/uploads\/2024\/05\/csm_OEKO-TEX_Logo_2022_rgb_c1aaeb5ceb-300x300.jpg\" alt=\"\" width=\"89\" height=\"89\" data-lazy-src=\"https:\/\/woolskins.eu\/wp-content\/uploads\/2024\/05\/csm_OEKO-TEX_Logo_2022_rgb_c1aaeb5ceb-300x300.jpg\" data-ll-status=\"loaded\" srcset=\"https:\/\/woolskins.eu\/wp-content\/uploads\/2024\/05\/csm_OEKO-TEX_Logo_2022_rgb_c1aaeb5ceb-300x300.jpg 300w, https:\/\/woolskins.eu\/wp-content\/uploads\/2024\/05\/csm_OEKO-TEX_Logo_2022_rgb_c1aaeb5ceb-150x150.jpg 150w, https:\/\/woolskins.eu\/wp-content\/uploads\/2024\/05\/csm_OEKO-TEX_Logo_2022_rgb_c1aaeb5ceb-768x769.jpg 768w, https:\/\/woolskins.eu\/wp-content\/uploads\/2024\/05\/csm_OEKO-TEX_Logo_2022_rgb_c1aaeb5ceb-12x12.jpg 12w, https:\/\/woolskins.eu\/wp-content\/uploads\/2024\/05\/csm_OEKO-TEX_Logo_2022_rgb_c1aaeb5ceb-600x601.jpg 600w, https:\/\/woolskins.eu\/wp-content\/uploads\/2024\/05\/csm_OEKO-TEX_Logo_2022_rgb_c1aaeb5ceb-100x100.jpg 100w, https:\/\/woolskins.eu\/wp-content\/uploads\/2024\/05\/csm_OEKO-TEX_Logo_2022_rgb_c1aaeb5ceb-64x64.jpg 64w, https:\/\/woolskins.eu\/wp-content\/uploads\/2024\/05\/csm_OEKO-TEX_Logo_2022_rgb_c1aaeb5ceb.jpg 885w\" sizes=\"auto, (max-width: 89px) 100vw, 89px\" \/><\/p>","protected":false},"featured_media":21393,"comment_status":"closed","ping_status":"closed","template":"","meta":{"_acf_changed":false},"product_brand":[],"product_cat":[352,363,336,502],"product_tag":[],"class_list":{"0":"post-28526","1":"product","2":"type-product","3":"status-publish","4":"has-post-thumbnail","6":"product_cat-merken","7":"product_cat-cadeaus-e25-e50","8":"product_cat-voetenzakken","9":"product_cat-zaffiro","11":"first","12":"instock","13":"taxable","14":"shipping-taxable","15":"purchasable","16":"product-type-simple"},"acf":[],"_links":{"self":[{"href":"https:\/\/woolskins.eu\/pt\/wp-json\/wp\/v2\/product\/28526","targetHints":{"allow":["GET"]}}],"collection":[{"href":"https:\/\/woolskins.eu\/pt\/wp-json\/wp\/v2\/product"}],"about":[{"href":"https:\/\/woolskins.eu\/pt\/wp-json\/wp\/v2\/types\/product"}],"replies":[{"embeddable":true,"href":"https:\/\/woolskins.eu\/pt\/wp-json\/wp\/v2\/comments?post=28526"}],"wp:featuredmedia":[{"embeddable":true,"href":"https:\/\/woolskins.eu\/pt\/wp-json\/wp\/v2\/media\/21393"}],"wp:attachment":[{"href":"https:\/\/woolskins.eu\/pt\/wp-json\/wp\/v2\/media?parent=28526"}],"wp:term":[{"taxonomy":"product_brand","embeddable":true,"href":"https:\/\/woolskins.eu\/pt\/wp-json\/wp\/v2\/product_brand?post=28526"},{"taxonomy":"product_cat","embeddable":true,"href":"https:\/\/woolskins.eu\/pt\/wp-json\/wp\/v2\/product_cat?post=28526"},{"taxonomy":"product_tag","embeddable":true,"href":"https:\/\/woolskins.eu\/pt\/wp-json\/wp\/v2\/product_tag?post=28526"}],"curies":[{"name":"wp","href":"https:\/\/api.w.org\/{rel}","templated":true}]}}