{"id":28123,"date":"2025-12-16T11:59:00","date_gmt":"2025-12-16T11:59:00","guid":{"rendered":"https:\/\/woolskins.eu\/?post_type=product&#038;p=28123"},"modified":"2026-01-07T15:02:02","modified_gmt":"2026-01-07T15:02:02","slug":"lucky-heart-merenque-lemon","status":"publish","type":"product","link":"https:\/\/woolskins.eu\/pt\/lucky-heart-merenque-lemon\/","title":{"rendered":"Lucky Heart | Whisper"},"content":{"rendered":"<p><strong>Sobre Mischa Hendriksen<\/strong><\/p>\n<p>Mischa nasceu no seio de uma fam\u00edlia art\u00edstica. Desde muito cedo, esteve rodeado de arte. O seu pai pintava, a sua m\u00e3e era escultora e a sua irm\u00e3 trabalhava em artes gr\u00e1ficas. Por isso, n\u00e3o foi surpresa que Mischa aspirasse a uma carreira criativa.<\/p>\n<p class=\"font_8\"><span class=\"wixGuard\">\u200b<\/span>Come\u00e7ou a sua carreira como bailarino profissional. Viajou por todo o mundo com v\u00e1rias companhias de dan\u00e7a e apreciou a adrenalina e a express\u00e3o da dan\u00e7a. No entanto, ap\u00f3s 14 anos, decidiu que era altura de um novo desafio.<\/p>\n<p class=\"font_8\"><span class=\"wixGuard\">\u200b<\/span>Mischa acabou por se dedicar ao com\u00e9rcio internacional de arte. Baseado em Amesterd\u00e3o, trabalhou com galerias e coleccionadores de todo o mundo, aprendendo tudo sobre o mercado da arte e a pr\u00f3pria arte. Ficou fascinado com o poder da arte para tocar e inspirar as pessoas.<\/p>\n<p class=\"font_8\"><span class=\"wixGuard\">\u200b<\/span>Ap\u00f3s 20 anos de atividade no sector da arte, come\u00e7ou a pintar. Sempre teve uma paix\u00e3o pela pintura, mas nunca teve tempo para o fazer. Agora que tinha mais tempo, podia finalmente dedicar-se totalmente \u00e0 sua arte.<\/p>\n<p class=\"font_8\">As suas pinturas s\u00e3o abstractas e coloridas. Transmitem uma sensa\u00e7\u00e3o de paz e calma. Utiliza a sua arte para ajudar as pessoas a escapar \u00e0 agita\u00e7\u00e3o da vida quotidiana. Quer que as pessoas encontrem um momento de paz e contempla\u00e7\u00e3o nos seus quadros.<\/p>\n<p class=\"font_8\"><span class=\"wixGuard\">\u200b<\/span>Mischa \u00e9 um artista \u00fanico com um passado interessante. Teve uma longa e bem sucedida carreira no ramo da dan\u00e7a e da arte, e agora concentra-se inteiramente na pintura. Cria belas pinturas abstractas que exalam uma sensa\u00e7\u00e3o de paz e calma.<\/p>\n<p><a href=\"https:\/\/woolskins.wixstudio.io\/mijnsite-1\" target=\"_blank\" rel=\"noopener\">Ver s\u00edtio Web<\/a><\/p>\n<p>&nbsp;<\/p>","protected":false},"excerpt":{"rendered":"<div id=\"\" class=\"brz-css-f1nL7 brz-wrapper\">\n<div class=\"brz-rich-text brz-rich-text__custom brz-css-bQsg8\" data-brz-custom-id=\"huusIuGBka_T\">\n<div data-brz-translate-text=\"1\">\n<p>Met dit unieke Artwork Gift geef je een stukje van je hart, een tastbare uitdrukking van liefde, dankbaarheid en verbinding. Een Lucky Heart is speciaal ontworpen om momenten in het leven te markeren die er \u00e9cht toe doen, momenten die je voor altijd wilt koesteren.<\/p>\n<p>Dit kunstwerk wordt vaak gegeven ter viering van de geboorte van een kind, als symbool van bescherming, liefde en een prachtig begin. Maar een Lucky Heart is net zo waardevol wanneer het wordt gegeven aan iemand die jouw leven heeft geraakt, iemand van wie je houdt, iemand die jou heeft gesteund, of iemand die je gewoon vanuit je hart wilt bedanken.<\/p>\n<p>Elk Lucky Heart symboliseert een boodschap van liefde, bescherming en oprechte verbondenheid. Het draagt zacht de betekenis: je bent geliefd, je bent gekoesterd en je bent nooit alleen.<\/p>\n<p>Een tijdloos aandenken dat liefde en herinnering biedt, dag na dag.<\/p>\n<\/div>\n<\/div>\n<\/div>\n<div id=\"\" class=\"brz-css-f1nL7 brz-wrapper\">\n<div class=\"brz-rich-text brz-rich-text__custom brz-css-bQsg8\" data-brz-custom-id=\"hdkVgQoLd3go\">\n<div data-brz-translate-text=\"1\">\n<p data-uniq-id=\"dctDn\" data-generated-css=\"brz-css-uFYkb\">Artista: Mischa Hendriksen<br \/>\nTitel: &#8216;Whisper\u2019<br \/>\nMaat: 20 x 20 cm (7,8 x 7,8 inch)<br \/>\nMedia: 100% Handmade, 3-D art, acrylic on canvas<br \/>\nOplage: Original Artwork<br \/>\nPrice: \u20ac145,- (inclusief lijst)<\/p>\n<\/div>\n<\/div>\n<\/div>","protected":false},"featured_media":28119,"comment_status":"open","ping_status":"closed","template":"","meta":{"_acf_changed":false},"product_brand":[],"product_cat":[500,528],"product_tag":[],"class_list":{"0":"post-28123","1":"product","2":"type-product","3":"status-publish","4":"has-post-thumbnail","6":"product_cat-angel-heart","7":"product_cat-schapenvachten-voor-thuis","9":"first","10":"instock","11":"taxable","12":"shipping-taxable","13":"purchasable","14":"product-type-simple"},"acf":[],"_links":{"self":[{"href":"https:\/\/woolskins.eu\/pt\/wp-json\/wp\/v2\/product\/28123","targetHints":{"allow":["GET"]}}],"collection":[{"href":"https:\/\/woolskins.eu\/pt\/wp-json\/wp\/v2\/product"}],"about":[{"href":"https:\/\/woolskins.eu\/pt\/wp-json\/wp\/v2\/types\/product"}],"replies":[{"embeddable":true,"href":"https:\/\/woolskins.eu\/pt\/wp-json\/wp\/v2\/comments?post=28123"}],"wp:featuredmedia":[{"embeddable":true,"href":"https:\/\/woolskins.eu\/pt\/wp-json\/wp\/v2\/media\/28119"}],"wp:attachment":[{"href":"https:\/\/woolskins.eu\/pt\/wp-json\/wp\/v2\/media?parent=28123"}],"wp:term":[{"taxonomy":"product_brand","embeddable":true,"href":"https:\/\/woolskins.eu\/pt\/wp-json\/wp\/v2\/product_brand?post=28123"},{"taxonomy":"product_cat","embeddable":true,"href":"https:\/\/woolskins.eu\/pt\/wp-json\/wp\/v2\/product_cat?post=28123"},{"taxonomy":"product_tag","embeddable":true,"href":"https:\/\/woolskins.eu\/pt\/wp-json\/wp\/v2\/product_tag?post=28123"}],"curies":[{"name":"wp","href":"https:\/\/api.w.org\/{rel}","templated":true}]}}