{"id":27939,"date":"2025-12-05T11:47:31","date_gmt":"2025-12-05T11:47:31","guid":{"rendered":"https:\/\/woolskins.eu\/?post_type=product&#038;p=27939"},"modified":"2026-03-13T13:55:59","modified_gmt":"2026-03-13T13:55:59","slug":"schapenvacht-voor-baby-natural-spotted-special-edition","status":"publish","type":"product","link":"https:\/\/woolskins.eu\/pt\/schapenvacht-voor-baby-natural-spotted-special-edition\/","title":{"rendered":"Schapenvacht voor baby &#8211; Natural Spotted Special Edition"},"content":{"rendered":"<p>As peles de carneiro Woolskins Baby-Care t\u00eam um pelo mais curto, o que as torna \u00e0 prova de beb\u00e9. S\u00e3o adequadas desde o nascimento e, como o seu processamento tem em conta o ambiente, protegem tanto os mais pequenos como o planeta. Em casa ou fora dela, cria um ambiente confort\u00e1vel onde o seu filho se sente feliz e descontra\u00eddo. Sabia que uma pele de carneiro tamb\u00e9m \u00e9 saud\u00e1vel para o seu filho?<\/p>\n<p>- Comprimento 90-100cm \/ pelo 3cm.<br \/>\n- Pelagem macia e compacta.<br \/>\n&#8211; <span style=\"color: #000000;\"><strong>N\u00c3O<\/strong> <\/span>lav\u00e1vel e sec\u00e1vel na m\u00e1quina.<br \/>\n- F\u00e1cil de manter.<\/p>\n<p>Encomende uma escova de manuten\u00e7\u00e3o para manter o seu pelo bonito durante muito tempo e\/ou personalize o seu pelo com o seu presente de nascimento ou o do seu filho. Um presente bonito e \u00fanico, dispon\u00edvel exclusivamente na Woolskins. Embalagem standard \u2018pronta a oferecer\u2019 com nota pessoal.<\/p>\n<p><strong>Carater\u00edsticas Pele de carneiro confort\u00e1vel<\/strong><\/p>\n<p>Esta pele de carneiro Baby-Care \u00e9 proveniente da ovelha inglesa. \u00c9 um pelo muito macio e compacto. Este pelo Comfort \u00e9 \u2018a\u2019 pele de ovelha que conhecemos anteriormente, apenas a rasp\u00e1mos para um comprimento curto. \u00c9 muito mais seguro. Como todas as outras l\u00e3s, as fibras de l\u00e3 respiram. Isto ajuda o seu beb\u00e9 a manter uma temperatura est\u00e1vel e mant\u00e9m-no seco e confort\u00e1vel. Fresco no ver\u00e3o e quente no inverno.<\/p>\n<p><strong>Amigo do ambiente<\/strong><\/p>\n<p>Todos os agentes utilizados no curtimento e acabamento cumprem as diretivas essenciais da UE relativas \u00e0 preserva\u00e7\u00e3o e prote\u00e7\u00e3o do ambiente.<\/p>\n<p>Os nossos casacos s\u00e3o curtidos de acordo com os regulamentos REACH adoptados para melhorar a prote\u00e7\u00e3o da sa\u00fade humana e do ambiente contra os riscos que os produtos qu\u00edmicos podem representar, aumentando simultaneamente a competitividade da ind\u00fastria qu\u00edmica da UE. N\u00e3o s\u00e3o utilizados corantes AZO na produ\u00e7\u00e3o.<\/p>\n<p>PRODUTOS ECO - as peles s\u00e3o peles ecol\u00f3gicas, o seu processamento e tratamento s\u00e3o seguros para adultos e crian\u00e7as. As peles s\u00e3o biodegrad\u00e1veis e org\u00e2nicas.<\/p>\n<p>A Woolskins n\u00e3o vende l\u00e3 de ovelhas que tenham sido submetidas ao Mulesing! O Mulesing n\u00e3o \u00e9 utilizado em ovelhas europeias porque o parasita que leva os agricultores a utilizarem o Mulesing n\u00e3o se encontra na Europa.<\/p>\n<p><strong>Quem dorme de barriga para baixo... tome nota!<\/strong><\/p>\n<p>Os beb\u00e9s que dormem de barriga para baixo nos primeiros 12 meses n\u00e3o devem dormir em cima de nada macio por raz\u00f5es de seguran\u00e7a, pois pode ser perigoso. Por isso, recomendamos que utilize o pelo Woolskins de forma sensata! Preste sempre aten\u00e7\u00e3o quando o seu filho estiver deitado ou a dormir de barriga para baixo e certifique-se de que ele est\u00e1 sempre sob vigil\u00e2ncia.<\/p>","protected":false},"excerpt":{"rendered":"<p data-start=\"88\" data-end=\"161\"><strong data-start=\"88\" data-end=\"161\">Zacht, natuurlijk en exclusief schapenvachtje voor baby\u2019s \u2013 Woolskins<\/strong><\/p>\n<p data-start=\"163\" data-end=\"496\">Geef je kindje het allerbeste met dit hoogwaardige schapenvachtje van Woolskins. Deze <strong data-start=\"249\" data-end=\"277\">zeer gelimiteerde oplage<\/strong> bestaat uit <strong data-start=\"290\" data-end=\"329\">puur natuurlijke, gevlekte vachtjes<\/strong> \u2013 volledig <strong data-start=\"341\" data-end=\"354\">ongeverfd<\/strong>, in tegenstelling tot wat je vaak ziet bij collega-merken. Door het natuurlijke patroon is <strong data-start=\"446\" data-end=\"474\">ieder vachtje \u00e9cht uniek<\/strong> in kleur en tekening.\u00a0De vachten zijn afkomstig van <strong data-start=\"528\" data-end=\"548\">Europese schapen<\/strong> en worden ook <strong data-start=\"563\" data-end=\"584\">in Europa gelooid<\/strong> volgens hoge ecologische normen. Het vachtje is perfect te gebruiken als zacht, comfortabel oppervlak in de wieg, box of op de vloer.\u00a0De natuurlijke wol werkt temperatuurregulerend, ondersteunt een gezonde lichaamstemperatuur en is zacht voor de gevoelige babyhuid. Bovendien heeft het een rustgevend en omhullend effect, waardoor je kindje zich ontspannen voelt tijdens zowel spel- als rustmomenten.\u00a0Duurzaam, onderhoudsvriendelijk en extra bijzonder dankzij het unieke, natuurlijke karakter van elke vacht. Meer informatie lees je bij <em data-start=\"1124\" data-end=\"1143\">productinformatie<\/em> hieronder.<\/p>\n<p><strong>Marca: Woolskins<\/strong><br \/>\n<strong>Pa\u00eds: Pol\u00f3nia<\/strong><\/p>","protected":false},"featured_media":29949,"comment_status":"closed","ping_status":"closed","template":"","meta":{"_acf_changed":false},"product_brand":[],"product_cat":[361,360,364,499,216,354],"product_tag":[],"class_list":{"0":"post-27939","1":"product","2":"type-product","3":"status-publish","4":"has-post-thumbnail","6":"product_cat-babyshower","7":"product_cat-cadeautips","8":"product_cat-cadeaus-vanaf-e50","9":"product_cat-new-arrivals","10":"product_cat-schapenvacht-voor-baby","11":"product_cat-woolskins","13":"first","14":"instock","15":"taxable","16":"shipping-taxable","17":"purchasable","18":"product-type-variable","19":"has-default-attributes"},"acf":[],"_links":{"self":[{"href":"https:\/\/woolskins.eu\/pt\/wp-json\/wp\/v2\/product\/27939","targetHints":{"allow":["GET"]}}],"collection":[{"href":"https:\/\/woolskins.eu\/pt\/wp-json\/wp\/v2\/product"}],"about":[{"href":"https:\/\/woolskins.eu\/pt\/wp-json\/wp\/v2\/types\/product"}],"replies":[{"embeddable":true,"href":"https:\/\/woolskins.eu\/pt\/wp-json\/wp\/v2\/comments?post=27939"}],"wp:featuredmedia":[{"embeddable":true,"href":"https:\/\/woolskins.eu\/pt\/wp-json\/wp\/v2\/media\/29949"}],"wp:attachment":[{"href":"https:\/\/woolskins.eu\/pt\/wp-json\/wp\/v2\/media?parent=27939"}],"wp:term":[{"taxonomy":"product_brand","embeddable":true,"href":"https:\/\/woolskins.eu\/pt\/wp-json\/wp\/v2\/product_brand?post=27939"},{"taxonomy":"product_cat","embeddable":true,"href":"https:\/\/woolskins.eu\/pt\/wp-json\/wp\/v2\/product_cat?post=27939"},{"taxonomy":"product_tag","embeddable":true,"href":"https:\/\/woolskins.eu\/pt\/wp-json\/wp\/v2\/product_tag?post=27939"}],"curies":[{"name":"wp","href":"https:\/\/api.w.org\/{rel}","templated":true}]}}