{"id":27924,"date":"2025-12-05T10:53:46","date_gmt":"2025-12-05T10:53:46","guid":{"rendered":"https:\/\/woolskins.eu\/?post_type=product&#038;p=27924"},"modified":"2026-03-13T12:49:14","modified_gmt":"2026-03-13T12:49:14","slug":"schapenvacht-voor-kinderwagen-natural-spotted-special-edition","status":"publish","type":"product","link":"https:\/\/woolskins.eu\/pt\/schapenvacht-voor-kinderwagen-natural-spotted-special-edition\/","title":{"rendered":"Schapenvacht voor Kinderwagen &#8211; Natural Spotted Special Edition"},"content":{"rendered":"<p>Esta pele de borrego Eco Baby-Care foi especialmente concebida para ser utilizada no carrinho de beb\u00e9, no ber\u00e7o, na cadeira auto ou no cesto de Mois\u00e9s. Muito confort\u00e1vel em viagem e em casa. Ideal para longas viagens de f\u00e9rias em pa\u00edses quentes. \u00c9 extremamente confort\u00e1vel, pois respira e absorve instantaneamente o suor, sem que o beb\u00e9 se sinta molhado ou com frio.<\/p>\n<p>- Tamanho 75 x 45 cm, pelo 2 cm.<br \/>\n- Entalhes para cintas de seguran\u00e7a de 3 e 5 pontos.<br \/>\n- Pelagem macia e compacta.<br \/>\n- <strong>N\u00c3O<\/strong> Lav\u00e1vel e sec\u00e1vel \u00e0 m\u00e3o e \u00e0 m\u00e1quina.<br \/>\n- F\u00e1cil de manter.<\/p>\n<h5><b>Viagem confort\u00e1vel<\/b><\/h5>\n<p>As fibras de l\u00e3 respiram e t\u00eam a capacidade de atuar como um term\u00f3stato natural que regula a temperatura do corpo? Isto ajuda o seu beb\u00e9 a manter uma temperatura est\u00e1vel e mant\u00e9m-no seco e confort\u00e1vel. F\u00e1-lo \u2018dinamicamente\u2019, o que significa que acontece quando \u00e9 necess\u00e1rio e n\u00e3o quando n\u00e3o \u00e9. Quente no inverno e fresco no ver\u00e3o.<\/p>\n<p>Os casacos Woolskins Baby-Care t\u00eam uma pelagem mais curta, o que os torna \u00e0 prova de beb\u00e9. S\u00e3o adequados desde o nascimento e, como o seu processamento tem em conta o ambiente, protegem tanto os mais pequenos como o planeta. Em casa ou em viagem, cria um ambiente confort\u00e1vel no qual o seu filho se sente feliz e descontra\u00eddo. Embalado \u2018pronto a oferecer\u2019 com uma nota pessoal como padr\u00e3o.<\/p>\n<h5><strong>Carater\u00edsticas Pele de carneiro confort\u00e1vel<\/strong><\/h5>\n<p>Esta pele de carneiro Baby-Care \u00e9 proveniente da ovelha inglesa. \u00c9 um pelo muito macio e compacto. Este pelo Comfort \u00e9 \u2018a\u2019 pele de ovelha que conhecemos anteriormente, apenas a rasp\u00e1mos para um comprimento curto. \u00c9 muito mais seguro. Como todas as outras l\u00e3s, as fibras de l\u00e3 respiram. Isto ajuda o seu beb\u00e9 a manter uma temperatura est\u00e1vel e mant\u00e9m-no seco e confort\u00e1vel. Fresco no ver\u00e3o e quente no inverno.<\/p>\n<h5><b>Amigo do ambiente<\/b><\/h5>\n<p>Todos os agentes utilizados no curtimento e acabamento cumprem as diretivas essenciais da UE relativas \u00e0 preserva\u00e7\u00e3o e prote\u00e7\u00e3o do ambiente.<\/p>\n<p>Os nossos casacos s\u00e3o curtidos de acordo com os regulamentos REACH adoptados para melhorar a prote\u00e7\u00e3o da sa\u00fade humana e do ambiente contra os riscos que os produtos qu\u00edmicos podem representar, aumentando simultaneamente a competitividade da ind\u00fastria qu\u00edmica da UE. N\u00e3o s\u00e3o utilizados corantes AZO na produ\u00e7\u00e3o.<\/p>\n<p>PRODUTOS ECO - as peles s\u00e3o peles ecol\u00f3gicas, o seu processamento e tratamento s\u00e3o seguros para adultos e crian\u00e7as. As peles s\u00e3o biodegrad\u00e1veis e org\u00e2nicas.<\/p>\n<p>A Woolskins n\u00e3o vende l\u00e3 de ovelhas que tenham sido submetidas ao Mulesing! O Mulesing n\u00e3o \u00e9 utilizado em ovelhas europeias porque o parasita que leva os agricultores a utilizarem o Mulesing n\u00e3o se encontra na Europa.<\/p>\n<h5><b>Quem dorme de barriga para baixo... tome nota!<\/b><\/h5>\n<p>Os beb\u00e9s que dormem de barriga para baixo nos primeiros 12 meses n\u00e3o devem dormir em cima de nada macio por raz\u00f5es de seguran\u00e7a, pois pode ser perigoso. Por isso, recomendamos que utilize o pelo Woolskins de forma sensata! Preste sempre aten\u00e7\u00e3o quando o seu filho estiver deitado ou a dormir de barriga para baixo e certifique-se de que ele est\u00e1 sempre sob vigil\u00e2ncia.<\/p>","protected":false},"excerpt":{"rendered":"<p data-start=\"91\" data-end=\"164\"><strong data-start=\"91\" data-end=\"164\">Zacht, natuurlijk en exclusief schapenvachtje voor baby\u2019s \u2013 Woolskins<\/strong><\/p>\n<p data-start=\"166\" data-end=\"501\">Geef je kindje het allerbeste met dit hoogwaardige schapenvachtje van Woolskins. Deze <strong data-start=\"252\" data-end=\"280\">zeer gelimiteerde oplage<\/strong> is gemaakt van <strong data-start=\"296\" data-end=\"335\">puur natuurlijke, gevlekte vachtjes<\/strong> \u2013 dus <strong data-start=\"342\" data-end=\"358\">niet geverfd<\/strong>, zoals je vaak ziet bij collega-merken. Doordat de vachtjes volledig naturel zijn, is <strong data-start=\"445\" data-end=\"479\">ieder exemplaar absoluut uniek<\/strong> in kleur en tekening.<\/p>\n<p data-start=\"503\" data-end=\"857\">Alle vachten zijn afkomstig van <strong data-start=\"535\" data-end=\"555\">Europese schapen<\/strong> en worden ook <strong data-start=\"570\" data-end=\"591\">in Europa gelooid<\/strong> volgens hoge ecologische standaarden. Het vachtje is veilig kort geschoren voor baby\u2019s en ideaal voor gebruik in de kinderwagen, Maxi-Cosi of Mosesmand. Dankzij de handige openingen voor de 5-puntsgordel zet je je kindje veilig vast zonder in te leveren op comfort.<\/p>\n<p data-start=\"859\" data-end=\"1109\">De natuurlijke wol werkt temperatuurregulerend en is hypoallergeen, waardoor het zacht en veilig is voor de gevoelige babyhuid. Daarnaast heeft het een rustgevend, omhullend effect, waardoor je kindje zich ontspannen voelt \u2013 zowel onderweg als thuis.<\/p>\n<p data-start=\"1111\" data-end=\"1267\">Duurzaam, onderhoudsvriendelijk en extra bijzonder doordat <strong data-start=\"1170\" data-end=\"1205\">geen enkel vachtje hetzelfde is<\/strong>. Meer informatie lees je onder <em data-start=\"1237\" data-end=\"1256\">productinformatie<\/em> hieronder.<\/p>\n<p><strong>Marca: Woolskins<\/strong><br \/>\n<strong>Pa\u00eds: Pol\u00f3nia<\/strong><\/p>","protected":false},"featured_media":27933,"comment_status":"closed","ping_status":"closed","template":"","meta":{"_acf_changed":false},"product_brand":[],"product_cat":[499,222,354],"product_tag":[372],"class_list":{"0":"post-27924","1":"product","2":"type-product","3":"status-publish","4":"has-post-thumbnail","6":"product_cat-new-arrivals","7":"product_cat-buggy-schapenvachtjes","8":"product_cat-woolskins","9":"product_tag-populair","11":"first","12":"instock","13":"taxable","14":"shipping-taxable","15":"purchasable","16":"product-type-variable","17":"has-default-attributes"},"acf":[],"_links":{"self":[{"href":"https:\/\/woolskins.eu\/pt\/wp-json\/wp\/v2\/product\/27924","targetHints":{"allow":["GET"]}}],"collection":[{"href":"https:\/\/woolskins.eu\/pt\/wp-json\/wp\/v2\/product"}],"about":[{"href":"https:\/\/woolskins.eu\/pt\/wp-json\/wp\/v2\/types\/product"}],"replies":[{"embeddable":true,"href":"https:\/\/woolskins.eu\/pt\/wp-json\/wp\/v2\/comments?post=27924"}],"wp:featuredmedia":[{"embeddable":true,"href":"https:\/\/woolskins.eu\/pt\/wp-json\/wp\/v2\/media\/27933"}],"wp:attachment":[{"href":"https:\/\/woolskins.eu\/pt\/wp-json\/wp\/v2\/media?parent=27924"}],"wp:term":[{"taxonomy":"product_brand","embeddable":true,"href":"https:\/\/woolskins.eu\/pt\/wp-json\/wp\/v2\/product_brand?post=27924"},{"taxonomy":"product_cat","embeddable":true,"href":"https:\/\/woolskins.eu\/pt\/wp-json\/wp\/v2\/product_cat?post=27924"},{"taxonomy":"product_tag","embeddable":true,"href":"https:\/\/woolskins.eu\/pt\/wp-json\/wp\/v2\/product_tag?post=27924"}],"curies":[{"name":"wp","href":"https:\/\/api.w.org\/{rel}","templated":true}]}}