{"id":27803,"date":"2025-11-28T15:57:56","date_gmt":"2025-11-28T15:57:56","guid":{"rendered":"https:\/\/woolskins.eu\/?post_type=product&#038;p=27803"},"modified":"2026-02-10T20:36:22","modified_gmt":"2026-02-10T20:36:22","slug":"zaffiro-wollen-voetenzak-0-3-jaar-igrow-felted-antraciet","status":"publish","type":"product","link":"https:\/\/woolskins.eu\/pt\/zaffiro-wollen-voetenzak-0-3-jaar-igrow-felted-antraciet\/","title":{"rendered":"Zaffiro | Wollen Voetenzak 0-3 jaar &#8211; iGrow | Felted Antraciet"},"content":{"rendered":"<p data-start=\"159\" data-end=\"496\"><strong data-start=\"159\" data-end=\"217\">Quente, luxuoso e naturalmente confort\u00e1vel - durante todo o ano.<br \/>\n<\/strong><br data-start=\"217\" data-end=\"220\" \/>Viaje despreocupadamente na estrada com o seu beb\u00e9 com este bonito porta-p\u00e9s em l\u00e3 da\u00a0<strong data-start=\"293\" data-end=\"304\">Zaffiro<\/strong>, O porta-p\u00e9s \u00e9 feito inteiramente de l\u00e3 natural de alta qualidade. Este pufe oferece n\u00e3o s\u00f3 calor e conforto, mas tamb\u00e9m um design cuidado que cresce com o seu filho - at\u00e9 aos 3 anos.<\/p>\n<p data-start=\"498\" data-end=\"786\">Gra\u00e7as \u00e0 pe\u00e7a de extens\u00e3o inteligente, o comprimento do protetor para os p\u00e9s pode ser facilmente ajustado. A parte inferior pode ser aberta, criando espa\u00e7o extra para as pernas em crescimento numa simples opera\u00e7\u00e3o. Isto faz com que este saco para os p\u00e9s seja uma escolha dur\u00e1vel e pr\u00e1tica durante v\u00e1rias esta\u00e7\u00f5es.<\/p>\n<p data-start=\"788\" data-end=\"1048\">A prote\u00e7\u00e3o para os p\u00e9s tem aberturas verticais para os cintos de seguran\u00e7a e \u00e9 adequada para quase todos os sistemas: desde cintos de 3 e 5 pontos a carrinhos de beb\u00e9 e carrinhos de beb\u00e9 com correias fixas. Assim, pode fix\u00e1-lo de forma f\u00e1cil e segura onde quer que v\u00e1.<\/p>\n<p data-start=\"1050\" data-end=\"1369\">O que torna este saco para os p\u00e9s realmente especial \u00e9 a dupla camada de l\u00e3 de lobo macia. Esta l\u00e3 natural proporciona uma excelente regula\u00e7\u00e3o da temperatura: maravilhosamente quente no inverno e surpreendentemente fresca no ver\u00e3o. A parte de cima do protetor para os p\u00e9s \u00e9 completamente amov\u00edvel, pelo que pode ajust\u00e1-lo \u00e0 temperatura em qualquer esta\u00e7\u00e3o.<\/p>\n<p data-start=\"1371\" data-end=\"1553\">Com o seu aspeto intemporal, materiais de alta qualidade e interior confort\u00e1vel, este pufe Zaffiro \u00e9 um luxo indispens\u00e1vel para os pais que querem apenas o melhor para o seu filho.<\/p>\n<p data-start=\"1555\" data-end=\"1583\"><strong data-start=\"1555\" data-end=\"1583\">Carater\u00edsticas num relance:<\/strong><\/p>\n<ul data-start=\"1584\" data-end=\"1967\">\n<li data-start=\"1584\" data-end=\"1633\">\n<p data-start=\"1586\" data-end=\"1633\">100% zuiver scheerwolvezel, Felted.<\/p>\n<\/li>\n<li data-start=\"1584\" data-end=\"1633\">\n<p data-start=\"1586\" data-end=\"1633\">Heeft het Oeko-Tex Standard keurmerk.<\/p>\n<\/li>\n<li data-start=\"1584\" data-end=\"1633\">\n<p data-start=\"1586\" data-end=\"1633\">Adequado at\u00e9 cerca de 3 anos gra\u00e7as ao design extens\u00edvel<\/p>\n<\/li>\n<li data-start=\"1584\" data-end=\"1633\">\n<p data-start=\"1586\" data-end=\"1633\">Comprimento ajust\u00e1vel gra\u00e7as \u00e0 sec\u00e7\u00e3o amov\u00edvel para os p\u00e9s<\/p>\n<\/li>\n<li data-start=\"1584\" data-end=\"1633\">\n<p data-start=\"1586\" data-end=\"1633\">Duas camadas de l\u00e3 para maior calor e conforto<\/p>\n<\/li>\n<li data-start=\"1584\" data-end=\"1633\">\n<p data-start=\"1586\" data-end=\"1633\">Parte superior totalmente amov\u00edvel - ideal para qualquer esta\u00e7\u00e3o<\/p>\n<\/li>\n<li data-start=\"1584\" data-end=\"1633\">\n<p data-start=\"1586\" data-end=\"1633\">Compat\u00edvel com cintos de 3 e 5 pontos, bem como com modelos com correias fixas<\/p>\n<\/li>\n<li data-start=\"1584\" data-end=\"1633\">\n<p data-start=\"1586\" data-end=\"1633\">Design intemporal, produzido de forma sustent\u00e1vel<\/p>\n<\/li>\n<\/ul>\n<p data-start=\"1969\" data-end=\"2053\">Ofere\u00e7a ao seu filho o melhor da natureza - quente, seguro e sempre confort\u00e1vel em viagem.<\/p>\n<h3 data-start=\"324\" data-end=\"388\"><strong data-start=\"328\" data-end=\"388\">Cobre-p\u00e9s de l\u00e3 de primeira qualidade em l\u00e3 natural de ovelha 100%<\/strong><\/h3>\n<p data-start=\"390\" data-end=\"796\">Este\u00a0<strong data-start=\"395\" data-end=\"438\">Cobre-p\u00e9s de l\u00e3 para beb\u00e9s e crian\u00e7as pequenas<\/strong>\u00a0is gemaakt van\u00a0<strong data-start=\"459\" data-end=\"481\">premium scheerwol,<\/strong>\u00a0um material natural conhecido pelo seu calor, suavidade e respirabilidade excepcionais. Gra\u00e7as a um tratamento especial, o tecido tem uma estrutura de pelo macio em ambos os lados, proporcionando um conforto extra e um isolamento \u00f3timo. Ideal para utilizar tanto no inverno como nos dias frescos de ver\u00e3o.<\/p>\n<p data-start=\"798\" data-end=\"1067\">A dupla camada\u00a0<strong data-start=\"814\" data-end=\"827\">l\u00e3 de lobo<\/strong>\u00a0oferece uma excelente prote\u00e7\u00e3o contra o frio e o vento. Ao mesmo tempo, a\u00a0<strong data-start=\"907\" data-end=\"926\">termorregula\u00e7\u00e3o<\/strong>\u00a0de l\u00e3 garantem que o seu filho n\u00e3o sobreaquece nos dias mais quentes. Este\u00a0<strong data-start=\"1001\" data-end=\"1027\">Cobre-p\u00e9s de l\u00e3 para beb\u00e9<\/strong>\u00a0Como tal, \u00e9 perfeito para todas as esta\u00e7\u00f5es.<\/p>\n<p data-start=\"1069\" data-end=\"1106\"><strong data-start=\"1069\" data-end=\"1106\">Vantagens da l\u00e3 de ovelha de qualidade superior:<\/strong><\/p>\n<ul data-start=\"1107\" data-end=\"1464\">\n<li data-start=\"1107\" data-end=\"1184\">\n<p data-start=\"1109\" data-end=\"1184\"><strong data-start=\"1109\" data-end=\"1145\">Regula\u00e7\u00e3o natural da temperatura<\/strong>: quente no inverno, fresco no ver\u00e3o<\/p>\n<\/li>\n<li data-start=\"1185\" data-end=\"1257\">\n<p data-start=\"1187\" data-end=\"1257\"><strong data-start=\"1187\" data-end=\"1204\">Higrosc\u00f3pico<\/strong>: absorve eficazmente a humidade e mant\u00e9m o beb\u00e9 seco<\/p>\n<\/li>\n<li data-start=\"1258\" data-end=\"1333\">\n<p data-start=\"1260\" data-end=\"1333\"><strong data-start=\"1260\" data-end=\"1299\">Autolimpeza e neutraliza\u00e7\u00e3o de odores<\/strong>: repele a sujidade e os odores desagrad\u00e1veis<\/p>\n<\/li>\n<li data-start=\"1334\" data-end=\"1402\">\n<p data-start=\"1336\" data-end=\"1402\"><strong data-start=\"1336\" data-end=\"1369\">Anti-al\u00e9rgico e resistente aos \u00e1caros<\/strong>seguro para peles sens\u00edveis<\/p>\n<\/li>\n<li data-start=\"1403\" data-end=\"1464\">\n<p data-start=\"1405\" data-end=\"1464\"><strong data-start=\"1405\" data-end=\"1431\">Dur\u00e1vel e higi\u00e9nico<\/strong>: adequado para uso di\u00e1rio<\/p>\n<\/li>\n<\/ul>\n<p data-start=\"1466\" data-end=\"1687\">Este luxuoso\u00a0<strong data-start=\"1476\" data-end=\"1504\">protetor de p\u00e9s de l\u00e3 de ovelha<\/strong>\u00a0\u00e9 um acess\u00f3rio indispens\u00e1vel para os pais que procuram uma solu\u00e7\u00e3o ecol\u00f3gica, confort\u00e1vel e funcional para desloca\u00e7\u00f5es. A escolha perfeita para o carrinho de beb\u00e9, o carrinho de beb\u00e9 ou a cadeira auto.<\/p>","protected":false},"excerpt":{"rendered":"<p data-start=\"133\" data-end=\"435\"><strong data-start=\"133\" data-end=\"211\">Aconchegue-se com o seu beb\u00e9 com este quente tapa-p\u00e9s de l\u00e3 da Zaffiro.<br \/>\n<\/strong><br data-start=\"211\" data-end=\"214\" \/>Feito inteiramente de l\u00e3 de lobo natural de primeira qualidade e adequado para ser usado at\u00e9 aos 3 anos, gra\u00e7as \u00e0 pe\u00e7a de extens\u00e3o inteligente. Isto deve-se ao facto de a parte inferior poder ser aberta, o que permite ajustar o comprimento do protetor para os p\u00e9s. Gra\u00e7as \u00e0s aberturas longitudinais para os cintos de seguran\u00e7a, este cobre-p\u00e9s \u00e9 adequado para sistemas de cintos de 3 e 5 pontos, bem como para modelos com correias fixas. O protetor para os p\u00e9s de l\u00e3 Zaffiro \u00e9 luxuoso, quente e confort\u00e1vel. Com duas camadas de l\u00e3 de lobo, oferece um calor extra no inverno, enquanto a parte superior pode ser totalmente fechada com um fecho de correr para utiliza\u00e7\u00e3o nas esta\u00e7\u00f5es mais quentes. Assim, pode ter a certeza de que o seu filho est\u00e1 confort\u00e1vel durante todo o ano. Veja todos os pormenores e especifica\u00e7\u00f5es abaixo.<\/p>\n<p><strong>Marca: Zaffiro<\/strong><br \/>\n<strong>Produ\u00e7\u00e3o: Pol\u00f3nia<br \/>\nKeur: Oeko-Tex Standard<\/strong><\/p>\n<p><img loading=\"lazy\" decoding=\"async\" class=\"alignnone wp-image-28173 entered lazyloaded\" src=\"https:\/\/woolskins.eu\/wp-content\/uploads\/2024\/05\/csm_OEKO-TEX_Logo_2022_rgb_c1aaeb5ceb-300x300.jpg\" alt=\"\" width=\"89\" height=\"89\" data-lazy-src=\"https:\/\/woolskins.eu\/wp-content\/uploads\/2024\/05\/csm_OEKO-TEX_Logo_2022_rgb_c1aaeb5ceb-300x300.jpg\" data-ll-status=\"loaded\" srcset=\"https:\/\/woolskins.eu\/wp-content\/uploads\/2024\/05\/csm_OEKO-TEX_Logo_2022_rgb_c1aaeb5ceb-300x300.jpg 300w, https:\/\/woolskins.eu\/wp-content\/uploads\/2024\/05\/csm_OEKO-TEX_Logo_2022_rgb_c1aaeb5ceb-150x150.jpg 150w, https:\/\/woolskins.eu\/wp-content\/uploads\/2024\/05\/csm_OEKO-TEX_Logo_2022_rgb_c1aaeb5ceb-768x769.jpg 768w, https:\/\/woolskins.eu\/wp-content\/uploads\/2024\/05\/csm_OEKO-TEX_Logo_2022_rgb_c1aaeb5ceb-12x12.jpg 12w, https:\/\/woolskins.eu\/wp-content\/uploads\/2024\/05\/csm_OEKO-TEX_Logo_2022_rgb_c1aaeb5ceb-600x601.jpg 600w, https:\/\/woolskins.eu\/wp-content\/uploads\/2024\/05\/csm_OEKO-TEX_Logo_2022_rgb_c1aaeb5ceb-100x100.jpg 100w, https:\/\/woolskins.eu\/wp-content\/uploads\/2024\/05\/csm_OEKO-TEX_Logo_2022_rgb_c1aaeb5ceb-64x64.jpg 64w, https:\/\/woolskins.eu\/wp-content\/uploads\/2024\/05\/csm_OEKO-TEX_Logo_2022_rgb_c1aaeb5ceb.jpg 885w\" sizes=\"auto, (max-width: 89px) 100vw, 89px\" \/><\/p>","protected":false},"featured_media":27807,"comment_status":"closed","ping_status":"closed","template":"","meta":{"_acf_changed":false},"product_brand":[],"product_cat":[352,336,502],"product_tag":[],"class_list":{"0":"post-27803","1":"product","2":"type-product","3":"status-publish","4":"has-post-thumbnail","6":"product_cat-merken","7":"product_cat-voetenzakken","8":"product_cat-zaffiro","10":"first","11":"outofstock","12":"taxable","13":"shipping-taxable","14":"purchasable","15":"product-type-simple"},"acf":[],"_links":{"self":[{"href":"https:\/\/woolskins.eu\/pt\/wp-json\/wp\/v2\/product\/27803","targetHints":{"allow":["GET"]}}],"collection":[{"href":"https:\/\/woolskins.eu\/pt\/wp-json\/wp\/v2\/product"}],"about":[{"href":"https:\/\/woolskins.eu\/pt\/wp-json\/wp\/v2\/types\/product"}],"replies":[{"embeddable":true,"href":"https:\/\/woolskins.eu\/pt\/wp-json\/wp\/v2\/comments?post=27803"}],"wp:featuredmedia":[{"embeddable":true,"href":"https:\/\/woolskins.eu\/pt\/wp-json\/wp\/v2\/media\/27807"}],"wp:attachment":[{"href":"https:\/\/woolskins.eu\/pt\/wp-json\/wp\/v2\/media?parent=27803"}],"wp:term":[{"taxonomy":"product_brand","embeddable":true,"href":"https:\/\/woolskins.eu\/pt\/wp-json\/wp\/v2\/product_brand?post=27803"},{"taxonomy":"product_cat","embeddable":true,"href":"https:\/\/woolskins.eu\/pt\/wp-json\/wp\/v2\/product_cat?post=27803"},{"taxonomy":"product_tag","embeddable":true,"href":"https:\/\/woolskins.eu\/pt\/wp-json\/wp\/v2\/product_tag?post=27803"}],"curies":[{"name":"wp","href":"https:\/\/api.w.org\/{rel}","templated":true}]}}