{"id":27525,"date":"2025-11-17T13:39:51","date_gmt":"2025-11-17T13:39:51","guid":{"rendered":"https:\/\/woolskins.eu\/?post_type=product&#038;p=27525"},"modified":"2025-11-17T13:43:15","modified_gmt":"2025-11-17T13:43:15","slug":"recarga-de-novelos-de-la","status":"publish","type":"product","link":"https:\/\/woolskins.eu\/pt\/bijvulling-wolbolletjes\/","title":{"rendered":"Novelos de l\u00e3 para encher a almofada de enfermagem 300 gramas"},"content":{"rendered":"","protected":false},"excerpt":{"rendered":"<p data-start=\"147\" data-end=\"234\"><strong data-start=\"147\" data-end=\"234\">Gl\u00f3bulos de l\u00e3 de enchimento extra - para uma almofada de amamenta\u00e7\u00e3o duradoura e perfeitamente solid\u00e1ria<\/strong><\/p>\n<p data-start=\"236\" data-end=\"521\">Revitalize a sua almofada de alimenta\u00e7\u00e3o Woolskins com o nosso enchimento extra de p\u00e9rolas de l\u00e3 natural 100%. Estes gr\u00e2nulos arejados e resistentes de l\u00e3 de ovelha europeia proporcionam um apoio \u00f3timo durante a alimenta\u00e7\u00e3o, o descanso ou o sono - tal como espera da Woolskins.<\/p>\n<p data-start=\"523\" data-end=\"788\">Os novelos de l\u00e3 s\u00e3o hipoalerg\u00e9nicos, regulam a temperatura e mant\u00eam-se frescos durante muito tempo gra\u00e7as \u00e0s propriedades de auto-limpeza da l\u00e3. Ideal quando a sua almofada de alimenta\u00e7\u00e3o amolece com o tempo ou quando procura um pouco mais de firmeza.<\/p>\n<p data-start=\"790\" data-end=\"900\">Com esta recarga de 300 gramas, pode tornar a sua almofada de amamenta\u00e7\u00e3o como deseja: mais cheia, mais firme e ainda mais confort\u00e1vel.<\/p>\n<p data-start=\"902\" data-end=\"916\"><strong data-start=\"902\" data-end=\"916\">Vantagens:<\/strong><\/p>\n<ul data-start=\"917\" data-end=\"1132\">\n<li data-start=\"917\" data-end=\"958\">\n<p data-start=\"919\" data-end=\"958\">100% novelos de l\u00e3 (l\u00e3 ecol\u00f3gica)<\/p>\n<\/li>\n<li data-start=\"959\" data-end=\"1010\">\n<p data-start=\"961\" data-end=\"1010\">Respir\u00e1vel, hipoalerg\u00e9nico e regulador de temperatura<\/p>\n<\/li>\n<li data-start=\"1011\" data-end=\"1076\">\n<p data-start=\"1013\" data-end=\"1076\">Mant\u00e9m-se resistente e fresco gra\u00e7as \u00e0s propriedades de auto-limpeza<\/p>\n<\/li>\n<li data-start=\"1077\" data-end=\"1132\">\n<p data-start=\"1079\" data-end=\"1132\">F\u00e1cil de encher para um apoio perfeito<\/p>\n<\/li>\n<\/ul>","protected":false},"featured_media":27526,"comment_status":"open","ping_status":"closed","template":"","meta":{"_acf_changed":false},"product_brand":[],"product_cat":[349,210],"product_tag":[],"class_list":{"0":"post-27525","1":"product","2":"type-product","3":"status-publish","4":"has-post-thumbnail","6":"product_cat-borstvoedingenvoedingskussens","7":"product_cat-wollen-voedingskussen","9":"first","10":"instock","11":"taxable","12":"shipping-taxable","13":"purchasable","14":"product-type-simple"},"acf":[],"_links":{"self":[{"href":"https:\/\/woolskins.eu\/pt\/wp-json\/wp\/v2\/product\/27525","targetHints":{"allow":["GET"]}}],"collection":[{"href":"https:\/\/woolskins.eu\/pt\/wp-json\/wp\/v2\/product"}],"about":[{"href":"https:\/\/woolskins.eu\/pt\/wp-json\/wp\/v2\/types\/product"}],"replies":[{"embeddable":true,"href":"https:\/\/woolskins.eu\/pt\/wp-json\/wp\/v2\/comments?post=27525"}],"wp:featuredmedia":[{"embeddable":true,"href":"https:\/\/woolskins.eu\/pt\/wp-json\/wp\/v2\/media\/27526"}],"wp:attachment":[{"href":"https:\/\/woolskins.eu\/pt\/wp-json\/wp\/v2\/media?parent=27525"}],"wp:term":[{"taxonomy":"product_brand","embeddable":true,"href":"https:\/\/woolskins.eu\/pt\/wp-json\/wp\/v2\/product_brand?post=27525"},{"taxonomy":"product_cat","embeddable":true,"href":"https:\/\/woolskins.eu\/pt\/wp-json\/wp\/v2\/product_cat?post=27525"},{"taxonomy":"product_tag","embeddable":true,"href":"https:\/\/woolskins.eu\/pt\/wp-json\/wp\/v2\/product_tag?post=27525"}],"curies":[{"name":"wp","href":"https:\/\/api.w.org\/{rel}","templated":true}]}}