{"id":27445,"date":"2025-11-14T13:35:35","date_gmt":"2025-11-14T13:35:35","guid":{"rendered":"https:\/\/woolskins.eu\/?post_type=product&#038;p=27445"},"modified":"2026-02-15T07:05:12","modified_gmt":"2026-02-15T07:05:12","slug":"saco-cama-de-la-para-bebe-crianca-peluche-amendoa","status":"publish","type":"product","link":"https:\/\/woolskins.eu\/pt\/wollen-slaapzak-baby-peuter-teddy-amandel\/","title":{"rendered":"Saco de dormir de l\u00e3 para beb\u00e9 e crian\u00e7a | Teddy Almond"},"content":{"rendered":"<p data-start=\"126\" data-end=\"937\">Este saco-cama de l\u00e3 com pernas foi concebido para crescer com o ritmo di\u00e1rio do seu filho. Enquanto os sacos-cama tradicionais s\u00e3o principalmente adequados para serem utilizados na cama, este modelo oferece muito mais liberdade. As pernas soltas permitem que o seu filho se mova livremente assim que acorda: sentar-se, gatinhar, andar e brincar \u00e9 f\u00e1cil, sem perder o calor. Assim, o saco-cama \u00e9 ideal para as manh\u00e3s longas e tranquilas do fim de semana, para os beb\u00e9s que querem abra\u00e7ar-se e brincar de manh\u00e3, para as crian\u00e7as que arrefecem rapidamente assim que saem da cama, para os momentos de aconchego no sof\u00e1 ou na sala de estar e para as crian\u00e7as que t\u00eam dificuldade em ficar quietas durante a mudan\u00e7a de roupa. O seu filho ficar\u00e1 quente e confort\u00e1vel, mas sem os constrangimentos de um saco-cama tradicional.<\/p>\n<p data-start=\"126\" data-end=\"937\"><strong>100% Pilha de l\u00e3 virgem<\/strong><\/p>\n<p data-start=\"670\" data-end=\"706\"><strong>Isto faz com que o saco-cama seja ideal para:<\/strong><\/p>\n<ul data-start=\"707\" data-end=\"982\">\n<li data-start=\"707\" data-end=\"750\">\n<p data-start=\"709\" data-end=\"750\">manh\u00e3s longas e tranquilas aos fins-de-semana<\/p>\n<\/li>\n<li data-start=\"751\" data-end=\"813\">\n<p data-start=\"753\" data-end=\"813\">crian\u00e7as pequenas que gostam de se acariciar e brincar de manh\u00e3<\/p>\n<\/li>\n<li data-start=\"814\" data-end=\"867\">\n<p data-start=\"816\" data-end=\"867\">crian\u00e7as que arrefecem rapidamente assim que se levantam da cama<\/p>\n<\/li>\n<li data-start=\"868\" data-end=\"910\">\n<p data-start=\"870\" data-end=\"910\">momentos no sof\u00e1 ou na sala de estar<\/p>\n<\/li>\n<li data-start=\"911\" data-end=\"982\">\n<p data-start=\"913\" data-end=\"982\">crian\u00e7as que n\u00e3o ficam quietas quando se mudam ou mudam de roupa<\/p>\n<\/li>\n<\/ul>\n<p data-start=\"984\" data-end=\"1083\"><strong>O seu beb\u00e9 ficar\u00e1 quente e confort\u00e1vel, mas sem as limita\u00e7\u00f5es de um saco-cama tradicional.<\/strong><\/p>\n<p data-start=\"1085\" data-end=\"1347\"><strong>Punhos de cobertura para p\u00e9s quentes ou dedos livres.<\/strong><\/p>\n<p data-start=\"1085\" data-end=\"1347\">Uma vantagem adicional deste modelo s\u00e3o os punhos inteligentes que envolvem as pernas. Estes permitem manter os p\u00e9s completamente quentes e aconchegados, ou deix\u00e1-los abertos quando o seu filho quiser passear, explorar ou brincar.<\/p>\n<ul data-start=\"1348\" data-end=\"1494\">\n<li data-start=\"1348\" data-end=\"1416\">\n<p data-start=\"1350\" data-end=\"1416\">Os p\u00e9s apertados ret\u00eam o calor enquanto dormem ou descansam.<\/p>\n<\/li>\n<li data-start=\"1417\" data-end=\"1494\">\n<p data-start=\"1419\" data-end=\"1494\">Os p\u00e9s abertos d\u00e3o ao seu filho a liberdade de andar e brincar em seguran\u00e7a.<\/p>\n<\/li>\n<\/ul>\n<p data-start=\"1496\" data-end=\"1639\">Para muitas m\u00e3es, esta \u00e9 a solu\u00e7\u00e3o para as manh\u00e3s em que o seu beb\u00e9 ainda n\u00e3o precisa de ser vestido, mas gosta de correr e de estar ativo.<\/p>\n<p data-start=\"1641\" data-end=\"1851\"><strong>Porque \u00e9 que a l\u00e3 \u00e9 t\u00e3o boa para beb\u00e9s e crian\u00e7as<\/strong><\/p>\n<p data-start=\"1641\" data-end=\"1851\">A l\u00e3 \u00e9 um material excecional por natureza, tanto durante o sono como quando o beb\u00e9 est\u00e1 ativo. Regula naturalmente a temperatura.<\/p>\n<ul data-start=\"1852\" data-end=\"1967\">\n<li data-start=\"1852\" data-end=\"1898\">\n<p data-start=\"1854\" data-end=\"1898\">A l\u00e3 ret\u00e9m o calor quando est\u00e1 frio.<\/p>\n<\/li>\n<li data-start=\"1899\" data-end=\"1967\">\n<p data-start=\"1901\" data-end=\"1967\">A l\u00e3 elimina o excesso de calor e de humidade quando est\u00e1 quente.<\/p>\n<\/li>\n<\/ul>\n<p data-start=\"1969\" data-end=\"2212\">Isto ajuda a evitar o sobreaquecimento do beb\u00e9, assegura um padr\u00e3o de sono mais repousante e mant\u00e9m a temperatura corporal mais equilibrada. Isto \u00e9 especialmente importante para os beb\u00e9s e crian\u00e7as pequenas que ainda mal conseguem regular a sua temperatura por si pr\u00f3prios.<\/p>\n<p data-start=\"2214\" data-end=\"2368\">Al\u00e9m disso, a l\u00e3 utilizada \u00e9 curtida medicamente, hipoalerg\u00e9nica e isenta de subst\u00e2ncias nocivas. Isto torna o saco-cama particularmente adequado para os mais pequenos:<\/p>\n<ul data-start=\"2369\" data-end=\"2438\">\n<li data-start=\"2369\" data-end=\"2379\">\n<p data-start=\"2371\" data-end=\"2379\">eczema<\/p>\n<\/li>\n<li data-start=\"2380\" data-end=\"2423\">\n<p data-start=\"2382\" data-end=\"2423\">pele sens\u00edvel ou facilmente irritada<\/p>\n<\/li>\n<li data-start=\"2424\" data-end=\"2438\">\n<p data-start=\"2426\" data-end=\"2438\">alergias<\/p>\n<\/li>\n<\/ul>\n<p data-start=\"2440\" data-end=\"2554\">A l\u00e3 tamb\u00e9m \u00e9 resistente \u00e0s bact\u00e9rias e n\u00e3o \u00e9 atractiva para os \u00e1caros, contribuindo para um ambiente de sono saud\u00e1vel.<\/p>\n<p data-start=\"2556\" data-end=\"2886\">A l\u00e3 \u00e9 tamb\u00e9m respir\u00e1vel, resistente aos odores e auto-limpante. Neutraliza os odores, respira excecionalmente bem e raramente precisa de ser lavada; uma r\u00e1pida passagem de ar \u00e9 muitas vezes suficiente. A estrutura macia e envolvente da l\u00e3 tamb\u00e9m faz com que as crian\u00e7as se sintam seguras e protegidas, o que muitas vezes as faz dormir mais tranquilamente, menos inquietas e mais profundamente.<\/p>\n<p data-start=\"2888\" data-end=\"2982\"><strong>Ideal para crian\u00e7as que j\u00e1 andam<\/strong><\/p>\n<p data-start=\"2888\" data-end=\"2982\">As pernas e o ajuste flex\u00edvel permitem \u00e0 crian\u00e7a<\/p>\n<ul data-start=\"2983\" data-end=\"3125\">\n<li data-start=\"2983\" data-end=\"3022\">\n<p data-start=\"2985\" data-end=\"3022\">sair da cama sem se refrescar<\/p>\n<\/li>\n<li data-start=\"3023\" data-end=\"3043\">\n<p data-start=\"3025\" data-end=\"3043\">andar em seguran\u00e7a<\/p>\n<\/li>\n<li data-start=\"3044\" data-end=\"3066\">\n<p data-start=\"3046\" data-end=\"3066\">jogo aut\u00f3nomo<\/p>\n<\/li>\n<li data-start=\"3067\" data-end=\"3125\">\n<p data-start=\"3069\" data-end=\"3125\">tomar um pequeno-almo\u00e7o confort\u00e1vel ou participar no ritual matinal<\/p>\n<\/li>\n<\/ul>\n<p data-start=\"3127\" data-end=\"3260\">Acabou-se a pressa de mudar de roupa imediatamente ou a preocupa\u00e7\u00e3o com os p\u00e9s frios: o saco-cama fica simplesmente colocado e suporta todos os rituais matinais.<\/p>\n<p data-start=\"3262\" data-end=\"3539\"><strong>Perfeito para as manh\u00e3s e os ser\u00f5es em casa<\/strong><\/p>\n<p data-start=\"3262\" data-end=\"3539\">Muitas m\u00e3es consideram este saco-cama de l\u00e3 um verdadeiro her\u00f3i matinal. \u00c9 ideal para as manh\u00e3s acolhedoras de fim de semana, quando o seu beb\u00e9 ainda anda pela sala num saco-cama, gatinha no sof\u00e1 consigo ou brinca calmamente enquanto come\u00e7a o dia.<\/p>","protected":false},"excerpt":{"rendered":"<p>Enquanto os sacos-cama tradicionais se destinam principalmente a ser utilizados na cama, este saco-cama de l\u00e3 com tubos oferece muitas mais possibilidades. Gra\u00e7as aos <strong data-start=\"1093\" data-end=\"1110\">tubos soltos<\/strong> com punhos envolventes, o seu filho pode mover-se livremente assim que acorda: sentar-se, gatinhar, andar ou brincar alegremente sem perder o calor. Este saco-cama \u00fanico \u00e9 feito de <strong data-start=\"731\" data-end=\"765\">zuiver scheerwol met OekoTex keur<\/strong>, O saco-cama de l\u00e3 \u00e9 um material macio e hipoalerg\u00e9nico que mant\u00e9m o seu filho quente e o ajuda a dormir melhor. Muitas m\u00e3es consideram este saco-cama de l\u00e3 um verdadeiro her\u00f3i matinal. \u00c9 ideal para as manh\u00e3s aconchegantes de fim de semana, quando o seu filho ainda est\u00e1 no saco-cama, a passear pela sala, a gatinhar no sof\u00e1 consigo ou a brincar calmamente enquanto come\u00e7a o dia.<\/p>\n<p><strong>Marca: Woolskins<\/strong><br \/>\n<strong>Produ\u00e7\u00e3o: Pol\u00f3nia<br \/>\nKeur: Oeko-Tex Standard<\/strong><\/p>\n<p><img loading=\"lazy\" decoding=\"async\" class=\"alignnone wp-image-28173 entered lazyloaded\" src=\"https:\/\/woolskins.eu\/wp-content\/uploads\/2024\/05\/csm_OEKO-TEX_Logo_2022_rgb_c1aaeb5ceb-300x300.jpg\" alt=\"\" width=\"89\" height=\"89\" data-lazy-src=\"https:\/\/woolskins.eu\/wp-content\/uploads\/2024\/05\/csm_OEKO-TEX_Logo_2022_rgb_c1aaeb5ceb-300x300.jpg\" data-ll-status=\"loaded\" srcset=\"https:\/\/woolskins.eu\/wp-content\/uploads\/2024\/05\/csm_OEKO-TEX_Logo_2022_rgb_c1aaeb5ceb-300x300.jpg 300w, https:\/\/woolskins.eu\/wp-content\/uploads\/2024\/05\/csm_OEKO-TEX_Logo_2022_rgb_c1aaeb5ceb-150x150.jpg 150w, https:\/\/woolskins.eu\/wp-content\/uploads\/2024\/05\/csm_OEKO-TEX_Logo_2022_rgb_c1aaeb5ceb-768x769.jpg 768w, https:\/\/woolskins.eu\/wp-content\/uploads\/2024\/05\/csm_OEKO-TEX_Logo_2022_rgb_c1aaeb5ceb-12x12.jpg 12w, https:\/\/woolskins.eu\/wp-content\/uploads\/2024\/05\/csm_OEKO-TEX_Logo_2022_rgb_c1aaeb5ceb-600x601.jpg 600w, https:\/\/woolskins.eu\/wp-content\/uploads\/2024\/05\/csm_OEKO-TEX_Logo_2022_rgb_c1aaeb5ceb-100x100.jpg 100w, https:\/\/woolskins.eu\/wp-content\/uploads\/2024\/05\/csm_OEKO-TEX_Logo_2022_rgb_c1aaeb5ceb-64x64.jpg 64w, https:\/\/woolskins.eu\/wp-content\/uploads\/2024\/05\/csm_OEKO-TEX_Logo_2022_rgb_c1aaeb5ceb.jpg 885w\" sizes=\"auto, (max-width: 89px) 100vw, 89px\" \/><\/p>","protected":false},"featured_media":27448,"comment_status":"open","ping_status":"closed","template":"","meta":{"_acf_changed":false},"product_brand":[],"product_cat":[360,361,364,499,196,370,194],"product_tag":[],"class_list":{"0":"post-27445","1":"product","2":"type-product","3":"status-publish","4":"has-post-thumbnail","6":"product_cat-cadeautips","7":"product_cat-babyshower","8":"product_cat-cadeaus-vanaf-e50","9":"product_cat-new-arrivals","10":"product_cat-slaapkleding-baby","11":"product_cat-slaapzakken","12":"product_cat-wollen-babyproducten","14":"first","15":"instock","16":"taxable","17":"shipping-taxable","18":"purchasable","19":"product-type-variable"},"acf":[],"_links":{"self":[{"href":"https:\/\/woolskins.eu\/pt\/wp-json\/wp\/v2\/product\/27445","targetHints":{"allow":["GET"]}}],"collection":[{"href":"https:\/\/woolskins.eu\/pt\/wp-json\/wp\/v2\/product"}],"about":[{"href":"https:\/\/woolskins.eu\/pt\/wp-json\/wp\/v2\/types\/product"}],"replies":[{"embeddable":true,"href":"https:\/\/woolskins.eu\/pt\/wp-json\/wp\/v2\/comments?post=27445"}],"wp:featuredmedia":[{"embeddable":true,"href":"https:\/\/woolskins.eu\/pt\/wp-json\/wp\/v2\/media\/27448"}],"wp:attachment":[{"href":"https:\/\/woolskins.eu\/pt\/wp-json\/wp\/v2\/media?parent=27445"}],"wp:term":[{"taxonomy":"product_brand","embeddable":true,"href":"https:\/\/woolskins.eu\/pt\/wp-json\/wp\/v2\/product_brand?post=27445"},{"taxonomy":"product_cat","embeddable":true,"href":"https:\/\/woolskins.eu\/pt\/wp-json\/wp\/v2\/product_cat?post=27445"},{"taxonomy":"product_tag","embeddable":true,"href":"https:\/\/woolskins.eu\/pt\/wp-json\/wp\/v2\/product_tag?post=27445"}],"curies":[{"name":"wp","href":"https:\/\/api.w.org\/{rel}","templated":true}]}}