{"id":27241,"date":"2025-11-05T13:32:04","date_gmt":"2025-11-05T13:32:04","guid":{"rendered":"https:\/\/woolskins.eu\/?post_type=product&#038;p=27241"},"modified":"2026-02-13T20:43:04","modified_gmt":"2026-02-13T20:43:04","slug":"gorro-de-la-para-bebe-violeta-recem-nascido-zaffiro-teddy-bege","status":"publish","type":"product","link":"https:\/\/woolskins.eu\/pt\/babymuts-wol-violet-newborn-zaffiro-teddy-beige\/","title":{"rendered":"Chap\u00e9u de l\u00e3 \u2018Violet\u2019 para beb\u00e9 rec\u00e9m-nascido - Zaffiro | Teddy beige"},"content":{"rendered":"<p>O gorro para beb\u00e9 Zaffiro Wool \u2018Violet\u2019 manter\u00e1 o seu beb\u00e9 maravilhosamente quente. Feito de l\u00e3 de cordeiro macia e de alta qualidade, este elegante gorro para beb\u00e9 da marca Zaffiro oferece um conforto e um calor excepcionais. A forma \u00fanica de tulipa garante um ajuste confort\u00e1vel e protege a cabe\u00e7a e as orelhas delicadas do seu beb\u00e9 do frio e do vento. O gorro tem cord\u00f5es para atar e apresenta um bonito remate e pompom. Feito \u00e0 m\u00e3o e em l\u00e3 de borrego 100%<\/p>\n<p>carater\u00edsticas:<\/p>\n<ul>\n<li>L\u00e3 de cordeiro de primeira qualidade: Proporciona um calor e uma suavidade \u00f3ptimos para peles sens\u00edveis.<\/li>\n<li>Design giro com brincos<strong data-start=\"110\" data-end=\"137\">:<\/strong> Oferece um ajuste divertido, elegante e confort\u00e1vel.<\/li>\n<li>Dur\u00e1vel: Feito para durar, mesmo com utiliza\u00e7\u00e3o frequente.<\/li>\n<li>F\u00e1cil de manter: F\u00e1cil de limpar e manter.<\/li>\n<\/ul>\n<p>Ideal para:<\/p>\n<ul>\n<li>Passeios e aventuras di\u00e1rias.<\/li>\n<li>Tempo de inverno e noites frias.<\/li>\n<li>Oferta de prendas para novos pais.<\/li>\n<\/ul>\n<p>Escolha o gorro de l\u00e3 Zaffiro Violet para beb\u00e9 para um toque de eleg\u00e2ncia e um calor pr\u00e1tico. Chap\u00e9u de beb\u00e9 em l\u00e3.<\/p>\n<p data-start=\"63\" data-end=\"427\"><strong data-start=\"63\" data-end=\"83\">Instru\u00e7\u00f5es de lavagem<\/strong><\/p>\n<p data-start=\"63\" data-end=\"427\">Para manter este tecido de l\u00e3 Teddy bonito e macio, recomendamos a lavagem \u00e0 m\u00e3o a uma temperatura m\u00e1xima de 30 \u00b0C. Ao faz\u00ea-lo, proceda com cuidado e utilize um detergente suave para l\u00e3. Evite lix\u00edvia, ferro de engomar, m\u00e1quina de secar e centrifuga\u00e7\u00e3o. Deixe o tecido secar na horizontal para preservar a sua forma. Tamb\u00e9m \u00e9 poss\u00edvel efetuar uma limpeza a seco.<\/p>\n<p data-start=\"429\" data-end=\"552\">\u2728 <strong data-start=\"431\" data-end=\"439\">Sugest\u00e3o:<\/strong> A l\u00e3 n\u00e3o precisa de ser lavada com frequ\u00eancia. Uma r\u00e1pida passagem de ar ao ar livre \u00e9 muitas vezes suficiente para manter o tecido fresco.<\/p>\n<p data-start=\"554\" data-end=\"817\">\ud83c\udf3f <strong data-start=\"557\" data-end=\"588\">Porque \u00e9 que a l\u00e3 \u00e9 especial: <\/strong>A l\u00e3 \u00e9 naturalmente autolimpante e repele a sujidade. Os odores desaparecem com o simples arejamento do tecido e a sujidade adere menos facilmente do que noutros materiais. Assim, o seu tecido de l\u00e3 mant\u00e9m-se fresco durante mais tempo, sem grande manuten\u00e7\u00e3o.<\/p>","protected":false},"excerpt":{"rendered":"<p>O gorro para beb\u00e9 Zaffiro Wool \u2018Violet\u2019 manter\u00e1 o seu beb\u00e9 maravilhosamente quente. Feito de l\u00e3 de cordeiro macia e de alta qualidade, este elegante gorro para beb\u00e9 da marca Zaffiro oferece um conforto e um calor excepcionais. Este design \u00fanico com orelhas bonitas garante um ajuste confort\u00e1vel e protege a cabe\u00e7a e as orelhas delicadas do seu beb\u00e9 do frio e do vento. O gorro tem cord\u00f5es para atar e apresenta um bonito remate. Feito \u00e0 m\u00e3o e em l\u00e3 de borrego 100%. Gorro de l\u00e3 para beb\u00e9<\/p>\n<p><strong>Marca: Zaffiro<\/strong><br \/>\n<strong>Produ\u00e7\u00e3o: Pol\u00f3nia<br \/>\nKeur: Oeko-Tex Standard<\/strong><\/p>\n<p><img loading=\"lazy\" decoding=\"async\" class=\"alignnone wp-image-28173 entered lazyloaded\" src=\"https:\/\/woolskins.eu\/wp-content\/uploads\/2024\/05\/csm_OEKO-TEX_Logo_2022_rgb_c1aaeb5ceb-300x300.jpg\" alt=\"\" width=\"89\" height=\"89\" data-lazy-src=\"https:\/\/woolskins.eu\/wp-content\/uploads\/2024\/05\/csm_OEKO-TEX_Logo_2022_rgb_c1aaeb5ceb-300x300.jpg\" data-ll-status=\"loaded\" srcset=\"https:\/\/woolskins.eu\/wp-content\/uploads\/2024\/05\/csm_OEKO-TEX_Logo_2022_rgb_c1aaeb5ceb-300x300.jpg 300w, https:\/\/woolskins.eu\/wp-content\/uploads\/2024\/05\/csm_OEKO-TEX_Logo_2022_rgb_c1aaeb5ceb-150x150.jpg 150w, https:\/\/woolskins.eu\/wp-content\/uploads\/2024\/05\/csm_OEKO-TEX_Logo_2022_rgb_c1aaeb5ceb-768x769.jpg 768w, https:\/\/woolskins.eu\/wp-content\/uploads\/2024\/05\/csm_OEKO-TEX_Logo_2022_rgb_c1aaeb5ceb-12x12.jpg 12w, https:\/\/woolskins.eu\/wp-content\/uploads\/2024\/05\/csm_OEKO-TEX_Logo_2022_rgb_c1aaeb5ceb-600x601.jpg 600w, https:\/\/woolskins.eu\/wp-content\/uploads\/2024\/05\/csm_OEKO-TEX_Logo_2022_rgb_c1aaeb5ceb-100x100.jpg 100w, https:\/\/woolskins.eu\/wp-content\/uploads\/2024\/05\/csm_OEKO-TEX_Logo_2022_rgb_c1aaeb5ceb-64x64.jpg 64w, https:\/\/woolskins.eu\/wp-content\/uploads\/2024\/05\/csm_OEKO-TEX_Logo_2022_rgb_c1aaeb5ceb.jpg 885w\" sizes=\"auto, (max-width: 89px) 100vw, 89px\" \/><\/p>","protected":false},"featured_media":27245,"comment_status":"open","ping_status":"closed","template":"","meta":{"_acf_changed":false},"product_brand":[],"product_cat":[361,363,200,352,499,196,346,502],"product_tag":[],"class_list":{"0":"post-27241","1":"product","2":"type-product","3":"status-publish","4":"has-post-thumbnail","6":"product_cat-babyshower","7":"product_cat-cadeaus-e25-e50","8":"product_cat-wollen-babykleding","9":"product_cat-merken","10":"product_cat-new-arrivals","11":"product_cat-slaapkleding-baby","12":"product_cat-mutsjesensjaaltjes","13":"product_cat-zaffiro","15":"first","16":"instock","17":"taxable","18":"shipping-taxable","19":"purchasable","20":"product-type-variable"},"acf":[],"_links":{"self":[{"href":"https:\/\/woolskins.eu\/pt\/wp-json\/wp\/v2\/product\/27241","targetHints":{"allow":["GET"]}}],"collection":[{"href":"https:\/\/woolskins.eu\/pt\/wp-json\/wp\/v2\/product"}],"about":[{"href":"https:\/\/woolskins.eu\/pt\/wp-json\/wp\/v2\/types\/product"}],"replies":[{"embeddable":true,"href":"https:\/\/woolskins.eu\/pt\/wp-json\/wp\/v2\/comments?post=27241"}],"wp:featuredmedia":[{"embeddable":true,"href":"https:\/\/woolskins.eu\/pt\/wp-json\/wp\/v2\/media\/27245"}],"wp:attachment":[{"href":"https:\/\/woolskins.eu\/pt\/wp-json\/wp\/v2\/media?parent=27241"}],"wp:term":[{"taxonomy":"product_brand","embeddable":true,"href":"https:\/\/woolskins.eu\/pt\/wp-json\/wp\/v2\/product_brand?post=27241"},{"taxonomy":"product_cat","embeddable":true,"href":"https:\/\/woolskins.eu\/pt\/wp-json\/wp\/v2\/product_cat?post=27241"},{"taxonomy":"product_tag","embeddable":true,"href":"https:\/\/woolskins.eu\/pt\/wp-json\/wp\/v2\/product_tag?post=27241"}],"curies":[{"name":"wp","href":"https:\/\/api.w.org\/{rel}","templated":true}]}}