{"id":26890,"date":"2025-10-17T12:58:42","date_gmt":"2025-10-17T12:58:42","guid":{"rendered":"https:\/\/woolskins.eu\/?post_type=product&#038;p=26890"},"modified":"2025-12-23T22:21:08","modified_gmt":"2025-12-23T22:21:08","slug":"chinelos-de-la_mulheres","status":"publish","type":"product","link":"https:\/\/woolskins.eu\/pt\/wollen_sloffen_dames\/","title":{"rendered":"A Basic Brand - Chinelos de L\u00e3 Senhora - 100% Nova L\u00e3 | bege"},"content":{"rendered":"<h3 data-start=\"115\" data-end=\"164\"><strong data-start=\"119\" data-end=\"164\">A Basic Brand - Chinelos de l\u00e3 para senhora<\/strong><\/h3>\n<p data-start=\"166\" data-end=\"475\">Super quente e reconfortante, mas tamb\u00e9m completamente natural e respir\u00e1vel. Este <strong data-start=\"237\" data-end=\"273\">pantufas de l\u00e3 da A Basic Brand<\/strong> s\u00e3o feitas para mulheres que gostam de conforto, simplicidade e materiais naturais. Oferecem o equil\u00edbrio perfeito entre calor, respirabilidade e estilo - ideal para usar em casa durante todo o ano.<\/p>\n<h4 data-start=\"477\" data-end=\"509\"><strong data-start=\"482\" data-end=\"509\">100% Pilha de l\u00e3 nova pura<\/strong><\/h4>\n<p data-start=\"510\" data-end=\"780\">O interior das pantufas \u00e9 feito de <strong data-start=\"555\" data-end=\"578\">100% l\u00e3 pura nova<\/strong>L\u00e3 de ovelha: l\u00e3 rec\u00e9m-minerada que nunca foi processada antes. Isto cria um forro excecionalmente macio, resistente e respir\u00e1vel que se molda aos seus p\u00e9s e mant\u00e9m continuamente uma temperatura confort\u00e1vel.<\/p>\n<h4 data-start=\"782\" data-end=\"811\"><strong data-start=\"787\" data-end=\"811\">As vantagens da l\u00e3<\/strong><\/h4>\n<p data-start=\"812\" data-end=\"919\">A l\u00e3 \u00e9 uma das fibras naturais mais funcionais que existem. Gra\u00e7as \u00e0s suas propriedades \u00fanicas:<\/p>\n<ul data-start=\"920\" data-end=\"1300\">\n<li data-start=\"920\" data-end=\"995\">\n<p data-start=\"922\" data-end=\"995\"><strong data-start=\"922\" data-end=\"954\">A l\u00e3 regula a temperatura<\/strong> - quente no inverno, fresco no ver\u00e3o.<\/p>\n<\/li>\n<li data-start=\"996\" data-end=\"1070\">\n<p data-start=\"998\" data-end=\"1070\"><strong data-start=\"998\" data-end=\"1035\">\u00c9 respir\u00e1vel e regula a humidade<\/strong> - mant\u00e9m os p\u00e9s secos e frescos.<\/p>\n<\/li>\n<li data-start=\"1071\" data-end=\"1147\">\n<p data-start=\"1073\" data-end=\"1147\"><strong data-start=\"1073\" data-end=\"1115\">\u00c9 autolimpante e antibacteriano<\/strong> - os odores n\u00e3o t\u00eam qualquer hip\u00f3tese.<\/p>\n<\/li>\n<li data-start=\"1148\" data-end=\"1214\">\n<p data-start=\"1150\" data-end=\"1214\"><strong data-start=\"1150\" data-end=\"1174\">\u00c9 hipoalerg\u00e9nico<\/strong> - Suave para peles sens\u00edveis.<\/p>\n<\/li>\n<li data-start=\"1215\" data-end=\"1300\">\n<p data-start=\"1217\" data-end=\"1300\"><strong data-start=\"1217\" data-end=\"1262\">\u00c9 sustent\u00e1vel e biodegrad\u00e1vel?<\/strong> - bom para si e para o planeta.<\/p>\n<\/li>\n<\/ul>\n<h4 data-start=\"1302\" data-end=\"1341\"><strong data-start=\"1307\" data-end=\"1341\">Calor e conforto em cada passo<\/strong><\/h4>\n<p data-start=\"1342\" data-end=\"1641\">As pantufas de l\u00e3 da A Basic Brand s\u00e3o leves, mas oferecem uma ader\u00eancia firme e um apoio natural. A l\u00e3 macia envolve os p\u00e9s como um abra\u00e7o quente e d\u00e1 uma sensa\u00e7\u00e3o instant\u00e2nea de relaxamento. Perfeitas para manh\u00e3s frias, noites calmas ou longos dias de trabalho a partir de casa.<\/p>\n<h4 data-start=\"1643\" data-end=\"1679\"><strong data-start=\"1648\" data-end=\"1679\">Design simples e intemporal<\/strong><\/h4>\n<p data-start=\"1680\" data-end=\"1913\">Como o nome sugere, significa <strong data-start=\"1709\" data-end=\"1726\">Uma marca b\u00e1sica<\/strong> para uma simplicidade pura e uma qualidade natural. Sem pormenores desnecess\u00e1rios - apenas um aspeto intemporal e um conforto duradouro. A cor natural da l\u00e3 adapta-se a todos os estilos e interiores.<\/p>\n<h4 data-start=\"1915\" data-end=\"1950\"><strong data-start=\"1920\" data-end=\"1950\">Dispon\u00edvel em dois tamanhos<\/strong><\/h4>\n<p data-start=\"1951\" data-end=\"1985\">As pantufas est\u00e3o dispon\u00edveis em:<\/p>\n<ul data-start=\"1986\" data-end=\"2023\">\n<li data-start=\"1986\" data-end=\"2004\">\n<p data-start=\"1988\" data-end=\"2004\"><strong data-start=\"1988\" data-end=\"2002\">Tamanho 38\/39 (26cm)<\/strong><\/p>\n<\/li>\n<li data-start=\"2005\" data-end=\"2023\">\n<p data-start=\"2007\" data-end=\"2023\"><strong data-start=\"2007\" data-end=\"2021\">Tamanho 40\/41 (28cm)<\/strong><\/p>\n<\/li>\n<\/ul>\n<p data-start=\"2025\" data-end=\"2167\">Gra\u00e7as \u00e0 elasticidade natural da l\u00e3, adaptam-se bem ao p\u00e9 sem apertar e mant\u00eam a sua forma com uma utiliza\u00e7\u00e3o regular.<\/p>","protected":false},"excerpt":{"rendered":"<h3 data-start=\"115\" data-end=\"164\"><strong data-start=\"119\" data-end=\"164\">A Basic Brand - Chinelos de l\u00e3 para senhora<\/strong><\/h3>\n<p>Experimente o m\u00e1ximo em conforto dom\u00e9stico com o <strong data-start=\"171\" data-end=\"218\">Pantufas de l\u00e3 para senhora da A Basic Brand<\/strong>. Fabricadas em l\u00e3 nova pura 100% de dupla camada, s\u00e3o maravilhosamente quentes, macias e respir\u00e1veis - ideais para os dias frios e para os amantes dos materiais naturais. A l\u00e3 regula a temperatura, elimina a humidade e mant\u00e9m os p\u00e9s frescos e secos, sem beliscar. Dispon\u00edvel em tamanho <strong data-start=\"486\" data-end=\"495\">38\/39<\/strong> e <strong data-start=\"499\" data-end=\"508\">40\/41<\/strong> para um ajuste perfeito e puro relaxamento a cada passo. Al\u00e9m disso, estes chinelos est\u00e3o equipados com <strong data-start=\"594\" data-end=\"613\">solas antiderrapantes<\/strong>, permitindo-lhe caminhar de forma segura e est\u00e1vel em todos os pisos.<\/p>\n<p><strong>Marca: A Basic Brand<\/strong><br \/>\n<strong>Pa\u00eds: Pol\u00f3nia<\/strong><\/p>","protected":false},"featured_media":26895,"comment_status":"open","ping_status":"closed","template":"","meta":{"_acf_changed":false},"product_brand":[],"product_cat":[499,351,360,364,350,31],"product_tag":[],"class_list":{"0":"post-26890","1":"product","2":"type-product","3":"status-publish","4":"has-post-thumbnail","6":"product_cat-new-arrivals","7":"product_cat-accessoiresvoormama","8":"product_cat-cadeautips","9":"product_cat-cadeaus-vanaf-e50","10":"product_cat-fashion","11":"product_cat-yogamat-wol","13":"first","14":"instock","15":"taxable","16":"shipping-taxable","17":"purchasable","18":"product-type-variable"},"acf":[],"_links":{"self":[{"href":"https:\/\/woolskins.eu\/pt\/wp-json\/wp\/v2\/product\/26890","targetHints":{"allow":["GET"]}}],"collection":[{"href":"https:\/\/woolskins.eu\/pt\/wp-json\/wp\/v2\/product"}],"about":[{"href":"https:\/\/woolskins.eu\/pt\/wp-json\/wp\/v2\/types\/product"}],"replies":[{"embeddable":true,"href":"https:\/\/woolskins.eu\/pt\/wp-json\/wp\/v2\/comments?post=26890"}],"wp:featuredmedia":[{"embeddable":true,"href":"https:\/\/woolskins.eu\/pt\/wp-json\/wp\/v2\/media\/26895"}],"wp:attachment":[{"href":"https:\/\/woolskins.eu\/pt\/wp-json\/wp\/v2\/media?parent=26890"}],"wp:term":[{"taxonomy":"product_brand","embeddable":true,"href":"https:\/\/woolskins.eu\/pt\/wp-json\/wp\/v2\/product_brand?post=26890"},{"taxonomy":"product_cat","embeddable":true,"href":"https:\/\/woolskins.eu\/pt\/wp-json\/wp\/v2\/product_cat?post=26890"},{"taxonomy":"product_tag","embeddable":true,"href":"https:\/\/woolskins.eu\/pt\/wp-json\/wp\/v2\/product_tag?post=26890"}],"curies":[{"name":"wp","href":"https:\/\/api.w.org\/{rel}","templated":true}]}}