{"id":26844,"date":"2025-10-15T12:56:57","date_gmt":"2025-10-15T12:56:57","guid":{"rendered":"https:\/\/woolskins.eu\/?post_type=product&#038;p=26844"},"modified":"2026-03-29T12:57:05","modified_gmt":"2026-03-29T12:57:05","slug":"funda-de-bebe-multifuncoes-zaffiro-be-close-algodao-bege","status":"publish","type":"product","link":"https:\/\/woolskins.eu\/pt\/multifunctionele-draagdoek-voor-baby-zaffiro-be-close-katoen-beige\/","title":{"rendered":"Baby sling multifun\u00e7\u00f5es - Zaffiro \u2018Be Close\u2019| Algod\u00e3o Bege"},"content":{"rendered":"<h2 data-start=\"188\" data-end=\"260\"><strong data-start=\"191\" data-end=\"260\">Zaffiro Be Close - Funda multifuncional para beb\u00e9 em tecido<\/strong><\/h2>\n<p data-start=\"262\" data-end=\"614\">Descubra a solu\u00e7\u00e3o perfeita <strong data-start=\"281\" data-end=\"302\">funda tecida<\/strong> para o seu beb\u00e9: o <strong data-start=\"322\" data-end=\"352\">Zaffiro Be Close sling<\/strong> \u00e9 uma solu\u00e7\u00e3o vers\u00e1til, segura e confort\u00e1vel para os pais que gostam de transportar o seu beb\u00e9 junto a si. Adequado desde o nascimento at\u00e9 cerca de 2 anos (3,5-13 kg), combina <strong data-start=\"539\" data-end=\"569\">funda multifun\u00e7\u00f5es<\/strong> facilidade de utiliza\u00e7\u00e3o com um design ergon\u00f3mico.<\/p>\n<h3 data-start=\"616\" data-end=\"659\"><strong data-start=\"623\" data-end=\"659\">Confort\u00e1vel, respir\u00e1vel e duradouro<\/strong><\/h3>\n<p data-start=\"660\" data-end=\"957\">A funda \u00e9 feita de algod\u00e3o 100% respir\u00e1vel e hipoalerg\u00e9nico. Gra\u00e7as ao tecido robusto em espinha de peixe, o tecido \u00e9 macio, mas oferece um apoio ideal para si e para o seu beb\u00e9. O algod\u00e3o natural proporciona ventila\u00e7\u00e3o, mantendo o tecido confort\u00e1vel mesmo em tempo quente.<\/p>\n<h3 data-start=\"959\" data-end=\"998\"><strong data-start=\"966\" data-end=\"998\">Transporte ergon\u00f3mico e seguro<\/strong><\/h3>\n<p data-start=\"999\" data-end=\"1327\">A funda Zaffiro Be Close apoia as costas naturais do beb\u00e9 em forma de C e promove o desenvolvimento saud\u00e1vel das ancas atrav\u00e9s de um posicionamento p\u00e9lvico correto - o conhecido <strong data-start=\"1165\" data-end=\"1178\">Postura M<\/strong>, A funda \u00e9 um instrumento de trabalho que permite que os joelhos fiquem ligeiramente mais altos do que as n\u00e1degas. Isto torna a funda n\u00e3o s\u00f3 confort\u00e1vel, mas tamb\u00e9m segura e ergon\u00f3mica.<\/p>\n<h3 data-start=\"1329\" data-end=\"1376\"><strong data-start=\"1336\" data-end=\"1376\">F\u00e1cil de atar e ajustar<\/strong><\/h3>\n<p data-start=\"1377\" data-end=\"1699\">Com um comprimento de <strong data-start=\"1396\" data-end=\"1406\">460 cm<\/strong> e uma linha central marcada, a funda Be Close \u00e9 f\u00e1cil de atar e adequada para qualquer postura. A funda pode ser utilizada em diferentes posi\u00e7\u00f5es de transporte: frente, anca ou costas. O transporte de costas \u00e9 recomendado logo que o beb\u00e9 consiga sentar-se sem ajuda (normalmente a partir dos 12 meses).<\/p>\n<h3 data-start=\"1701\" data-end=\"1741\"><strong data-start=\"1708\" data-end=\"1741\">Mais leve, mais liberdade<\/strong><\/h3>\n<p data-start=\"1742\" data-end=\"1986\">Gra\u00e7as \u00e0 distribui\u00e7\u00e3o uniforme do peso, o seu beb\u00e9 sente-se mais leve na funda. Isto significa menos press\u00e3o nas costas e nos ombros, permitindo-lhe transportar o beb\u00e9 confortavelmente durante mais tempo - ideal para o uso di\u00e1rio, passeios ou em viagem.<\/p>\n<h3 data-start=\"1988\" data-end=\"2033\"><strong data-start=\"1995\" data-end=\"2033\">Pr\u00e1tico e de f\u00e1cil manuten\u00e7\u00e3o<\/strong><\/h3>\n<p data-start=\"2034\" data-end=\"2330\">A funda Zaffiro Be Close ocupa pouco espa\u00e7o quando dobrada e \u00e9 f\u00e1cil de transportar. A funda \u00e9 fornecida com instru\u00e7\u00f5es claras de utiliza\u00e7\u00e3o e est\u00e1 em conformidade com as normas de seguran\u00e7a europeias.<br data-start=\"2234\" data-end=\"2237\" \/>Pode lavar o pano a 40\u00b0C num ciclo delicado; n\u00e3o branquear nem secar na m\u00e1quina.<\/p>\n<h3 data-start=\"2332\" data-end=\"2392\"><strong data-start=\"2339\" data-end=\"2392\">Porqu\u00ea escolher a funda Zaffiro Be Close?<\/strong><\/h3>\n<ul data-start=\"2393\" data-end=\"2745\">\n<li data-start=\"2393\" data-end=\"2443\">\n<p data-start=\"2395\" data-end=\"2443\">Adequado desde o nascimento at\u00e9 aos 2 anos (3,5-13 kg)<\/p>\n<\/li>\n<li data-start=\"2444\" data-end=\"2485\">\n<p data-start=\"2446\" data-end=\"2485\">100% algod\u00e3o respir\u00e1vel e hipoalerg\u00e9nico<\/p>\n<\/li>\n<li data-start=\"2486\" data-end=\"2545\">\n<p data-start=\"2488\" data-end=\"2545\">Design ergon\u00f3mico com forma natural em C e postura em M<\/p>\n<\/li>\n<li data-start=\"2546\" data-end=\"2603\">\n<p data-start=\"2548\" data-end=\"2603\">Comprimento: 460 cm - f\u00e1cil de atar e ajustar<\/p>\n<\/li>\n<li data-start=\"2604\" data-end=\"2640\">\n<p data-start=\"2606\" data-end=\"2640\">Posi\u00e7\u00f5es de transporte: barriga, anca e costas<\/p>\n<\/li>\n<li data-start=\"2641\" data-end=\"2686\">\n<p data-start=\"2643\" data-end=\"2686\">Dur\u00e1vel, compacto e f\u00e1cil de utilizar<\/p>\n<\/li>\n<li data-start=\"2687\" data-end=\"2745\">\n<p data-start=\"2689\" data-end=\"2745\">Concebido e testado de acordo com as normas de seguran\u00e7a europeias<\/p>\n<\/li>\n<\/ul>\n<p data-start=\"2747\" data-end=\"3004\">O <strong data-start=\"2750\" data-end=\"2780\">Zaffiro Be Close sling<\/strong> \u00e9 a escolha ideal para os pais que valorizam o conforto, a seguran\u00e7a e a liga\u00e7\u00e3o. Seja em casa ou fora dela, com este <strong data-start=\"2913\" data-end=\"2939\">funda ergon\u00f3mica<\/strong> tem sempre o seu beb\u00e9 por perto - quente, seguro e descontra\u00eddo.<\/p>","protected":false},"excerpt":{"rendered":"<p><strong data-start=\"122\" data-end=\"188\">Zaffiro Be Close sling - Segura, confort\u00e1vel e vers\u00e1til<br \/>\n<\/strong><br data-start=\"188\" data-end=\"191\" \/>O Zaffiro Be Close \u00e9 um <strong data-start=\"218\" data-end=\"239\">funda tecida<\/strong> Fabricada em algod\u00e3o 100% respir\u00e1vel e hipoalerg\u00e9nico. Esta funda pode ser utilizada de v\u00e1rias maneiras. Adequado desde o nascimento at\u00e9 cerca de 2 anos (3,5-13 kg). O tecido robusto em espinha de peixe garante um apoio ideal para o seu beb\u00e9 e uma distribui\u00e7\u00e3o uniforme do peso, tornando o transporte mais leve e confort\u00e1vel. Com um comprimento de 460 cm e uma linha central marcada, o pano \u00e9 f\u00e1cil de atar e adapta-se a qualquer estatura. Uma escolha pr\u00e1tica, elegante e segura para uma utiliza\u00e7\u00e3o quotidiana. Leia mais nas informa\u00e7\u00f5es sobre o produto.<\/p>\n<p><strong>Marca: Zaffiro<\/strong><br \/>\n<strong>Pa\u00eds: Pol\u00f3nia<\/strong><\/p>","protected":false},"featured_media":26845,"comment_status":"open","ping_status":"closed","template":"","meta":{"_acf_changed":false},"product_brand":[],"product_cat":[499,531,364,31,352,502],"product_tag":[],"class_list":{"0":"post-26844","1":"product","2":"type-product","3":"status-publish","4":"has-post-thumbnail","6":"product_cat-new-arrivals","7":"product_cat-babydraagdoeken","8":"product_cat-cadeaus-vanaf-e50","9":"product_cat-yogamat-wol","10":"product_cat-merken","11":"product_cat-zaffiro","13":"first","14":"outofstock","15":"taxable","16":"shipping-taxable","17":"purchasable","18":"product-type-simple"},"acf":[],"_links":{"self":[{"href":"https:\/\/woolskins.eu\/pt\/wp-json\/wp\/v2\/product\/26844","targetHints":{"allow":["GET"]}}],"collection":[{"href":"https:\/\/woolskins.eu\/pt\/wp-json\/wp\/v2\/product"}],"about":[{"href":"https:\/\/woolskins.eu\/pt\/wp-json\/wp\/v2\/types\/product"}],"replies":[{"embeddable":true,"href":"https:\/\/woolskins.eu\/pt\/wp-json\/wp\/v2\/comments?post=26844"}],"wp:featuredmedia":[{"embeddable":true,"href":"https:\/\/woolskins.eu\/pt\/wp-json\/wp\/v2\/media\/26845"}],"wp:attachment":[{"href":"https:\/\/woolskins.eu\/pt\/wp-json\/wp\/v2\/media?parent=26844"}],"wp:term":[{"taxonomy":"product_brand","embeddable":true,"href":"https:\/\/woolskins.eu\/pt\/wp-json\/wp\/v2\/product_brand?post=26844"},{"taxonomy":"product_cat","embeddable":true,"href":"https:\/\/woolskins.eu\/pt\/wp-json\/wp\/v2\/product_cat?post=26844"},{"taxonomy":"product_tag","embeddable":true,"href":"https:\/\/woolskins.eu\/pt\/wp-json\/wp\/v2\/product_tag?post=26844"}],"curies":[{"name":"wp","href":"https:\/\/api.w.org\/{rel}","templated":true}]}}