{"id":26717,"date":"2025-10-08T11:37:00","date_gmt":"2025-10-08T11:37:00","guid":{"rendered":"https:\/\/woolskins.eu\/?post_type=product&#038;p=26717"},"modified":"2026-01-10T08:48:57","modified_gmt":"2026-01-10T08:48:57","slug":"saco-de-la_pes","status":"publish","type":"product","link":"https:\/\/woolskins.eu\/pt\/wollen_voetenzak\/","title":{"rendered":"Zaffiro | Cobre-p\u00e9s de l\u00e3 0-3 anos EverGrow | Bege"},"content":{"rendered":"<h3 data-start=\"196\" data-end=\"251\">Zaffiro - Cobre-p\u00e9s de l\u00e3 EverGrow<\/h3>\n<p data-start=\"252\" data-end=\"301\">Calor, conforto e prote\u00e7\u00e3o - em qualquer esta\u00e7\u00e3o<\/p>\n<p data-start=\"303\" data-end=\"1048\">O len\u00e7o para os p\u00e9s de l\u00e3 EverGrow da Zafiro foi concebido para os pais que querem oferecer ao seu beb\u00e9 o melhor conforto, mesmo durante os dias frios. Este luxuoso pufe de inverno \u00e9 forrado com l\u00e3 de ovelha natural de qualidade superior 100%. A l\u00e3 tem propriedades naturais de regula\u00e7\u00e3o da temperatura: ret\u00e9m o calor no frio, mas permite que o excesso de calor e a humidade saiam facilmente. Assim, o seu beb\u00e9 mant\u00e9m-se sempre a uma temperatura confort\u00e1vel, sem transpirar. Al\u00e9m disso, a l\u00e3 \u00e9 hipoalerg\u00e9nica, autolimpante e respir\u00e1vel, o que a torna ideal para a pele sens\u00edvel do beb\u00e9. O len\u00e7o para os p\u00e9s EverGrow proporciona uma prote\u00e7\u00e3o saud\u00e1vel e natural e faz com que o seu beb\u00e9 se sinta seguro - quer v\u00e1 dar um passeio ou viajar.<\/p>\n<h4 data-start=\"1050\" data-end=\"1078\">Carater\u00edsticas principais<\/h4>\n<ul data-start=\"1079\" data-end=\"1935\">\n<li data-start=\"1079\" data-end=\"1160\">\n<p data-start=\"1081\" data-end=\"1160\">100% l\u00e3 de ovelha natural premium - macia, respir\u00e1vel e reguladora da temperatura<\/p>\n<\/li>\n<li data-start=\"1161\" data-end=\"1243\">\n<p data-start=\"1163\" data-end=\"1243\">Isolamento t\u00e9rmico perfeito - mant\u00e9m o seu filho confort\u00e1vel e quente mesmo com temperaturas negativas<\/p>\n<\/li>\n<li data-start=\"1244\" data-end=\"1346\">\n<p data-start=\"1246\" data-end=\"1346\">Modelo de crescimento com comprimento ajust\u00e1vel (88-107 cm) - adequado desde o nascimento at\u00e9 cerca de 3 a 4 anos de idade<\/p>\n<\/li>\n<li data-start=\"1347\" data-end=\"1445\">\n<p data-start=\"1349\" data-end=\"1445\">Aberturas de cinto universais - adaptam-se a praticamente todos os carrinhos de beb\u00e9, carrinhos de beb\u00e9, cadeiras de autom\u00f3vel e tren\u00f3s<\/p>\n<\/li>\n<li data-start=\"1446\" data-end=\"1542\">\n<p data-start=\"1448\" data-end=\"1542\">Camada exterior repelente de \u00e1gua e sujidade (revestimento W\/R) - protege contra a chuva, a neve e as manchas<\/p>\n<\/li>\n<li data-start=\"1543\" data-end=\"1622\">\n<p data-start=\"1545\" data-end=\"1622\">Fundo refor\u00e7ado e resistente \u00e0 \u00e1gua - ideal para os mais pequenos com sapatos<\/p>\n<\/li>\n<li data-start=\"1623\" data-end=\"1741\">\n<p data-start=\"1625\" data-end=\"1741\">Frente amov\u00edvel - f\u00e1cil de abrir ou de remover completamente; tamb\u00e9m pode ser utilizado como roupa interior quente<\/p>\n<\/li>\n<li data-start=\"1742\" data-end=\"1862\">\n<p data-start=\"1744\" data-end=\"1862\">Design de capuz quente - a parte superior pode ser puxada para formar um capuz acolhedor para prote\u00e7\u00e3o extra contra o vento e o frio<\/p>\n<\/li>\n<li data-start=\"1863\" data-end=\"1935\">\n<p data-start=\"1865\" data-end=\"1935\">Base antiderrapante - evita que escorregue no carrinho de beb\u00e9 ou no carrinho de beb\u00e9<\/p>\n<\/li>\n<\/ul>\n<h4 data-start=\"1937\" data-end=\"1965\">Porqu\u00ea escolher a l\u00e3?<\/h4>\n<p data-start=\"1966\" data-end=\"2424\">A l\u00e3 de ovelha de primeira qualidade utilizada \u00e9 de qualidade excecional e \u00e9 tecida em ambos os lados do tecido. Isto proporciona um calor extra e uma gest\u00e3o \u00f3ptima da humidade, ao mesmo tempo que o material \u00e9 naturalmente autolimpante e neutraliza os odores. A l\u00e3 \u00e9 tamb\u00e9m hipoalerg\u00e9nica e impede o crescimento de \u00e1caros - perfeita para beb\u00e9s com pele sens\u00edvel. As fibras naturais garantem um ambiente permanentemente fresco e higi\u00e9nico para o seu beb\u00e9.<\/p>\n<h4 data-start=\"2426\" data-end=\"2444\">Especifica\u00e7\u00f5es<\/h4>\n<ul data-start=\"2445\" data-end=\"2644\">\n<li data-start=\"2445\" data-end=\"2500\">\n<p data-start=\"2447\" data-end=\"2500\">Dimens\u00f5es: 88 \/ 107 cm (ajust\u00e1vel) x 45 cm de largura<\/p>\n<\/li>\n<li data-start=\"2501\" data-end=\"2528\">\n<p data-start=\"2503\" data-end=\"2528\">Adequado para: 0-4 anos<\/p>\n<\/li>\n<li data-start=\"2529\" data-end=\"2576\">\n<p data-start=\"2531\" data-end=\"2576\">Exterior: poli\u00e9ster 100% (repelente de \u00e1gua)<\/p>\n<\/li>\n<li data-start=\"2577\" data-end=\"2616\">\n<p data-start=\"2579\" data-end=\"2616\">Interior: l\u00e3 de ovelha 100% premium<\/p>\n<\/li>\n<li data-start=\"2617\" data-end=\"2644\">\n<p data-start=\"2619\" data-end=\"2644\">Enchimento: poli\u00e9ster 100%<\/p>\n<\/li>\n<\/ul>\n<h4 data-start=\"2646\" data-end=\"2660\">Manuten\u00e7\u00e3o<\/h4>\n<p data-start=\"2661\" data-end=\"2852\">N\u00e3o lavar, n\u00e3o branquear, n\u00e3o passar a ferro. Limpar a seco apenas com cuidado e secar na horizontal. Gra\u00e7as \u00e0s propriedades naturais de auto-limpeza da l\u00e3, n\u00e3o \u00e9 necess\u00e1rio efetuar limpezas frequentes.<\/p>","protected":false},"excerpt":{"rendered":"<p data-start=\"265\" data-end=\"310\"><strong data-start=\"265\" data-end=\"308\">Cobre-p\u00e9s de l\u00e3 Zaffiro - EverGrow bege<\/strong><\/p>\n<p data-start=\"312\" data-end=\"597\">D\u00ea ao seu beb\u00e9 o calor e a seguran\u00e7a da l\u00e3 natural. O len\u00e7o para os p\u00e9s de l\u00e3 EverGrow \u00e9 forrado com l\u00e3 de ovelha de qualidade superior 100%, que regula naturalmente a temperatura e respira. Assim, o seu beb\u00e9 mant\u00e9m-se sempre confort\u00e1vel - quente no inverno e arejado no tempo mais ameno. Gra\u00e7as ao seu design ajust\u00e1vel, o pufe cresce com o seu filho, desde o rec\u00e9m-nascido at\u00e9 \u00e0 crian\u00e7a mais pequena. A camada exterior repelente de \u00e1gua protege contra o vento, a neve e a chuva, enquanto o interior em l\u00e3 macia proporciona um calor suave. O EverGrow adapta-se a quase todos os carrinhos de beb\u00e9, carrinhos de beb\u00e9 ou cadeiras auto e foi concebido para o uso di\u00e1rio - pr\u00e1tico, dur\u00e1vel e, claro, bonito.<\/p>\n<p data-start=\"177\" data-end=\"224\"><strong data-start=\"177\" data-end=\"222\">Porqu\u00ea escolher o protetor de p\u00e9s EverGrow:<\/strong><\/p>\n<ul>\n<li data-start=\"227\" data-end=\"289\">100% l\u00e3 natural de ovelha - quente, respir\u00e1vel e hipoalerg\u00e9nica<\/li>\n<li data-start=\"227\" data-end=\"289\">Comprimento ajust\u00e1vel - cresce do beb\u00e9 \u00e0 crian\u00e7a (0-4 anos)<\/li>\n<li data-start=\"227\" data-end=\"289\">Camada exterior repelente \u00e0 \u00e1gua e \u00e0 sujidade - ideal para todas as esta\u00e7\u00f5es<\/li>\n<li data-start=\"227\" data-end=\"289\">Adapta-se praticamente a qualquer carrinho de beb\u00e9, carrinho de beb\u00e9 ou cadeira auto<\/li>\n<\/ul>\n<p><strong>Marca: Zaffiro<\/strong><br \/>\n<strong>Produ\u00e7\u00e3o: Pol\u00f3nia<br \/>\nKeur: Oeko-Tex Standard<\/strong><\/p>\n<p><img loading=\"lazy\" decoding=\"async\" class=\"alignnone wp-image-28173 entered lazyloaded\" src=\"https:\/\/woolskins.eu\/wp-content\/uploads\/2024\/05\/csm_OEKO-TEX_Logo_2022_rgb_c1aaeb5ceb-300x300.jpg\" alt=\"\" width=\"89\" height=\"89\" data-lazy-src=\"https:\/\/woolskins.eu\/wp-content\/uploads\/2024\/05\/csm_OEKO-TEX_Logo_2022_rgb_c1aaeb5ceb-300x300.jpg\" data-ll-status=\"loaded\" srcset=\"https:\/\/woolskins.eu\/wp-content\/uploads\/2024\/05\/csm_OEKO-TEX_Logo_2022_rgb_c1aaeb5ceb-300x300.jpg 300w, https:\/\/woolskins.eu\/wp-content\/uploads\/2024\/05\/csm_OEKO-TEX_Logo_2022_rgb_c1aaeb5ceb-150x150.jpg 150w, https:\/\/woolskins.eu\/wp-content\/uploads\/2024\/05\/csm_OEKO-TEX_Logo_2022_rgb_c1aaeb5ceb-768x769.jpg 768w, https:\/\/woolskins.eu\/wp-content\/uploads\/2024\/05\/csm_OEKO-TEX_Logo_2022_rgb_c1aaeb5ceb-12x12.jpg 12w, https:\/\/woolskins.eu\/wp-content\/uploads\/2024\/05\/csm_OEKO-TEX_Logo_2022_rgb_c1aaeb5ceb-600x601.jpg 600w, https:\/\/woolskins.eu\/wp-content\/uploads\/2024\/05\/csm_OEKO-TEX_Logo_2022_rgb_c1aaeb5ceb-100x100.jpg 100w, https:\/\/woolskins.eu\/wp-content\/uploads\/2024\/05\/csm_OEKO-TEX_Logo_2022_rgb_c1aaeb5ceb-64x64.jpg 64w, https:\/\/woolskins.eu\/wp-content\/uploads\/2024\/05\/csm_OEKO-TEX_Logo_2022_rgb_c1aaeb5ceb.jpg 885w\" sizes=\"auto, (max-width: 89px) 100vw, 89px\" \/><\/p>","protected":false},"featured_media":26724,"comment_status":"open","ping_status":"closed","template":"","meta":{"_acf_changed":false},"product_brand":[],"product_cat":[499,360,364,352,196,336,502],"product_tag":[],"class_list":{"0":"post-26717","1":"product","2":"type-product","3":"status-publish","4":"has-post-thumbnail","6":"product_cat-new-arrivals","7":"product_cat-cadeautips","8":"product_cat-cadeaus-vanaf-e50","9":"product_cat-merken","10":"product_cat-slaapkleding-baby","11":"product_cat-voetenzakken","12":"product_cat-zaffiro","14":"first","15":"instock","16":"taxable","17":"shipping-taxable","18":"purchasable","19":"product-type-simple"},"acf":[],"_links":{"self":[{"href":"https:\/\/woolskins.eu\/pt\/wp-json\/wp\/v2\/product\/26717","targetHints":{"allow":["GET"]}}],"collection":[{"href":"https:\/\/woolskins.eu\/pt\/wp-json\/wp\/v2\/product"}],"about":[{"href":"https:\/\/woolskins.eu\/pt\/wp-json\/wp\/v2\/types\/product"}],"replies":[{"embeddable":true,"href":"https:\/\/woolskins.eu\/pt\/wp-json\/wp\/v2\/comments?post=26717"}],"wp:featuredmedia":[{"embeddable":true,"href":"https:\/\/woolskins.eu\/pt\/wp-json\/wp\/v2\/media\/26724"}],"wp:attachment":[{"href":"https:\/\/woolskins.eu\/pt\/wp-json\/wp\/v2\/media?parent=26717"}],"wp:term":[{"taxonomy":"product_brand","embeddable":true,"href":"https:\/\/woolskins.eu\/pt\/wp-json\/wp\/v2\/product_brand?post=26717"},{"taxonomy":"product_cat","embeddable":true,"href":"https:\/\/woolskins.eu\/pt\/wp-json\/wp\/v2\/product_cat?post=26717"},{"taxonomy":"product_tag","embeddable":true,"href":"https:\/\/woolskins.eu\/pt\/wp-json\/wp\/v2\/product_tag?post=26717"}],"curies":[{"name":"wp","href":"https:\/\/api.w.org\/{rel}","templated":true}]}}