{"id":26219,"date":"2025-09-16T13:05:32","date_gmt":"2025-09-16T13:05:32","guid":{"rendered":"https:\/\/woolskins.eu\/?post_type=product&#038;p=26219"},"modified":"2025-11-06T14:07:19","modified_gmt":"2025-11-06T14:07:19","slug":"caixa-de-oferta-do-kit-inicial-para-bebe-merino-cinzento-claro","status":"publish","type":"product","link":"https:\/\/woolskins.eu\/pt\/merino-baby-starterset-geschenkdoos-lichtgrijs\/","title":{"rendered":"Conjunto inicial Merino Baby + Caixa de oferta | Cinzento claro"},"content":{"rendered":"<p data-start=\"187\" data-end=\"259\"><strong data-start=\"187\" data-end=\"259\">O melhor conjunto de l\u00e3 para beb\u00e9 - macio, natural e feito com amor<\/strong><\/p>\n<p data-start=\"261\" data-end=\"586\">Proporcione ao seu filho o melhor conforto com este conjunto completo de l\u00e3 para beb\u00e9, composto por um saco de dormir super macio <em data-start=\"365\" data-end=\"386\">cal\u00e7as de l\u00e3 para beb\u00e9<\/em>, uma maravilhosa e calorosa <em data-start=\"406\" data-end=\"427\">camisola de l\u00e3 para beb\u00e9<\/em> e um acolhedor <em data-start=\"440\" data-end=\"458\">manta de l\u00e3 para ber\u00e7o<\/em>. Todos fabricados em l\u00e3 merino macia 100% de It\u00e1lia, com aten\u00e7\u00e3o \u00e0 qualidade, durabilidade e bem-estar do seu beb\u00e9.<\/p>\n<p data-start=\"588\" data-end=\"947\">Este conjunto \u00e9 perfeitamente adaptado para manter o seu beb\u00e9 confort\u00e1vel e seguro durante todo o ano. A l\u00e3 merino da Europa permite uma regula\u00e7\u00e3o natural da temperatura, respira muito bem e \u00e9 suave para a pele mais sens\u00edvel do beb\u00e9. Quer o seu filho esteja a dormir, a gatinhar ou a brincar, este conjunto de l\u00e3 f\u00e1-lo-\u00e1 sentir-se sempre maravilhosamente livre e quente.<\/p>\n<p data-start=\"949\" data-end=\"983\"><strong data-start=\"949\" data-end=\"981\">Porqu\u00ea este conjunto de l\u00e3 para beb\u00e9?<\/strong><\/p>\n<ul data-start=\"984\" data-end=\"1560\">\n<li data-start=\"984\" data-end=\"1097\">\n<p data-start=\"986\" data-end=\"1097\"><strong data-start=\"986\" data-end=\"1019\">Super macio e amigo da pele<\/strong>: a l\u00e3 merino italiana fina n\u00e3o pica e d\u00e1 a sensa\u00e7\u00e3o de um abra\u00e7o suave<\/p>\n<\/li>\n<li data-start=\"1098\" data-end=\"1196\">\n<p data-start=\"1100\" data-end=\"1196\"><strong data-start=\"1100\" data-end=\"1136\">Respir\u00e1vel e regulador de temperatura<\/strong>: mant\u00e9m o beb\u00e9 quente sem sobreaquecer, em qualquer esta\u00e7\u00e3o do ano<\/p>\n<\/li>\n<li data-start=\"1197\" data-end=\"1291\">\n<p data-start=\"1199\" data-end=\"1291\"><strong data-start=\"1199\" data-end=\"1232\">Sustent\u00e1vel e amigo do ambiente<\/strong>: fabricado na Europa, respeitando as pessoas, os animais e a natureza<\/p>\n<\/li>\n<li data-start=\"1292\" data-end=\"1454\">\n<p data-start=\"1294\" data-end=\"1454\"><strong data-start=\"1294\" data-end=\"1325\">Polivalente e pr\u00e1tico<\/strong>: o cobertor de ber\u00e7o \u00e9 leve e f\u00e1cil de transportar, a parte de baixo e a camisola adaptam-se perfeitamente a todos os movimentos e ao crescimento do seu beb\u00e9<\/p>\n<\/li>\n<li data-start=\"1455\" data-end=\"1560\">\n<p data-start=\"1457\" data-end=\"1560\"><strong data-start=\"1457\" data-end=\"1485\">F\u00e1cil de manter<\/strong>: a l\u00e3 \u00e9 auto-limpante e resistente aos odores, pelo que \u00e9 necess\u00e1rio lavar menos vezes<\/p>\n<\/li>\n<\/ul>\n<p data-start=\"1562\" data-end=\"1761\"><strong data-start=\"1562\" data-end=\"1585\">Vantagem exclusiva:<\/strong> Compre o conjunto completo e beneficie de um desconto atrativo! Desta forma, n\u00e3o s\u00f3 poupa no pre\u00e7o, como tamb\u00e9m d\u00e1 ao seu beb\u00e9 um kit inicial bonito, natural e sustent\u00e1vel.<\/p>\n<p data-start=\"1763\" data-end=\"1957\">Este conjunto de l\u00e3 para beb\u00e9 \u00e9 uma escolha amorosa e pr\u00e1tica para os pais que se preocupam com a qualidade, o conforto e um come\u00e7o saud\u00e1vel para o seu beb\u00e9. Combine estilo, comodidade e natureza pura num s\u00f3 pacote.<\/p>","protected":false},"excerpt":{"rendered":"<p><strong data-start=\"109\" data-end=\"195\">Conjunto completo de l\u00e3 para beb\u00e9 em l\u00e3 merino italiana 100% - macia, quente e natural<\/strong><br data-start=\"195\" data-end=\"198\" \/>Este conjunto inclui uma parte inferior de l\u00e3, uma camisola e um cobertor de ber\u00e7o, todos feitos de l\u00e3 merino macia de It\u00e1lia. Respir\u00e1vel, regulador de temperatura e perfeito para a pele sens\u00edvel do beb\u00e9. Pr\u00e1tico, polivalente e produzido de forma sustent\u00e1vel na Europa. Aproveite o desconto na compra do conjunto completo!<br data-start=\"500\" data-end=\"503\" \/><em data-start=\"503\" data-end=\"587\">Embalado especialmente para si na nossa bonita caixa de oferta - perfeito para oferecer.<\/em><\/p>\n<p><strong>Marca: Woolskins<\/strong><br \/>\n<strong>Produ\u00e7\u00e3o: Pol\u00f3nia<\/strong><\/p>","protected":false},"featured_media":26223,"comment_status":"open","ping_status":"closed","template":"","meta":{"_acf_changed":false},"product_brand":[],"product_cat":[499,360,364,200,196,322,337,344,194],"product_tag":[],"class_list":{"0":"post-26219","1":"product","2":"type-product","3":"status-publish","4":"has-post-thumbnail","6":"product_cat-new-arrivals","7":"product_cat-cadeautips","8":"product_cat-cadeaus-vanaf-e50","9":"product_cat-wollen-babykleding","10":"product_cat-slaapkleding-baby","11":"product_cat-broekjes","12":"product_cat-vestjes","13":"product_cat-kleertjes","14":"product_cat-wollen-babyproducten","15":"pa_maat-2-6-maanden","16":"pa_maat-6-12-maanden","18":"first","19":"instock","20":"sale","21":"taxable","22":"shipping-taxable","23":"purchasable","24":"product-type-variable"},"acf":[],"_links":{"self":[{"href":"https:\/\/woolskins.eu\/pt\/wp-json\/wp\/v2\/product\/26219","targetHints":{"allow":["GET"]}}],"collection":[{"href":"https:\/\/woolskins.eu\/pt\/wp-json\/wp\/v2\/product"}],"about":[{"href":"https:\/\/woolskins.eu\/pt\/wp-json\/wp\/v2\/types\/product"}],"replies":[{"embeddable":true,"href":"https:\/\/woolskins.eu\/pt\/wp-json\/wp\/v2\/comments?post=26219"}],"wp:featuredmedia":[{"embeddable":true,"href":"https:\/\/woolskins.eu\/pt\/wp-json\/wp\/v2\/media\/26223"}],"wp:attachment":[{"href":"https:\/\/woolskins.eu\/pt\/wp-json\/wp\/v2\/media?parent=26219"}],"wp:term":[{"taxonomy":"product_brand","embeddable":true,"href":"https:\/\/woolskins.eu\/pt\/wp-json\/wp\/v2\/product_brand?post=26219"},{"taxonomy":"product_cat","embeddable":true,"href":"https:\/\/woolskins.eu\/pt\/wp-json\/wp\/v2\/product_cat?post=26219"},{"taxonomy":"product_tag","embeddable":true,"href":"https:\/\/woolskins.eu\/pt\/wp-json\/wp\/v2\/product_tag?post=26219"}],"curies":[{"name":"wp","href":"https:\/\/api.w.org\/{rel}","templated":true}]}}