{"id":25991,"date":"2025-09-03T09:53:41","date_gmt":"2025-09-03T09:53:41","guid":{"rendered":"https:\/\/woolskins.eu\/?post_type=product&#038;p=25991"},"modified":"2026-02-18T13:50:18","modified_gmt":"2026-02-18T13:50:18","slug":"zaffiro-la-footmuff-saco-cama-para-carrinho-de-bebe-e-alcofa-teddy-bege","status":"publish","type":"product","link":"https:\/\/woolskins.eu\/pt\/zaffiro-wollen-voetenzak-slaapzak-voor-buggy-en-reiswieg-teddy-beige\/","title":{"rendered":"Zaffiro | Almofada de l\u00e3 para os p\u00e9s - Saco de dormir para carrinho de beb\u00e9 e alcofa | Teddy Beige"},"content":{"rendered":"<h5>Saco-cama de l\u00e3 para carrinho de beb\u00e9, alcofa e cesto de Mois\u00e9s.<\/h5>\n<p>Estes protetores de p\u00e9s de l\u00e3 - saco de dormir para carrinho de beb\u00e9 e Maxi-Cosi s\u00e3o muito adequados para os mais pequenos gra\u00e7as \u00e0s propriedades naturais das fibras de l\u00e3. Estas respiram e t\u00eam a capacidade de atuar como um term\u00f3stato natural que regula a temperatura do corpo? Isto ajuda o seu beb\u00e9 a manter uma temperatura est\u00e1vel e mant\u00e9m-no seco e confort\u00e1vel. A l\u00e3 de ovelha tem tamb\u00e9m propriedades anti-al\u00e9rgicas e \u00e9 anti-bacteriana, o que lhe confere propriedades higi\u00e9nicas e de auto-limpeza. Neutraliza os odores desagrad\u00e1veis e a sujidade. Pode ter a certeza de que o seu filho ficar\u00e1 bem quentinho e confort\u00e1vel com este pufe de l\u00e3 Zaffiro. Todos os tipos de correias de seguran\u00e7a cabem neste modelo sem qualquer problema, gra\u00e7as \u00e0s aberturas especiais.<\/p>\n<p>- 100% l\u00e3 virgem de qualidade superior, feltrada.<br \/>\n- Adequado para 0-18 meses.<br \/>\n- Cord\u00e3o na gola para proteger a cabe\u00e7a da crian\u00e7a.<br \/>\n- Parte superior completamente destac\u00e1vel da parte inferior.<br \/>\n- Aberturas c\u00f3modas para os cintos de seguran\u00e7a (5 pontos).<br \/>\n- comprimento 90cm x largura 40\/42 cm.<\/p>\n<p data-start=\"63\" data-end=\"427\"><strong data-start=\"63\" data-end=\"83\">Instru\u00e7\u00f5es de lavagem<\/strong><\/p>\n<p data-start=\"63\" data-end=\"427\">Para manter este tecido de l\u00e3 Teddy bonito e macio, recomendamos a lavagem \u00e0 m\u00e3o a uma temperatura m\u00e1xima de 30 \u00b0C. Ao faz\u00ea-lo, proceda com cuidado e utilize um detergente suave para l\u00e3. Evite lix\u00edvia, ferro de engomar, m\u00e1quina de secar e centrifuga\u00e7\u00e3o. Deixe o tecido secar na horizontal para preservar a sua forma. Tamb\u00e9m \u00e9 poss\u00edvel efetuar uma limpeza a seco.<\/p>\n<p data-start=\"429\" data-end=\"552\">\u2728 <strong data-start=\"431\" data-end=\"439\">Sugest\u00e3o:<\/strong> A l\u00e3 n\u00e3o precisa de ser lavada com frequ\u00eancia. Uma r\u00e1pida passagem de ar ao ar livre \u00e9 muitas vezes suficiente para manter o tecido fresco.<\/p>\n<p data-start=\"554\" data-end=\"817\">\ud83c\udf3f <strong data-start=\"557\" data-end=\"588\">Porque \u00e9 que a l\u00e3 \u00e9 especial: <\/strong>A l\u00e3 \u00e9 naturalmente autolimpante e repele a sujidade. Os odores desaparecem com o simples arejamento do tecido e a sujidade adere menos facilmente do que noutros materiais. Assim, o seu tecido de l\u00e3 mant\u00e9m-se fresco durante mais tempo, sem grande manuten\u00e7\u00e3o.<\/p>\n<h5>Zaffiro<\/h5>\n<p>A empresa Zaffiro \u00e9 uma empresa familiar polaca. Desde o nosso in\u00edcio, em 1989, especializ\u00e1mo-nos na produ\u00e7\u00e3o de produtos para beb\u00e9s e crian\u00e7as e a maior parte do que produzimos \u00e9 exportada para mais de 40 pa\u00edses. Cri\u00e1mos a marca Zaffiro para promover produtos que apoiam os pais que est\u00e3o conscientes da import\u00e2ncia da intimidade e da liga\u00e7\u00e3o com o seu beb\u00e9 desde as primeiras horas ap\u00f3s o nascimento. Promovemos o conceito de \u2018cora\u00e7\u00e3o a cora\u00e7\u00e3o\u2019, transportando as crian\u00e7as em slings e porta-beb\u00e9s, reintroduzindo a s\u00e1bia tradi\u00e7\u00e3o das gera\u00e7\u00f5es anteriores, redescoberta e desenvolvida tendo em conta a investiga\u00e7\u00e3o psicol\u00f3gica contempor\u00e2nea.<\/p>","protected":false},"excerpt":{"rendered":"<p>Aproveite para levar o seu filho a passear com este quente saco de l\u00e3 para os p\u00e9s - saco-cama da Zaffiro para o carrinho de beb\u00e9, carrinho de beb\u00e9, cesto Mois\u00e9s ou em casa. Este saco para os p\u00e9s \u00e9 fabricado em l\u00e3 100% e adquire imediatamente a temperatura do seu filho. A l\u00e3 flex\u00edvel move-se facilmente com o seu filho. Ret\u00e9m bem o calor sem fazer suar a crian\u00e7a, porque a l\u00e3 respira. Gra\u00e7as a estas propriedades \u00fanicas da l\u00e3, o seu filho estar\u00e1 quente e confort\u00e1vel. Gra\u00e7as \u00e0s pr\u00e1ticas aberturas para o cinto, pode instalar rapidamente este protetor para os p\u00e9s de l\u00e3 no carrinho de beb\u00e9 ou no carrinho de passeio. Pode puxar o cord\u00e3o da gola para proteger a cabe\u00e7a do seu filho das intemp\u00e9ries. Este gorro para os p\u00e9s da Zaffiro pode ser utilizado durante todo o ano, mas \u00e9 muito \u00fatil na primavera, no inverno e no outono.<\/p>\n<div class=\"woocommerce-product-details__short-description\">\n<p><strong>Marca: Zaffiro<\/strong><br \/>\n<strong>Produ\u00e7\u00e3o: Pol\u00f3nia<br \/>\nKeur: Oeko-Tex Standard<\/strong><\/p>\n<p><img loading=\"lazy\" decoding=\"async\" class=\"alignnone wp-image-28173 entered lazyloaded\" src=\"https:\/\/woolskins.eu\/wp-content\/uploads\/2024\/05\/csm_OEKO-TEX_Logo_2022_rgb_c1aaeb5ceb-300x300.jpg\" alt=\"\" width=\"89\" height=\"89\" data-lazy-src=\"https:\/\/woolskins.eu\/wp-content\/uploads\/2024\/05\/csm_OEKO-TEX_Logo_2022_rgb_c1aaeb5ceb-300x300.jpg\" data-ll-status=\"loaded\" srcset=\"https:\/\/woolskins.eu\/wp-content\/uploads\/2024\/05\/csm_OEKO-TEX_Logo_2022_rgb_c1aaeb5ceb-300x300.jpg 300w, https:\/\/woolskins.eu\/wp-content\/uploads\/2024\/05\/csm_OEKO-TEX_Logo_2022_rgb_c1aaeb5ceb-150x150.jpg 150w, https:\/\/woolskins.eu\/wp-content\/uploads\/2024\/05\/csm_OEKO-TEX_Logo_2022_rgb_c1aaeb5ceb-768x769.jpg 768w, https:\/\/woolskins.eu\/wp-content\/uploads\/2024\/05\/csm_OEKO-TEX_Logo_2022_rgb_c1aaeb5ceb-12x12.jpg 12w, https:\/\/woolskins.eu\/wp-content\/uploads\/2024\/05\/csm_OEKO-TEX_Logo_2022_rgb_c1aaeb5ceb-600x601.jpg 600w, https:\/\/woolskins.eu\/wp-content\/uploads\/2024\/05\/csm_OEKO-TEX_Logo_2022_rgb_c1aaeb5ceb-100x100.jpg 100w, https:\/\/woolskins.eu\/wp-content\/uploads\/2024\/05\/csm_OEKO-TEX_Logo_2022_rgb_c1aaeb5ceb-64x64.jpg 64w, https:\/\/woolskins.eu\/wp-content\/uploads\/2024\/05\/csm_OEKO-TEX_Logo_2022_rgb_c1aaeb5ceb.jpg 885w\" sizes=\"auto, (max-width: 89px) 100vw, 89px\" \/><\/p>\n<\/div>","protected":false},"featured_media":25997,"comment_status":"open","ping_status":"closed","template":"","meta":{"_acf_changed":false},"product_brand":[],"product_cat":[502,370,336],"product_tag":[],"class_list":{"0":"post-25991","1":"product","2":"type-product","3":"status-publish","4":"has-post-thumbnail","6":"product_cat-zaffiro","7":"product_cat-slaapzakken","8":"product_cat-voetenzakken","10":"first","11":"instock","12":"taxable","13":"shipping-taxable","14":"purchasable","15":"product-type-simple"},"acf":[],"_links":{"self":[{"href":"https:\/\/woolskins.eu\/pt\/wp-json\/wp\/v2\/product\/25991","targetHints":{"allow":["GET"]}}],"collection":[{"href":"https:\/\/woolskins.eu\/pt\/wp-json\/wp\/v2\/product"}],"about":[{"href":"https:\/\/woolskins.eu\/pt\/wp-json\/wp\/v2\/types\/product"}],"replies":[{"embeddable":true,"href":"https:\/\/woolskins.eu\/pt\/wp-json\/wp\/v2\/comments?post=25991"}],"wp:featuredmedia":[{"embeddable":true,"href":"https:\/\/woolskins.eu\/pt\/wp-json\/wp\/v2\/media\/25997"}],"wp:attachment":[{"href":"https:\/\/woolskins.eu\/pt\/wp-json\/wp\/v2\/media?parent=25991"}],"wp:term":[{"taxonomy":"product_brand","embeddable":true,"href":"https:\/\/woolskins.eu\/pt\/wp-json\/wp\/v2\/product_brand?post=25991"},{"taxonomy":"product_cat","embeddable":true,"href":"https:\/\/woolskins.eu\/pt\/wp-json\/wp\/v2\/product_cat?post=25991"},{"taxonomy":"product_tag","embeddable":true,"href":"https:\/\/woolskins.eu\/pt\/wp-json\/wp\/v2\/product_tag?post=25991"}],"curies":[{"name":"wp","href":"https:\/\/api.w.org\/{rel}","templated":true}]}}