{"id":25978,"date":"2025-09-02T13:06:34","date_gmt":"2025-09-02T13:06:34","guid":{"rendered":"https:\/\/woolskins.eu\/?post_type=product&#038;p=25978"},"modified":"2026-05-13T12:08:19","modified_gmt":"2026-05-13T12:08:19","slug":"chinelos-elasticos-macios-de-pele-de-la","status":"publish","type":"product","link":"https:\/\/woolskins.eu\/pt\/woolskins-wolknuffel-slofjes-zacht-elastisch\/","title":{"rendered":"Woolskins Wool Cuddly Shoes | Suave e el\u00e1stico"},"content":{"rendered":"<p data-start=\"0\" data-end=\"79\"><strong data-start=\"0\" data-end=\"77\">Chinelos de l\u00e3 para beb\u00e9 da Woolskins - macios, el\u00e1sticos e sempre com um ajuste perfeito<\/strong><\/p>\n<p data-start=\"81\" data-end=\"467\">Mantenha os pezinhos do seu beb\u00e9 quentes e seguros com a <strong data-start=\"140\" data-end=\"176\">pantufas de l\u00e3 para beb\u00e9 da Woolskins<\/strong>. Fabricado em <strong data-start=\"190\" data-end=\"226\">el\u00e1stico, 100% l\u00e3 natural<\/strong> estas pantufas fecham-se sempre de forma suave e confort\u00e1vel \u00e0 volta dos p\u00e9s, sem apertar. Gra\u00e7as \u00e0 sua elasticidade natural, mant\u00eam-se <strong data-start=\"357\" data-end=\"375\">sentar-se perfeitamente<\/strong>, mesmo com os beb\u00e9s mais \u00e1geis - e continuam a ser f\u00e1ceis de p\u00f4r e tirar.<\/p>\n<p data-start=\"469\" data-end=\"743\">Este bonito <strong data-start=\"484\" data-end=\"502\">chinelos de l\u00e3<\/strong> Al\u00e9m disso, podem ser usados de duas maneiras: com a borda <strong data-start=\"561\" data-end=\"575\">invertido<\/strong> Para um modelo cl\u00e1ssico e mais curto, ou apenas <strong data-start=\"620\" data-end=\"637\">sem tampa<\/strong> para uma pantufa alta e muito confort\u00e1vel. Assim, pode ajust\u00e1-las facilmente, quer esteja a aconchegar-se em casa ou em viagem.<\/p>\n<p data-start=\"745\" data-end=\"814\"><strong data-start=\"745\" data-end=\"812\">Porque \u00e9 que as m\u00e3es escolhem as pantufas de l\u00e3 para beb\u00e9 da Woolskins:<\/strong><\/p>\n<ul data-start=\"815\" data-end=\"1238\">\n<li data-start=\"815\" data-end=\"910\">\n<p data-start=\"817\" data-end=\"910\"><strong data-start=\"817\" data-end=\"835\">L\u00e3 el\u00e1stica<\/strong>: f\u00e1cil de colocar e mant\u00e9m-se mesmo com p\u00e9s activos<\/p>\n<\/li>\n<li data-start=\"911\" data-end=\"964\">\n<p data-start=\"913\" data-end=\"964\"><strong data-start=\"913\" data-end=\"940\">Duas formas de vestir<\/strong>: com ou sem tampa<\/p>\n<\/li>\n<li data-start=\"965\" data-end=\"1041\">\n<p data-start=\"967\" data-end=\"1041\"><strong data-start=\"967\" data-end=\"1001\">100% natural, l\u00e3 europeia<\/strong> - dur\u00e1vel, seguro e amigo da pele<\/p>\n<\/li>\n<li data-start=\"1042\" data-end=\"1143\">\n<p data-start=\"1044\" data-end=\"1143\"><strong data-start=\"1044\" data-end=\"1083\">Quente no inverno, fresco no ver\u00e3o<\/strong> - gra\u00e7as \u00e0s propriedades termorreguladoras da l\u00e3<\/p>\n<\/li>\n<li data-start=\"1144\" data-end=\"1238\">\n<p data-start=\"1146\" data-end=\"1238\"><strong data-start=\"1146\" data-end=\"1180\">Hipoalerg\u00e9nico e autolimpante<\/strong> - ideal para os p\u00e9s sens\u00edveis dos beb\u00e9s e de baixa manuten\u00e7\u00e3o<\/p>\n<\/li>\n<\/ul>\n<p>Tamanho: 3-6 meses (comprimento interior 9cm)<\/p>\n<p data-start=\"1240\" data-end=\"1487\">A l\u00e3 oferece naturalmente numerosas vantagens: \u00e9 <strong data-start=\"1287\" data-end=\"1298\">respir\u00e1vel<\/strong>, <strong data-start=\"1300\" data-end=\"1325\">regulador de temperatura<\/strong> e <strong data-start=\"1329\" data-end=\"1344\">ultra-suave<\/strong> para a pele delicada do seu beb\u00e9. Assim, os p\u00e9s mant\u00eam-se sempre \u00e0 temperatura correta e sentem-se secos e confort\u00e1veis - em todas as esta\u00e7\u00f5es.<\/p>\n<p data-start=\"1489\" data-end=\"1672\">Com o <strong data-start=\"1496\" data-end=\"1532\">pantufas de l\u00e3 para beb\u00e9 da Woolskins<\/strong> d\u00e3o ao seu filho o melhor de dois mundos: conforto natural e praticidade, envoltos num design intemporal e elegante.<\/p>","protected":false},"excerpt":{"rendered":"<p>Estas pantufas de l\u00e3 para beb\u00e9 Woolskins s\u00e3o feitas de l\u00e3 natural 100% macia e el\u00e1stica e mant\u00eam-se perfeitamente cal\u00e7adas, mesmo com os p\u00e9s dos beb\u00e9s que se movem com press\u00e3o. Gra\u00e7as \u00e0 l\u00e3 el\u00e1stica, s\u00e3o f\u00e1ceis de cal\u00e7ar e descal\u00e7ar e ideais para os mais pequenos. As pantufas podem ser usadas com ou sem um inv\u00f3lucro para um look cl\u00e1ssico ou extra quente. Estas pantufas de beb\u00e9 dur\u00e1veis regulam a temperatura, s\u00e3o respir\u00e1veis e hipoalerg\u00e9nicas, mantendo os p\u00e9s do seu beb\u00e9 sempre confort\u00e1veis e protegidos - perfeitas para o uso di\u00e1rio, em casa ou em viagem.<\/p>\n<p>Tamanho: 3-6 meses (comprimento interior 9cm)<\/p>\n<p><strong>Marca: Woolskins<\/strong><br \/>\n<strong>Produ\u00e7\u00e3o: Pol\u00f3nia<\/strong><\/p>","protected":false},"featured_media":25982,"comment_status":"open","ping_status":"closed","template":"","meta":{"_acf_changed":false},"product_brand":[],"product_cat":[360,362,200,499,323,194],"product_tag":[],"class_list":{"0":"post-25978","1":"product","2":"type-product","3":"status-publish","4":"has-post-thumbnail","6":"product_cat-cadeautips","7":"product_cat-cadeaus-tot-e-25","8":"product_cat-wollen-babykleding","9":"product_cat-new-arrivals","10":"product_cat-slofjes","11":"product_cat-wollen-babyproducten","13":"first","14":"instock","15":"taxable","16":"shipping-taxable","17":"purchasable","18":"product-type-simple"},"acf":[],"_links":{"self":[{"href":"https:\/\/woolskins.eu\/pt\/wp-json\/wp\/v2\/product\/25978","targetHints":{"allow":["GET"]}}],"collection":[{"href":"https:\/\/woolskins.eu\/pt\/wp-json\/wp\/v2\/product"}],"about":[{"href":"https:\/\/woolskins.eu\/pt\/wp-json\/wp\/v2\/types\/product"}],"replies":[{"embeddable":true,"href":"https:\/\/woolskins.eu\/pt\/wp-json\/wp\/v2\/comments?post=25978"}],"wp:featuredmedia":[{"embeddable":true,"href":"https:\/\/woolskins.eu\/pt\/wp-json\/wp\/v2\/media\/25982"}],"wp:attachment":[{"href":"https:\/\/woolskins.eu\/pt\/wp-json\/wp\/v2\/media?parent=25978"}],"wp:term":[{"taxonomy":"product_brand","embeddable":true,"href":"https:\/\/woolskins.eu\/pt\/wp-json\/wp\/v2\/product_brand?post=25978"},{"taxonomy":"product_cat","embeddable":true,"href":"https:\/\/woolskins.eu\/pt\/wp-json\/wp\/v2\/product_cat?post=25978"},{"taxonomy":"product_tag","embeddable":true,"href":"https:\/\/woolskins.eu\/pt\/wp-json\/wp\/v2\/product_tag?post=25978"}],"curies":[{"name":"wp","href":"https:\/\/api.w.org\/{rel}","templated":true}]}}