{"id":25916,"date":"2025-08-29T13:52:13","date_gmt":"2025-08-29T13:52:13","guid":{"rendered":"https:\/\/woolskins.eu\/?post_type=product&#038;p=25916"},"modified":"2026-03-25T13:28:40","modified_gmt":"2026-03-25T13:28:40","slug":"woolskins-casaco-de-la-para-bebe-casaco-kimono-bege","status":"publish","type":"product","link":"https:\/\/woolskins.eu\/pt\/woolskins-wollen-babyjas-kimonojas-thumbled-beige\/","title":{"rendered":"Woolskins Casaco de l\u00e3 para beb\u00e9 - Casaco quimono | Bege desbotado"},"content":{"rendered":"<p data-start=\"0\" data-end=\"81\"><strong data-start=\"0\" data-end=\"79\">Woolskins Wollen Kimonojasje \u2013 zacht, warm en puur comfort voor je kleintje<\/strong><\/p>\n<p data-start=\"83\" data-end=\"355\">Envolva o seu beb\u00e9 em calor e seguran\u00e7a com o\u00a0<strong data-start=\"132\" data-end=\"168\">Casaco kimono de l\u00e3 Woolskins<\/strong>. Este doce\u00a0<strong data-start=\"180\" data-end=\"200\">casaco de l\u00e3 para beb\u00e9<\/strong>\u00a0foi especialmente concebido para as mam\u00e3s que querem o melhor: um casaco suave para a pele sens\u00edvel do beb\u00e9, confort\u00e1vel de usar e com um \u00f3timo aspeto.<\/p>\n<p data-start=\"357\" data-end=\"637\">O casaco tem uma\u00a0<strong data-start=\"377\" data-end=\"397\">dupla sobreposi\u00e7\u00e3o<\/strong>\u00a0que se fecha simplesmente com os cord\u00f5es macios. Assim, mant\u00e9m-se perfeitamente no lugar, quer o seu beb\u00e9 esteja deitado tranquilamente ou a mexer-se alegremente. Ideal como\u00a0<strong data-start=\"536\" data-end=\"569\">roup\u00e3o de banho acolhedor depois do banho<\/strong>\u00a0ou se\u00a0<strong data-start=\"577\" data-end=\"599\">sobretudo com estilo<\/strong>\u00a0para levar para todo o lado nos dias frios. A bolsa l\u00fadica em forma de lua pode conter, por exemplo, a roupa do seu filho, para que esteja sempre \u00e0 m\u00e3o.<\/p>\n<p data-start=\"639\" data-end=\"975\">Feito de\u00a0<strong>zuivere scheerwol<\/strong>, biedt dit jasje meer dan alleen zachtheid. Wol\u00a0<strong data-start=\"745\" data-end=\"754\">respira<\/strong>, \u00e9\u00a0<strong data-start=\"759\" data-end=\"784\">regulador de temperatura<\/strong>\u00a0e mant\u00e9m o seu beb\u00e9 quente no inverno e fresco no ver\u00e3o. Al\u00e9m disso, a l\u00e3 \u00e9\u00a0<strong data-start=\"858\" data-end=\"875\">hipoalerg\u00e9nico<\/strong>\u00a0e\u00a0<strong data-start=\"879\" data-end=\"896\">auto-limpeza<\/strong>\u00a0\u2013 perfect voor de tere huid van je kleintje \u00e9n praktisch voor drukke mama\u2019s.<\/p>\n<p data-start=\"977\" data-end=\"1036\"><strong data-start=\"977\" data-end=\"1034\">Porque \u00e9 que as m\u00e3es adoram o casaco kimono da Woolskins:<\/strong><\/p>\n<ul data-start=\"1037\" data-end=\"1352\">\n<li data-start=\"1037\" data-end=\"1097\">\n<p data-start=\"1039\" data-end=\"1097\">Design bonito com aba dupla e cord\u00f5es macios<\/p>\n<\/li>\n<li data-start=\"1098\" data-end=\"1156\">\n<p data-start=\"1100\" data-end=\"1156\">Maravilhosamente macio e quente, adequado para interiores e exteriores<\/p>\n<\/li>\n<li data-start=\"1157\" data-end=\"1219\">\n<p data-start=\"1159\" data-end=\"1219\">Zuivere scheerwol met Oeko-Tex keur, Europese wol \u2013 veilig en huidvriendelijk<\/p>\n<\/li>\n<li data-start=\"1220\" data-end=\"1286\">\n<p data-start=\"1222\" data-end=\"1286\">Mant\u00e9m o beb\u00e9 confort\u00e1vel: quente no inverno e fresco no ver\u00e3o<\/p>\n<\/li>\n<li data-start=\"1287\" data-end=\"1352\">\n<p data-start=\"1289\" data-end=\"1352\">Hypoallergeen en zelfreinigend \u2013 minder wassen, meer genieten<\/p>\n<\/li>\n<li data-start=\"1287\" data-end=\"1352\">1 tamanho 12 -24 meses (ver dimens\u00f5es abaixo)<\/li>\n<\/ul>\n<p data-start=\"1354\" data-end=\"1551\">Deixe-se envolver pelo luxo natural da l\u00e3. Este\u00a0<strong data-start=\"1423\" data-end=\"1443\">casaco de l\u00e3 para beb\u00e9<\/strong>\u00a0n\u00e3o \u00e9 apenas uma pe\u00e7a de vestu\u00e1rio pr\u00e1tica, mas tamb\u00e9m um artigo intemporal que se gosta de usar todos os dias.<\/p>\n<p data-start=\"1354\" data-end=\"1551\"><img loading=\"lazy\" decoding=\"async\" class=\"alignnone wp-image-25914\" src=\"https:\/\/woolskins.eu\/wp-content\/uploads\/2025\/08\/Afmetingen-Kimonojasje-Middel-300x300.png\" alt=\"Casaco kimono de l\u00e3 para beb\u00e9 Woolskins\" width=\"339\" height=\"339\" srcset=\"https:\/\/woolskins.eu\/wp-content\/uploads\/2025\/08\/Afmetingen-Kimonojasje-Middel-300x300.png 300w, https:\/\/woolskins.eu\/wp-content\/uploads\/2025\/08\/Afmetingen-Kimonojasje-Middel-150x150.png 150w, https:\/\/woolskins.eu\/wp-content\/uploads\/2025\/08\/Afmetingen-Kimonojasje-Middel-768x765.png 768w, https:\/\/woolskins.eu\/wp-content\/uploads\/2025\/08\/Afmetingen-Kimonojasje-Middel-12x12.png 12w, https:\/\/woolskins.eu\/wp-content\/uploads\/2025\/08\/Afmetingen-Kimonojasje-Middel-600x598.png 600w, https:\/\/woolskins.eu\/wp-content\/uploads\/2025\/08\/Afmetingen-Kimonojasje-Middel-100x100.png 100w, https:\/\/woolskins.eu\/wp-content\/uploads\/2025\/08\/Afmetingen-Kimonojasje-Middel-64x64.png 64w, https:\/\/woolskins.eu\/wp-content\/uploads\/2025\/08\/Afmetingen-Kimonojasje-Middel.png 771w\" sizes=\"auto, (max-width: 339px) 100vw, 339px\" \/><\/p>","protected":false},"excerpt":{"rendered":"<p data-start=\"87\" data-end=\"443\">Dit wollen kimonojasje van Woolskins omhult je baby met natuurlijke warmte en geborgenheid. Dit zachte en stijlvolle jasje is perfect als wollen babyjas voor buiten of als knusse badjas voor binnen. Dankzij de dubbele overslag met zachte koortjes sluit het jasje altijd mooi aan en blijft het comfortabel zitten, of je kleintje nu rustig ligt of beweegt.<\/p>\n<p data-start=\"445\" data-end=\"828\" data-is-last-node=\"\" data-is-only-node=\"\">Feito de\u00a0<strong>zuivere scheerwol<\/strong>\u00a0is het jasje ademend en temperatuurregulerend: warm in de winter en verkoelend in de zomer. De wol is bovendien hypoallergeen en zelfreinigend, waardoor het extra zacht is voor de gevoelige babyhuid \u00e9n praktisch voor dagelijks gebruik. Zo voelt je baby zich in elk seizoen veilig, comfortabel en geborgen.<\/p>\n<p>Tamanho: 12-24 meses (ver descri\u00e7\u00e3o do tamanho do produto abaixo)<\/p>\n<p>Nieuw binnen! Meer detailfoto\u2019s volgen. Voor vragen of meer details over dit product stuur ons een whatsapp op nummer +31202044557<\/p>\n<p><strong>Marca: Woolskins<\/strong><br \/>\n<strong>Produ\u00e7\u00e3o: Pol\u00f3nia<br \/>\n<\/strong><\/p>","protected":false},"featured_media":25917,"comment_status":"open","ping_status":"closed","template":"","meta":{"_acf_changed":false},"product_brand":[],"product_cat":[360,364,200,499,337,194],"product_tag":[],"class_list":{"0":"post-25916","1":"product","2":"type-product","3":"status-publish","4":"has-post-thumbnail","6":"product_cat-cadeautips","7":"product_cat-cadeaus-vanaf-e50","8":"product_cat-wollen-babykleding","9":"product_cat-new-arrivals","10":"product_cat-vestjes","11":"product_cat-wollen-babyproducten","13":"first","14":"instock","15":"taxable","16":"shipping-taxable","17":"purchasable","18":"product-type-simple"},"acf":[],"_links":{"self":[{"href":"https:\/\/woolskins.eu\/pt\/wp-json\/wp\/v2\/product\/25916","targetHints":{"allow":["GET"]}}],"collection":[{"href":"https:\/\/woolskins.eu\/pt\/wp-json\/wp\/v2\/product"}],"about":[{"href":"https:\/\/woolskins.eu\/pt\/wp-json\/wp\/v2\/types\/product"}],"replies":[{"embeddable":true,"href":"https:\/\/woolskins.eu\/pt\/wp-json\/wp\/v2\/comments?post=25916"}],"wp:featuredmedia":[{"embeddable":true,"href":"https:\/\/woolskins.eu\/pt\/wp-json\/wp\/v2\/media\/25917"}],"wp:attachment":[{"href":"https:\/\/woolskins.eu\/pt\/wp-json\/wp\/v2\/media?parent=25916"}],"wp:term":[{"taxonomy":"product_brand","embeddable":true,"href":"https:\/\/woolskins.eu\/pt\/wp-json\/wp\/v2\/product_brand?post=25916"},{"taxonomy":"product_cat","embeddable":true,"href":"https:\/\/woolskins.eu\/pt\/wp-json\/wp\/v2\/product_cat?post=25916"},{"taxonomy":"product_tag","embeddable":true,"href":"https:\/\/woolskins.eu\/pt\/wp-json\/wp\/v2\/product_tag?post=25916"}],"curies":[{"name":"wp","href":"https:\/\/api.w.org\/{rel}","templated":true}]}}