{"id":25319,"date":"2025-06-17T12:58:53","date_gmt":"2025-06-17T12:58:53","guid":{"rendered":"https:\/\/woolskins.eu\/?post_type=product&#038;p=25319"},"modified":"2025-12-17T11:40:25","modified_gmt":"2025-12-17T11:40:25","slug":"zaffiro-manta-multiusos-de-la-feltrada-cinzenta-clara","status":"publish","type":"product","link":"https:\/\/woolskins.eu\/pt\/zaffiro-multifunctionele-wollen-wikkeldeken-felted-lichtgrijs\/","title":{"rendered":"Zaffiro | Manta multifun\u00e7\u00f5es de l\u00e3 | Feltro cinzento claro"},"content":{"rendered":"<p data-start=\"265\" data-end=\"343\"><strong>Manta de l\u00e3 para beb\u00e9s - Naturalmente quente e segura com Zaffiro<\/strong><\/p>\n<p data-start=\"345\" data-end=\"628\">O cobertor de l\u00e3 para beb\u00e9 da Zaffiro \u00e9 a escolha ideal para os pais que procuram um cobertor natural e respir\u00e1vel para o beb\u00e9. Este vers\u00e1til cobertor para beb\u00e9 \u00e9 adequado para ser utilizado na cadeira auto, no carrinho de beb\u00e9, no cesto de Mois\u00e9s ou simplesmente em casa. Fabricado com l\u00e3 de ovelha natural 100%, este cobertor oferece uma excelente regula\u00e7\u00e3o da temperatura. As fibras de l\u00e3 funcionam como um term\u00f3stato natural: mant\u00eam o beb\u00e9 quente no frio e asseguram que n\u00e3o sobreaquece. Assim, o seu beb\u00e9 permanecer\u00e1 sempre seco, confort\u00e1vel e \u00e0 temperatura certa, seja qual for a esta\u00e7\u00e3o do ano. A l\u00e3 \u00e9 naturalmente hipoalerg\u00e9nica, antibacteriana e autolimpante. Isto significa que o cobertor neutraliza os odores, repele a sujidade e mant\u00e9m-se higi\u00e9nico, sem necessidade de lavagens frequentes. Gra\u00e7as \u00e0s aberturas inteligentes para os cintos, a manta \u00e9 adequada para todos os tipos de cintos de seguran\u00e7a em cadeiras de autom\u00f3vel e carrinhos de beb\u00e9 - f\u00e1cil e segura de utilizar.<\/p>\n<p>- L\u00e3 virgem de qualidade superior 100%, feltrada de dupla camada.<br \/>\n- Adequado para 0-12 meses.<br \/>\n- Cord\u00e3o na gola para proteger a cabe\u00e7a da crian\u00e7a.<br \/>\n- Aberturas c\u00f3modas para os cintos de seguran\u00e7a (3 e 5 pontos).<br \/>\n- comprimento 112<span style=\"color: #000000;\"> cm x largura 112 cm.<\/span><br \/>\n- lav\u00e1vel num ciclo de lavagem com l\u00e3 a 30\u00b0C.<\/p>\n<p data-start=\"218\" data-end=\"276\"><strong>Sobre a Zaffiro - Artesanato e liga\u00e7\u00e3o desde 1989<\/strong><\/p>\n<p data-start=\"278\" data-end=\"558\">A Zaffiro \u00e9 uma empresa familiar polaca dedicada \u00e0 produ\u00e7\u00e3o de produtos de alta qualidade para beb\u00e9s e crian\u00e7as desde 1989. Exportando para mais de 40 pa\u00edses em todo o mundo, a Zaffiro \u00e9 conhecida por produtos que colocam a liga\u00e7\u00e3o entre pais e filhos, o conforto e a seguran\u00e7a no centro da sua atividade. A marca foi fundada com base na convic\u00e7\u00e3o de que os primeiros momentos com o seu beb\u00e9 s\u00e3o essenciais para a cria\u00e7\u00e3o de la\u00e7os. \u00c9 por isso que a Zaffiro desenvolve produtos que apoiam os pais durante este per\u00edodo especial - desde fundas ergon\u00f3micas a mantas de l\u00e3 natural. Combinamos tradi\u00e7\u00f5es antigas, como carregar os beb\u00e9s \u2018de cora\u00e7\u00e3o para cora\u00e7\u00e3o\u2019, com conhecimentos de investiga\u00e7\u00e3o psicol\u00f3gica moderna. \u00c9 assim que criamos solu\u00e7\u00f5es pr\u00e1ticas, carinhosas e seguras para um in\u00edcio de vida caloroso.<\/p>","protected":false},"excerpt":{"rendered":"<p data-start=\"250\" data-end=\"343\"><strong data-start=\"254\" data-end=\"343\">Envolt\u00f3rio de l\u00e3 para beb\u00e9s - adequado para casa, Maxi-Cosi, cadeira auto e carrinho de beb\u00e9 (0-12 meses)<\/strong><\/p>\n<p data-start=\"345\" data-end=\"573\">Este inv\u00f3lucro de l\u00e3 de alta qualidade e polivalente \u00e9 perfeito para envolver o seu rec\u00e9m-nascido ou beb\u00e9 at\u00e9 aos 12 meses de forma segura e quente, quer esteja a passear com o Maxi-Cosi, o carrinho de beb\u00e9, a alcofa ou simplesmente em casa. Fabricado em l\u00e3 de ovelha feltrada natural 100%, este embrulho \u00e9 conhecido pelas suas propriedades respir\u00e1veis, reguladoras da temperatura e hipoalerg\u00e9nicas. A l\u00e3 ret\u00e9m extremamente bem o calor sem sobreaquecer o seu beb\u00e9 e absorve facilmente o suor, pelo que o seu beb\u00e9 ficar\u00e1 extremamente confort\u00e1vel. Gra\u00e7as \u00e0s pr\u00e1ticas aberturas para arneses de 3 e 5 pontos, o tecido pode ser facilmente fixado a quase todas as cadeiras auto e carrinhos de beb\u00e9. Assim, combina conforto e seguran\u00e7a onde quer que esteja.<\/p>\n<p data-start=\"1058\" data-end=\"1268\">O inv\u00f3lucro de l\u00e3 \u00e9 ideal para a primavera, o outono e o inverno. Tamb\u00e9m \u00e9 muito adequado como presente de maternidade ou para pais que valorizam materiais naturais e conforto para o seu beb\u00e9.<\/p>\n<div class=\"woocommerce-product-details__short-description\">\n<p><strong>Marca: Zaffiro<\/strong><br \/>\n<strong>Produ\u00e7\u00e3o: Pol\u00f3nia<br \/>\nKeur: Oeko-Tex Standard<\/strong><\/p>\n<p><img loading=\"lazy\" decoding=\"async\" class=\"alignnone wp-image-28173 entered lazyloaded\" src=\"https:\/\/woolskins.eu\/wp-content\/uploads\/2024\/05\/csm_OEKO-TEX_Logo_2022_rgb_c1aaeb5ceb-300x300.jpg\" alt=\"\" width=\"89\" height=\"89\" data-lazy-src=\"https:\/\/woolskins.eu\/wp-content\/uploads\/2024\/05\/csm_OEKO-TEX_Logo_2022_rgb_c1aaeb5ceb-300x300.jpg\" data-ll-status=\"loaded\" srcset=\"https:\/\/woolskins.eu\/wp-content\/uploads\/2024\/05\/csm_OEKO-TEX_Logo_2022_rgb_c1aaeb5ceb-300x300.jpg 300w, https:\/\/woolskins.eu\/wp-content\/uploads\/2024\/05\/csm_OEKO-TEX_Logo_2022_rgb_c1aaeb5ceb-150x150.jpg 150w, https:\/\/woolskins.eu\/wp-content\/uploads\/2024\/05\/csm_OEKO-TEX_Logo_2022_rgb_c1aaeb5ceb-768x769.jpg 768w, https:\/\/woolskins.eu\/wp-content\/uploads\/2024\/05\/csm_OEKO-TEX_Logo_2022_rgb_c1aaeb5ceb-12x12.jpg 12w, https:\/\/woolskins.eu\/wp-content\/uploads\/2024\/05\/csm_OEKO-TEX_Logo_2022_rgb_c1aaeb5ceb-600x601.jpg 600w, https:\/\/woolskins.eu\/wp-content\/uploads\/2024\/05\/csm_OEKO-TEX_Logo_2022_rgb_c1aaeb5ceb-100x100.jpg 100w, https:\/\/woolskins.eu\/wp-content\/uploads\/2024\/05\/csm_OEKO-TEX_Logo_2022_rgb_c1aaeb5ceb-64x64.jpg 64w, https:\/\/woolskins.eu\/wp-content\/uploads\/2024\/05\/csm_OEKO-TEX_Logo_2022_rgb_c1aaeb5ceb.jpg 885w\" sizes=\"auto, (max-width: 89px) 100vw, 89px\" \/><\/p>\n<\/div>","protected":false},"featured_media":25335,"comment_status":"open","ping_status":"closed","template":"","meta":{"_acf_changed":false},"product_brand":[],"product_cat":[502,499,370,336,321],"product_tag":[],"class_list":{"0":"post-25319","1":"product","2":"type-product","3":"status-publish","4":"has-post-thumbnail","6":"product_cat-zaffiro","7":"product_cat-new-arrivals","8":"product_cat-slaapzakken","9":"product_cat-voetenzakken","10":"product_cat-wikkeldekens","12":"first","13":"instock","14":"taxable","15":"shipping-taxable","16":"purchasable","17":"product-type-simple"},"acf":[],"_links":{"self":[{"href":"https:\/\/woolskins.eu\/pt\/wp-json\/wp\/v2\/product\/25319","targetHints":{"allow":["GET"]}}],"collection":[{"href":"https:\/\/woolskins.eu\/pt\/wp-json\/wp\/v2\/product"}],"about":[{"href":"https:\/\/woolskins.eu\/pt\/wp-json\/wp\/v2\/types\/product"}],"replies":[{"embeddable":true,"href":"https:\/\/woolskins.eu\/pt\/wp-json\/wp\/v2\/comments?post=25319"}],"wp:featuredmedia":[{"embeddable":true,"href":"https:\/\/woolskins.eu\/pt\/wp-json\/wp\/v2\/media\/25335"}],"wp:attachment":[{"href":"https:\/\/woolskins.eu\/pt\/wp-json\/wp\/v2\/media?parent=25319"}],"wp:term":[{"taxonomy":"product_brand","embeddable":true,"href":"https:\/\/woolskins.eu\/pt\/wp-json\/wp\/v2\/product_brand?post=25319"},{"taxonomy":"product_cat","embeddable":true,"href":"https:\/\/woolskins.eu\/pt\/wp-json\/wp\/v2\/product_cat?post=25319"},{"taxonomy":"product_tag","embeddable":true,"href":"https:\/\/woolskins.eu\/pt\/wp-json\/wp\/v2\/product_tag?post=25319"}],"curies":[{"name":"wp","href":"https:\/\/api.w.org\/{rel}","templated":true}]}}