{"id":25067,"date":"2025-05-18T11:06:40","date_gmt":"2025-05-18T11:06:40","guid":{"rendered":"https:\/\/woolskins.eu\/?post_type=product&#038;p=25067"},"modified":"2026-02-06T09:32:57","modified_gmt":"2026-02-06T09:32:57","slug":"tapete-de-pele-de-carneiro-para-parque-medicinal-o-100cm-copia","status":"publish","type":"product","link":"https:\/\/woolskins.eu\/pt\/schapenvacht-boxkleed-speelkleed-medicinaal-o-100cm-kopie\/","title":{"rendered":"Tapete de pele de carneiro - Medicinal \u00d8 100cm (c\u00f3pia)"},"content":{"rendered":"<p>O tapete redondo Woolskins Eco Baby-Care para parque tem um pelo mais curto, o que o torna \u00e0 prova de beb\u00e9. S\u00e3o adequados desde o nascimento e, como o seu processamento tem em conta o ambiente, protegem tanto os mais pequenos como o planeta. Em casa ou fora dela, cria um ambiente confort\u00e1vel onde o seu filho se sente feliz e descontra\u00eddo. Sabia que uma pele de carneiro tamb\u00e9m \u00e9 saud\u00e1vel para o seu filho?<\/p>\n<p>- \u00d8 100cm.<br \/>\n- Curtido medicinalmente.<br \/>\n- Pelagem macia e compacta.<br \/>\n- Lav\u00e1vel e sec\u00e1vel na m\u00e1quina.<br \/>\n- F\u00e1cil de manter.<\/p>\n<p>Encomende uma escova de manuten\u00e7\u00e3o para manter o seu pelo bonito durante muito tempo e\/ou personalize o seu pelo com o seu presente de nascimento ou o do seu filho. Um presente bonito e \u00fanico, dispon\u00edvel exclusivamente na Woolskins. Embalagem standard \u2018pronta a oferecer\u2019 com nota pessoal.<\/p>\n<p><strong>Propriedades Essenciais Pele de carneiro (medicinal)<\/strong><\/p>\n<p class=\"\" data-start=\"87\" data-end=\"420\">Esta pele de carneiro curtida medicinalmente da Baby-Care prov\u00e9m de ovelhas inglesas e \u00e9 conhecida pela sua textura macia e compacta - o nosso must-have absoluto! \u00c9 um velo medicinal, especialmente curtido para ser hipoalerg\u00e9nico, antibacteriano e autolimpante. Al\u00e9m disso, este casaco \u00e9 lav\u00e1vel, o que o torna extremamente pr\u00e1tico para uso di\u00e1rio.<\/p>\n<p class=\"\" data-start=\"422\" data-end=\"821\">A pele \u00e9 curtida na Europa de acordo com normas ambientais rigorosas, garantindo um produto dur\u00e1vel e seguro para o seu beb\u00e9. Como todas as nossas outras peles, tem fibras de l\u00e3 respir\u00e1veis que ajudam a regular naturalmente a temperatura corporal do seu beb\u00e9. Isto mant\u00e9m o seu beb\u00e9 seco, confort\u00e1vel e protegido - agrad\u00e1vel e fresco no ver\u00e3o e acolhedor e quente no inverno.<\/p>\n<p><strong>Amigo do ambiente<\/strong><\/p>\n<p>Todos os agentes utilizados no curtimento e acabamento cumprem as diretivas essenciais da UE relativas \u00e0 preserva\u00e7\u00e3o e prote\u00e7\u00e3o do ambiente.<\/p>\n<p>Os nossos casacos s\u00e3o curtidos de acordo com os regulamentos REACH adoptados para melhorar a prote\u00e7\u00e3o da sa\u00fade humana e do ambiente contra os riscos que os produtos qu\u00edmicos podem representar, aumentando simultaneamente a competitividade da ind\u00fastria qu\u00edmica da UE. N\u00e3o s\u00e3o utilizados corantes AZO na produ\u00e7\u00e3o.<\/p>\n<p>PRODUTOS ECO - as peles s\u00e3o peles ecol\u00f3gicas, o seu processamento e tratamento s\u00e3o seguros para adultos e crian\u00e7as. As peles s\u00e3o biodegrad\u00e1veis e org\u00e2nicas.<\/p>\n<p>A Woolskins n\u00e3o vende l\u00e3 de ovelhas que tenham sido submetidas ao Mulesing! O Mulesing n\u00e3o \u00e9 utilizado em ovelhas europeias porque o parasita que leva os agricultores a utilizarem o Mulesing n\u00e3o se encontra na Europa.<\/p>\n<p><strong>Quem dorme de barriga para baixo... tome nota!<\/strong><\/p>\n<p>Os beb\u00e9s que dormem de barriga para baixo nos primeiros 12 meses n\u00e3o devem dormir em cima de nada macio por raz\u00f5es de seguran\u00e7a, pois pode ser perigoso. Por isso, recomendamos que utilize o pelo Woolskins de forma sensata! Preste sempre aten\u00e7\u00e3o quando o seu filho estiver deitado ou a dormir de barriga para baixo e certifique-se de que ele est\u00e1 sempre sob vigil\u00e2ncia.<\/p>","protected":false},"excerpt":{"rendered":"<p>Neste confort\u00e1vel tapete redondo de pele de carneiro macia, o seu beb\u00e9 pode brincar e descansar. Gra\u00e7as aos \u2018Super Powers\u2019 naturais, \u00e9 quente no inverno e fresco no ver\u00e3o. Isto deve-se ao facto de absorver instantaneamente a temperatura do corpo. S\u00e3o adequados desde o nascimento e, como o seu processamento tem em conta o ambiente, protegem tanto os mais pequenos como o planeta. Em casa ou fora dela, cria um ambiente confort\u00e1vel no qual o seu filho se sente feliz e descontra\u00eddo. Sabia que uma pele de carneiro tamb\u00e9m \u00e9 saud\u00e1vel para o seu filho?<\/p>\n<p><strong>Marca: Woolskins<\/strong><br \/>\n<strong>Produ\u00e7\u00e3o: Pol\u00f3nia<\/strong><\/p>","protected":false},"featured_media":25070,"comment_status":"closed","ping_status":"closed","template":"","meta":{"_acf_changed":false},"product_brand":[],"product_cat":[216,527,354],"product_tag":[],"class_list":{"0":"post-25067","1":"product","2":"type-product","3":"status-publish","4":"has-post-thumbnail","6":"product_cat-schapenvacht-voor-baby","7":"product_cat-wollen-schapenvacht-boxkleed-speelkleed","8":"product_cat-woolskins","10":"first","11":"outofstock","12":"taxable","13":"shipping-taxable","14":"purchasable","15":"product-type-variable","16":"has-default-attributes"},"acf":[],"_links":{"self":[{"href":"https:\/\/woolskins.eu\/pt\/wp-json\/wp\/v2\/product\/25067","targetHints":{"allow":["GET"]}}],"collection":[{"href":"https:\/\/woolskins.eu\/pt\/wp-json\/wp\/v2\/product"}],"about":[{"href":"https:\/\/woolskins.eu\/pt\/wp-json\/wp\/v2\/types\/product"}],"replies":[{"embeddable":true,"href":"https:\/\/woolskins.eu\/pt\/wp-json\/wp\/v2\/comments?post=25067"}],"wp:featuredmedia":[{"embeddable":true,"href":"https:\/\/woolskins.eu\/pt\/wp-json\/wp\/v2\/media\/25070"}],"wp:attachment":[{"href":"https:\/\/woolskins.eu\/pt\/wp-json\/wp\/v2\/media?parent=25067"}],"wp:term":[{"taxonomy":"product_brand","embeddable":true,"href":"https:\/\/woolskins.eu\/pt\/wp-json\/wp\/v2\/product_brand?post=25067"},{"taxonomy":"product_cat","embeddable":true,"href":"https:\/\/woolskins.eu\/pt\/wp-json\/wp\/v2\/product_cat?post=25067"},{"taxonomy":"product_tag","embeddable":true,"href":"https:\/\/woolskins.eu\/pt\/wp-json\/wp\/v2\/product_tag?post=25067"}],"curies":[{"name":"wp","href":"https:\/\/api.w.org\/{rel}","templated":true}]}}