{"id":24759,"date":"2025-04-02T10:41:34","date_gmt":"2025-04-02T10:41:34","guid":{"rendered":"https:\/\/woolskins.eu\/?post_type=product&#038;p=24759"},"modified":"2026-05-12T13:24:44","modified_gmt":"2026-05-12T13:24:44","slug":"lanacare-detergente-para-la-sabao-de-lanolina","status":"publish","type":"product","link":"https:\/\/woolskins.eu\/pt\/lanacare-wolwasmiddel-lanolinezeep\/","title":{"rendered":"Detergente para l\u00e3 Lanacare \/ Sab\u00e3o de lanolina"},"content":{"rendered":"<p>O sab\u00e3o de lanolina\/detergente de l\u00e3 LANACare \u00e9 100% hipoalerg\u00e9nico. Especialmente desenvolvido para uma lavagem \u00f3ptima dos produtos de l\u00e3. Lava e limpa os produtos de l\u00e3 e optimiza a reposi\u00e7\u00e3o de lanolina na fibra de l\u00e3, sem deixar uma pel\u00edcula oleosa ou manchas. O sab\u00e3o cont\u00e9m lanolina medicinal e n\u00e3o cont\u00e9m perfumes ou corantes. Este sab\u00e3o de lanolina foi especialmente desenvolvido para LANACare.<br \/>\nO sabonete de lanolina LANACare \u00e9 muito ben\u00e9fico para pessoas com problemas de pele, como pele sens\u00edvel, erup\u00e7\u00f5es cut\u00e2neas ou mesmo psor\u00edase. A lanolina hipoalerg\u00e9nica suaviza a pele. Alivia a dermatite ao adicionar gordura natural extra \u00e0 pele. Alivia a comich\u00e3o e tem um grande efeito calmante.<\/p>\n<p>Testado em laborat\u00f3rio \/ um frasco cont\u00e9m 150 ml.<\/p>\n<p>Produzido na Su\u00e9cia.<\/p>","protected":false},"excerpt":{"rendered":"<p>O sab\u00e3o de lanolina\/detergente de l\u00e3 LANACare \u00e9 100% hipoalerg\u00e9nico. Especialmente desenvolvido para uma lavagem \u00f3ptima dos produtos de l\u00e3. Lava e limpa os produtos de l\u00e3 e optimiza a reposi\u00e7\u00e3o de lanolina na fibra de l\u00e3, sem deixar uma pel\u00edcula oleosa ou manchas. O sab\u00e3o cont\u00e9m lanolina medicinal e n\u00e3o cont\u00e9m perfumes ou corantes. Este sab\u00e3o de lanolina foi especialmente desenvolvido para LANACare.<\/p>\n<p>Testado em laborat\u00f3rio \/ um frasco cont\u00e9m 150 ml.<\/p>\n<p><strong>Marca:<\/strong> Lanacare<br \/>\n<strong>Produ\u00e7\u00e3o:<\/strong> Su\u00e9cia<\/p>","protected":false},"featured_media":24760,"comment_status":"open","ping_status":"closed","template":"","meta":{"_acf_changed":false},"product_brand":[],"product_cat":[357,353],"product_tag":[],"class_list":{"0":"post-24759","1":"product","2":"type-product","3":"status-publish","4":"has-post-thumbnail","6":"product_cat-onderhoud","7":"product_cat-lanacare","9":"first","10":"instock","11":"taxable","12":"shipping-taxable","13":"purchasable","14":"product-type-simple"},"acf":[],"_links":{"self":[{"href":"https:\/\/woolskins.eu\/pt\/wp-json\/wp\/v2\/product\/24759","targetHints":{"allow":["GET"]}}],"collection":[{"href":"https:\/\/woolskins.eu\/pt\/wp-json\/wp\/v2\/product"}],"about":[{"href":"https:\/\/woolskins.eu\/pt\/wp-json\/wp\/v2\/types\/product"}],"replies":[{"embeddable":true,"href":"https:\/\/woolskins.eu\/pt\/wp-json\/wp\/v2\/comments?post=24759"}],"wp:featuredmedia":[{"embeddable":true,"href":"https:\/\/woolskins.eu\/pt\/wp-json\/wp\/v2\/media\/24760"}],"wp:attachment":[{"href":"https:\/\/woolskins.eu\/pt\/wp-json\/wp\/v2\/media?parent=24759"}],"wp:term":[{"taxonomy":"product_brand","embeddable":true,"href":"https:\/\/woolskins.eu\/pt\/wp-json\/wp\/v2\/product_brand?post=24759"},{"taxonomy":"product_cat","embeddable":true,"href":"https:\/\/woolskins.eu\/pt\/wp-json\/wp\/v2\/product_cat?post=24759"},{"taxonomy":"product_tag","embeddable":true,"href":"https:\/\/woolskins.eu\/pt\/wp-json\/wp\/v2\/product_tag?post=24759"}],"curies":[{"name":"wp","href":"https:\/\/api.w.org\/{rel}","templated":true}]}}