{"id":24655,"date":"2025-03-18T14:14:39","date_gmt":"2025-03-18T14:14:39","guid":{"rendered":"https:\/\/woolskins.eu\/?post_type=product&#038;p=24655"},"modified":"2026-01-04T10:35:07","modified_gmt":"2026-01-04T10:35:07","slug":"colchao-de-la-para-prancha-de-equilibrio-castanho-escuro","status":"publish","type":"product","link":"https:\/\/woolskins.eu\/pt\/wollen-matras-voor-balance-board-ecru-bruin\/","title":{"rendered":"Colch\u00e3o de l\u00e3 para prancha de equil\u00edbrio + almofada gr\u00e1tis | Cru\/castanho"},"content":{"rendered":"<p>Transforme o seu Balance Board num ninho acolhedor com o nosso colch\u00e3o de l\u00e3 macia!<\/p>\n<p>Transforme o Balance Board do seu filho num local confort\u00e1vel para brincar e descansar com o nosso colch\u00e3o e almofada de l\u00e3. Este colch\u00e3o macio e solid\u00e1rio \u00e9 o complemento perfeito para o Balance Board, tem um acolchoamento suave que faz com que o seu filho desfrute ainda mais deste brinquedo vers\u00e1til.<\/p>\n<p>Dimens\u00f5es: 28 cm x 70 cm.<\/p>\n<p>Carater\u00edsticas:<\/p>\n<p>* Conforto extra: O colch\u00e3o macio proporciona uma superf\u00edcie confort\u00e1vel e absorve instantaneamente o calor do corpo, ideal para se deitar, sentar ou abra\u00e7ar.<\/p>\n<p>* Seguro e solid\u00e1rio: O colch\u00e3o proporciona um apoio extra para as costas e o pesco\u00e7o do beb\u00e9, tornando a sua utiliza\u00e7\u00e3o segura e confort\u00e1vel.<\/p>\n<p>* Encaixe perfeito: Especialmente concebido para encaixar na perfei\u00e7\u00e3o na Balance Board, com el\u00e1sticos pr\u00e1ticos que mant\u00eam o colch\u00e3o seguro na Balance Board.....<\/p>\n<p>* Materiais de alta qualidade: A parte superior \u00e9 feita de l\u00e3 macia, respir\u00e1vel e amiga das crian\u00e7as, que \u00e9 segura e saud\u00e1vel para peles sens\u00edveis.<\/p>\n<p>* Utiliza\u00e7\u00e3o vers\u00e1til: Para al\u00e9m da utiliza\u00e7\u00e3o na prancha de equil\u00edbrio, o colch\u00e3o tamb\u00e9m pode ser utilizado como tapete de jogos.<\/p>\n<p>Benef\u00edcios para o seu filho:<\/p>\n<p>* Estimula os sentidos e o desenvolvimento motor<\/p>\n<p>* Promove o equil\u00edbrio e a coordena\u00e7\u00e3o<\/p>\n<p>* Proporciona uma \u00e1rea de jogo segura e confort\u00e1vel<\/p>\n<p>* Estimula a imagina\u00e7\u00e3o e a criatividade<\/p>\n<p>Ideal para:<\/p>\n<p>* Beb\u00e9s e crian\u00e7as pequenas a aprender a equilibrar-se<\/p>\n<p>* Crian\u00e7as que procuram um espa\u00e7o de jogo confort\u00e1vel<\/p>\n<p>* Pais que querem oferecer aos seus filhos um ambiente seguro e estimulante<\/p>\n<p>Complete o Balance Board com o nosso colch\u00e3o de l\u00e3 macia e d\u00ea ao seu filho horas de divers\u00e3o e conforto!<\/p>","protected":false},"excerpt":{"rendered":"<p>Transforme o seu Balance Board num local de descanso acolhedor com o nosso colch\u00e3o de l\u00e3 macia!<\/p>\n<p>Transforme o Balance Board do seu filho num local confort\u00e1vel para brincar e descansar com o nosso colch\u00e3o e almofada de l\u00e3. Este colch\u00e3o macio e solid\u00e1rio \u00e9 o complemento perfeito para o Balance Board, tem um acolchoamento suave que faz com que o seu filho desfrute ainda mais deste brinquedo vers\u00e1til.<\/p>\n<p>Complete o seu Balance Board com o nosso colch\u00e3o de l\u00e3 macia e d\u00ea ao seu filho horas de divers\u00e3o e conforto!<\/p>\n<p>Dimens\u00f5es: 28 cm x 70 cm (adequado para um Wobbel Starter, por exemplo)<\/p>","protected":false},"featured_media":24649,"comment_status":"open","ping_status":"closed","template":"","meta":{"_acf_changed":false},"product_brand":[],"product_cat":[363,499],"product_tag":[],"class_list":{"0":"post-24655","1":"product","2":"type-product","3":"status-publish","4":"has-post-thumbnail","6":"product_cat-cadeaus-e25-e50","7":"product_cat-new-arrivals","9":"first","10":"instock","11":"taxable","12":"shipping-taxable","13":"purchasable","14":"product-type-simple"},"acf":[],"_links":{"self":[{"href":"https:\/\/woolskins.eu\/pt\/wp-json\/wp\/v2\/product\/24655","targetHints":{"allow":["GET"]}}],"collection":[{"href":"https:\/\/woolskins.eu\/pt\/wp-json\/wp\/v2\/product"}],"about":[{"href":"https:\/\/woolskins.eu\/pt\/wp-json\/wp\/v2\/types\/product"}],"replies":[{"embeddable":true,"href":"https:\/\/woolskins.eu\/pt\/wp-json\/wp\/v2\/comments?post=24655"}],"wp:featuredmedia":[{"embeddable":true,"href":"https:\/\/woolskins.eu\/pt\/wp-json\/wp\/v2\/media\/24649"}],"wp:attachment":[{"href":"https:\/\/woolskins.eu\/pt\/wp-json\/wp\/v2\/media?parent=24655"}],"wp:term":[{"taxonomy":"product_brand","embeddable":true,"href":"https:\/\/woolskins.eu\/pt\/wp-json\/wp\/v2\/product_brand?post=24655"},{"taxonomy":"product_cat","embeddable":true,"href":"https:\/\/woolskins.eu\/pt\/wp-json\/wp\/v2\/product_cat?post=24655"},{"taxonomy":"product_tag","embeddable":true,"href":"https:\/\/woolskins.eu\/pt\/wp-json\/wp\/v2\/product_tag?post=24655"}],"curies":[{"name":"wp","href":"https:\/\/api.w.org\/{rel}","templated":true}]}}