{"id":23455,"date":"2025-01-17T15:00:49","date_gmt":"2025-01-17T15:00:49","guid":{"rendered":"https:\/\/woolskins.eu\/?post_type=product&#038;p=23455"},"modified":"2026-01-12T13:57:33","modified_gmt":"2026-01-12T13:57:33","slug":"calcas-de-la-para-bebe-100-la-merino-bege","status":"publish","type":"product","link":"https:\/\/woolskins.eu\/pt\/wollen-babybroekje-100-merinowol-beige\/","title":{"rendered":"Cal\u00e7as de l\u00e3 para beb\u00e9 100% L\u00e3 merino | Avel\u00e3"},"content":{"rendered":"<p data-start=\"261\" data-end=\"352\"><strong data-start=\"261\" data-end=\"352\">Suaves, quentes e naturais - as cal\u00e7as de l\u00e3 para beb\u00e9 que a far\u00e3o feliz a si e ao seu beb\u00e9<\/strong><\/p>\n<p data-start=\"354\" data-end=\"626\">Imagine o seu beb\u00e9 a rolar, a gatinhar ou a dormir em paz, maravilhosamente quente e envolvido pela l\u00e3 mais macia que possa imaginar. Este\u00a0<em data-start=\"494\" data-end=\"515\">cal\u00e7as de l\u00e3 para beb\u00e9<\/em>, A l\u00e3 merino italiana 100% \u00e9 como uma segunda pele - macia, respir\u00e1vel e totalmente natural.<\/p>\n<p data-start=\"628\" data-end=\"924\">Apenas a melhor l\u00e3 merino da Europa, proveniente de It\u00e1lia, foi utilizada para estes cal\u00e7\u00f5es. A l\u00e3 merino \u00e9 conhecida n\u00e3o s\u00f3 pela sua suavidade, mas tamb\u00e9m pelas suas propriedades reguladoras da temperatura: quente no inverno, fresca no ver\u00e3o. Assim, o seu beb\u00e9 sente-se sempre confort\u00e1vel, sem suar ou arrefecer.<\/p>\n<p data-start=\"926\" data-end=\"958\">O que torna estes cal\u00e7\u00f5es especiais:<\/p>\n<ul data-start=\"959\" data-end=\"1402\">\n<li data-start=\"959\" data-end=\"1050\">\n<p data-start=\"961\" data-end=\"1050\"><strong data-start=\"961\" data-end=\"980\">Suave e flex\u00edvel<\/strong>\u00a0- sem c\u00f3cegas, mas pura suavidade para a pele delicada do beb\u00e9<\/p>\n<\/li>\n<li data-start=\"1051\" data-end=\"1142\">\n<p data-start=\"1053\" data-end=\"1142\"><strong data-start=\"1053\" data-end=\"1089\">Respir\u00e1vel e regulador de temperatura<\/strong>\u00a0- o seu beb\u00e9 fica seco e aconchegado, dia e noite<\/p>\n<\/li>\n<li data-start=\"1143\" data-end=\"1223\">\n<p data-start=\"1145\" data-end=\"1223\"><strong data-start=\"1145\" data-end=\"1162\">Autolimpeza<\/strong>\u00a0- Um r\u00e1pido arejamento \u00e9 muitas vezes suficiente, ideal para dias atarefados<\/p>\n<\/li>\n<li data-start=\"1224\" data-end=\"1312\">\n<p data-start=\"1226\" data-end=\"1312\"><strong data-start=\"1226\" data-end=\"1258\">Feito com amor na Europa<\/strong>\u00a0- sustent\u00e1vel, amigo dos animais e produzido de forma justa<\/p>\n<\/li>\n<li data-start=\"1313\" data-end=\"1402\">\n<p data-start=\"1315\" data-end=\"1402\"><strong data-start=\"1315\" data-end=\"1341\">El\u00e1stico e confort\u00e1vel<\/strong>\u00a0- para que o seu filho se possa mexer, descobrir e crescer livremente<\/p>\n<\/li>\n<\/ul>\n<p data-start=\"1404\" data-end=\"1573\">Quer esteja \u00e0 procura de um primeiro conjunto para o seu rec\u00e9m-nascido ou de uma cal\u00e7a familiar para o seu descobridor que gatinha: estas cal\u00e7as de l\u00e3 para beb\u00e9 adaptam-se sem esfor\u00e7o a todas as fases.<\/p>\n<p data-start=\"1575\" data-end=\"1885\"><strong data-start=\"1575\" data-end=\"1618\">Porqu\u00ea escolher roupa de beb\u00e9 feita de l\u00e3?<\/strong><br data-start=\"1618\" data-end=\"1621\" \/>A l\u00e3 \u00e9 uma maravilha da natureza. \u00c9 antibacteriana, impede os odores desagrad\u00e1veis e quase n\u00e3o precisa de ser lavada. E, talvez o melhor de tudo, a l\u00e3 respira. Isto significa que o seu beb\u00e9 ter\u00e1 sempre o calor certo sem sobreaquecer.<\/p>\n<p data-start=\"1887\" data-end=\"2016\">As cal\u00e7as de l\u00e3 para beb\u00e9 n\u00e3o s\u00e3o um luxo desnecess\u00e1rio, mas uma escolha consciente para o conforto, a sa\u00fade e a comodidade - para si e para o seu beb\u00e9.<\/p>\n<p data-start=\"2018\" data-end=\"2152\"><strong data-start=\"2018\" data-end=\"2045\">Dica de outras m\u00e3es:<\/strong> Combine os cal\u00e7\u00f5es com um macac\u00e3o de l\u00e3 ou um casaco de malha e descubra por si pr\u00f3prio porque \u00e9 que a l\u00e3 \u00e9 t\u00e3o popular.<\/p>","protected":false},"excerpt":{"rendered":"<p><strong data-start=\"165\" data-end=\"238\">Cal\u00e7as de l\u00e3 para beb\u00e9 em l\u00e3 merino 100% - macias, respir\u00e1veis e naturais<\/strong><br data-start=\"238\" data-end=\"241\" \/>Esta multa\u00a0<em data-start=\"251\" data-end=\"272\">cal\u00e7as de l\u00e3 para beb\u00e9<\/em>\u00a0\u00e9 feito de l\u00e3 merino super macia proveniente de It\u00e1lia. A l\u00e3 \u00e9 respir\u00e1vel, regula a temperatura e \u00e9 perfeita para a pele sens\u00edvel do seu beb\u00e9. Quente no inverno, fresco no ver\u00e3o - ideal para todas as esta\u00e7\u00f5es. Gra\u00e7as \u00e0 sua elasticidade natural, as cal\u00e7as ajustam-se bem sem apertar, permitindo que o seu beb\u00e9 se mova livremente. Fabricadas na Europa com amor e aten\u00e7\u00e3o \u00e0s pessoas, aos animais e \u00e0 natureza. Dispon\u00edvel em quatro cores: cru, bege, cinzento claro e rosa p\u00e1lido, nos tamanhos 2-6 meses. &amp; 6-12 meses.<\/p>\n<p><strong>Marca: Woolskins<\/strong><br \/>\n<strong>Produto: Pol\u00f3nia<\/strong><\/p>","protected":false},"featured_media":23728,"comment_status":"open","ping_status":"closed","template":"","meta":{"_acf_changed":false},"product_brand":[],"product_cat":[360,364,200,499,322,344,194],"product_tag":[],"class_list":{"0":"post-23455","1":"product","2":"type-product","3":"status-publish","4":"has-post-thumbnail","6":"product_cat-cadeautips","7":"product_cat-cadeaus-vanaf-e50","8":"product_cat-wollen-babykleding","9":"product_cat-new-arrivals","10":"product_cat-broekjes","11":"product_cat-kleertjes","12":"product_cat-wollen-babyproducten","13":"pa_maat-2-6-maanden","14":"pa_maat-6-12-maanden","16":"first","17":"instock","18":"taxable","19":"shipping-taxable","20":"purchasable","21":"product-type-variable"},"acf":[],"_links":{"self":[{"href":"https:\/\/woolskins.eu\/pt\/wp-json\/wp\/v2\/product\/23455","targetHints":{"allow":["GET"]}}],"collection":[{"href":"https:\/\/woolskins.eu\/pt\/wp-json\/wp\/v2\/product"}],"about":[{"href":"https:\/\/woolskins.eu\/pt\/wp-json\/wp\/v2\/types\/product"}],"replies":[{"embeddable":true,"href":"https:\/\/woolskins.eu\/pt\/wp-json\/wp\/v2\/comments?post=23455"}],"wp:featuredmedia":[{"embeddable":true,"href":"https:\/\/woolskins.eu\/pt\/wp-json\/wp\/v2\/media\/23728"}],"wp:attachment":[{"href":"https:\/\/woolskins.eu\/pt\/wp-json\/wp\/v2\/media?parent=23455"}],"wp:term":[{"taxonomy":"product_brand","embeddable":true,"href":"https:\/\/woolskins.eu\/pt\/wp-json\/wp\/v2\/product_brand?post=23455"},{"taxonomy":"product_cat","embeddable":true,"href":"https:\/\/woolskins.eu\/pt\/wp-json\/wp\/v2\/product_cat?post=23455"},{"taxonomy":"product_tag","embeddable":true,"href":"https:\/\/woolskins.eu\/pt\/wp-json\/wp\/v2\/product_tag?post=23455"}],"curies":[{"name":"wp","href":"https:\/\/api.w.org\/{rel}","templated":true}]}}