{"id":23404,"date":"2025-01-17T12:59:20","date_gmt":"2025-01-17T12:59:20","guid":{"rendered":"https:\/\/woolskins.eu\/?post_type=product&#038;p=23404"},"modified":"2025-10-16T14:16:07","modified_gmt":"2025-10-16T14:16:07","slug":"camisola-de-la-para-bebe-merino-ecru","status":"publish","type":"product","link":"https:\/\/woolskins.eu\/pt\/wollen-babytruitje-merino-ecru\/","title":{"rendered":"Camisola de l\u00e3 para beb\u00e9 100% L\u00e3 merino | Ecru"},"content":{"rendered":"<div id=\"product-24563\" class=\"product type-product post-24563 status-publish first instock product_cat-cadeautips product_cat-new-arrivals product_cat-cadeaus-vanaf-e50 product_cat-alwero product_cat-wollen-babykleding product_cat-kleertjes product_cat-vestjes product_cat-best-verkocht has-post-thumbnail taxable shipping-taxable purchasable product-type-variable ct-default-gallery ct-ajax-add-to-cart thumbs-bottom sticky-summary\">\n<div class=\"woocommerce-tabs wc-tabs-wrapper\" data-type=\"type-1:center\">\n<article>\n<div id=\"tab-description\" class=\"woocommerce-Tabs-panel woocommerce-Tabs-panel--description panel entry-content wc-tab is-layout-constrained\" role=\"tabpanel\" aria-labelledby=\"tab-title-description\">\n<p data-start=\"290\" data-end=\"373\"><strong data-start=\"290\" data-end=\"373\">Suave, quente e natural - a camisola de l\u00e3 para beb\u00e9 que cresce com o seu filho<\/strong><\/p>\n<p data-start=\"375\" data-end=\"699\">Imagine o seu beb\u00e9 deitado ao seu colo ou a fazer os seus primeiros movimentos explorat\u00f3rios - quentinho e seguro numa camisola que parece um brinquedo fofinho. Este\u00a0<em data-start=\"537\" data-end=\"558\">camisola de l\u00e3 para beb\u00e9<\/em>, A l\u00e3 merino italiana 100% \u00e9 t\u00e3o macia que quase se esquece que \u00e9 feita de l\u00e3. Sem comich\u00e3o, sem confus\u00e3o - apenas puro conforto.<\/p>\n<p data-start=\"701\" data-end=\"984\">A l\u00e3 merino que utilizamos vem da Europa e \u00e9 conhecida pela sua suavidade natural, respirabilidade e regula\u00e7\u00e3o da temperatura. Isto torna esta camisola adequada para todas as esta\u00e7\u00f5es: quente no inverno e arejada no ver\u00e3o. Ideal para beb\u00e9s que ainda est\u00e3o a aprender a regular a temperatura.<\/p>\n<p data-start=\"986\" data-end=\"1032\">O que torna esta camisola de l\u00e3 para beb\u00e9 t\u00e3o especial:<\/p>\n<ul data-start=\"1033\" data-end=\"1427\">\n<li data-start=\"1033\" data-end=\"1107\">\n<p data-start=\"1035\" data-end=\"1107\"><strong data-start=\"1035\" data-end=\"1068\">Ultra-suave e amigo da pele<\/strong>\u00a0- perfeito para a pele sens\u00edvel do beb\u00e9<\/p>\n<\/li>\n<li data-start=\"1108\" data-end=\"1202\">\n<p data-start=\"1110\" data-end=\"1202\"><strong data-start=\"1110\" data-end=\"1146\">Respir\u00e1vel e regulador de temperatura<\/strong>\u00a0- evita o sobreaquecimento e mant\u00e9m o beb\u00e9 aconchegado<\/p>\n<\/li>\n<li data-start=\"1203\" data-end=\"1278\">\n<p data-start=\"1205\" data-end=\"1278\"><strong data-start=\"1205\" data-end=\"1222\">Autolimpeza<\/strong>\u00a0- O arejamento \u00e9 muitas vezes suficiente, a lavagem raramente \u00e9 necess\u00e1ria<\/p>\n<\/li>\n<li data-start=\"1279\" data-end=\"1348\">\n<p data-start=\"1281\" data-end=\"1348\"><strong data-start=\"1281\" data-end=\"1307\">El\u00e1stico e confort\u00e1vel<\/strong>\u00a0- move-se com cada bra\u00e7o que mexe<\/p>\n<\/li>\n<li data-start=\"1349\" data-end=\"1427\">\n<p data-start=\"1351\" data-end=\"1427\"><strong data-start=\"1351\" data-end=\"1385\">Produzido de forma justa na Europa<\/strong>\u00a0- com respeito pelas pessoas, pelos animais e pela natureza<\/p>\n<\/li>\n<\/ul>\n<p data-start=\"1429\" data-end=\"1623\">Quer seja usada como primeira camada sobre a pele ou como camada superior quente, esta camisola de l\u00e3 para beb\u00e9 oferece ao seu filho conforto e prote\u00e7\u00e3o todos os dias, de uma forma completamente natural.<\/p>\n<p data-start=\"1625\" data-end=\"2000\"><strong data-start=\"1625\" data-end=\"1669\">Porqu\u00ea escolher um pul\u00f4ver de l\u00e3 para beb\u00e9?<\/strong><br data-start=\"1669\" data-end=\"1672\" \/>A l\u00e3 \u00e9 um dos materiais mais populares para a roupa de beb\u00e9 - e por boas raz\u00f5es. A l\u00e3 Merino \u00e9 naturalmente antibacteriana, resistente aos odores e ajuda a manter a pele seca e \u00e0 temperatura. Quase n\u00e3o precisa de ser lavada, mant\u00e9m a sua forma e \u00e9 completamente biodegrad\u00e1vel. Uma escolha consciente e pr\u00e1tica.<\/p>\n<p data-start=\"2002\" data-end=\"2163\"><strong data-start=\"2002\" data-end=\"2010\">Sugest\u00e3o:<\/strong> Combine com cal\u00e7as de l\u00e3 a condizer para obter um conjunto completo com o qual o seu beb\u00e9 se pode movimentar maravilhosamente livremente - e tamb\u00e9m fica lindo.<\/p>\n<\/div>\n<\/article>\n<\/div>\n<\/div>","protected":false},"excerpt":{"rendered":"<p><strong data-start=\"131\" data-end=\"202\">Camisola de l\u00e3 para beb\u00e9 em l\u00e3 merino 100% - macia, respir\u00e1vel e intemporal<\/strong><br data-start=\"202\" data-end=\"205\" \/>Este produto maravilhosamente macio\u00a0<em data-start=\"225\" data-end=\"246\">camisola de l\u00e3 para beb\u00e9<\/em>\u00a0\u00e9 feito de l\u00e3 merino italiana 100%. A l\u00e3 respira, regula a temperatura e \u00e9 confort\u00e1vel mesmo na pele mais sens\u00edvel do beb\u00e9. Quente no inverno, fresca no ver\u00e3o. A camisola \u00e9 leve, el\u00e1stica e move-se suavemente com o seu beb\u00e9. Fabricado na Europa de forma sustent\u00e1vel e carinhosa - uma pe\u00e7a de vestu\u00e1rio natural para todos os dias. Dispon\u00edvel em quatro cores: cru, bege, cinzento claro e rosa p\u00e1lido nos tamanhos 2-6 meses. &amp; 6-12 meses.<\/p>\n<p><strong>Marca: Woolskins<\/strong><br \/>\n<strong>Produto: Pol\u00f3nia<\/strong><\/p>","protected":false},"featured_media":23438,"comment_status":"open","ping_status":"closed","template":"","meta":{"_acf_changed":false},"product_brand":[],"product_cat":[360,364,200,499,337,344,194],"product_tag":[],"class_list":{"0":"post-23404","1":"product","2":"type-product","3":"status-publish","4":"has-post-thumbnail","6":"product_cat-cadeautips","7":"product_cat-cadeaus-vanaf-e50","8":"product_cat-wollen-babykleding","9":"product_cat-new-arrivals","10":"product_cat-vestjes","11":"product_cat-kleertjes","12":"product_cat-wollen-babyproducten","13":"pa_maat-2-6-maanden","14":"pa_maat-6-12-maanden","16":"first","17":"instock","18":"taxable","19":"shipping-taxable","20":"purchasable","21":"product-type-variable"},"acf":[],"_links":{"self":[{"href":"https:\/\/woolskins.eu\/pt\/wp-json\/wp\/v2\/product\/23404","targetHints":{"allow":["GET"]}}],"collection":[{"href":"https:\/\/woolskins.eu\/pt\/wp-json\/wp\/v2\/product"}],"about":[{"href":"https:\/\/woolskins.eu\/pt\/wp-json\/wp\/v2\/types\/product"}],"replies":[{"embeddable":true,"href":"https:\/\/woolskins.eu\/pt\/wp-json\/wp\/v2\/comments?post=23404"}],"wp:featuredmedia":[{"embeddable":true,"href":"https:\/\/woolskins.eu\/pt\/wp-json\/wp\/v2\/media\/23438"}],"wp:attachment":[{"href":"https:\/\/woolskins.eu\/pt\/wp-json\/wp\/v2\/media?parent=23404"}],"wp:term":[{"taxonomy":"product_brand","embeddable":true,"href":"https:\/\/woolskins.eu\/pt\/wp-json\/wp\/v2\/product_brand?post=23404"},{"taxonomy":"product_cat","embeddable":true,"href":"https:\/\/woolskins.eu\/pt\/wp-json\/wp\/v2\/product_cat?post=23404"},{"taxonomy":"product_tag","embeddable":true,"href":"https:\/\/woolskins.eu\/pt\/wp-json\/wp\/v2\/product_tag?post=23404"}],"curies":[{"name":"wp","href":"https:\/\/api.w.org\/{rel}","templated":true}]}}