{"id":23349,"date":"2025-01-14T12:12:55","date_gmt":"2025-01-14T12:12:55","guid":{"rendered":"https:\/\/woolskins.eu\/?post_type=product&#038;p=23349"},"modified":"2026-05-12T11:31:45","modified_gmt":"2026-05-12T11:31:45","slug":"tapete-de-pele-de-carneiro-para-parque-de-jardim-conforto-taupe","status":"publish","type":"product","link":"https:\/\/woolskins.eu\/pt\/schapenvacht-boxkleed-speelkleed-comfort-taupe\/","title":{"rendered":"Tapete de pele de carneiro - Comfort Taupe"},"content":{"rendered":"<p>O tapete para parque Woolskins Eco Baby-Care tem um pelo mais curto, o que o torna \u00e0 prova de beb\u00e9. S\u00e3o adequados desde o nascimento e, como o seu processamento tem em conta o ambiente, protegem tanto os mais pequenos como o planeta. Em casa ou fora dela, cria um ambiente confort\u00e1vel onde o seu filho se sente feliz e descontra\u00eddo. Sabia que uma pele de carneiro tamb\u00e9m \u00e9 saud\u00e1vel para o seu filho?<\/p>\n<p>- Comprimento 90cm x largura 90cm \/ pelo 3cm.<br \/>\n- Curtido medicinalmente.<br \/>\n- Pelagem macia e compacta.<br \/>\n- Lav\u00e1vel e sec\u00e1vel na m\u00e1quina.<br \/>\n- F\u00e1cil de manter.<\/p>\n<p>Encomende uma escova de manuten\u00e7\u00e3o para manter o seu pelo bonito durante muito tempo e\/ou personalize o seu pelo com o seu presente de nascimento ou o do seu filho. Um presente bonito e \u00fanico, dispon\u00edvel exclusivamente na Woolskins. Embalagem standard \u2018pronta a oferecer\u2019 com nota pessoal.<\/p>\n<p><strong>Carater\u00edsticas Pele de carneiro confort\u00e1vel<\/strong><\/p>\n<p>Esta pele de carneiro Baby-Care \u00e9 proveniente da ovelha inglesa. \u00c9 um pelo muito macio e compacto. Este pelo Comfort \u00e9 \u2018a\u2019 pele de ovelha que conhecemos anteriormente, apenas a rasp\u00e1mos para um comprimento curto. \u00c9 muito mais seguro. Como todas as outras l\u00e3s, as fibras de l\u00e3 respiram. Isto ajuda o seu beb\u00e9 a manter uma temperatura est\u00e1vel e mant\u00e9m-no seco e confort\u00e1vel. Fresco no ver\u00e3o e quente no inverno.<\/p>\n<p><strong>Amigo do ambiente<\/strong><\/p>\n<p>Todos os agentes utilizados no curtimento e acabamento cumprem as diretivas essenciais da UE relativas \u00e0 preserva\u00e7\u00e3o e prote\u00e7\u00e3o do ambiente.<\/p>\n<p>Os nossos casacos s\u00e3o curtidos de acordo com os regulamentos REACH adoptados para melhorar a prote\u00e7\u00e3o da sa\u00fade humana e do ambiente contra os riscos que os produtos qu\u00edmicos podem representar, aumentando simultaneamente a competitividade da ind\u00fastria qu\u00edmica da UE. N\u00e3o s\u00e3o utilizados corantes AZO na produ\u00e7\u00e3o.<\/p>\n<p>PRODUTOS ECO - as peles s\u00e3o peles ecol\u00f3gicas, o seu processamento e tratamento s\u00e3o seguros para adultos e crian\u00e7as. As peles s\u00e3o biodegrad\u00e1veis e org\u00e2nicas.<\/p>\n<p>A Woolskins n\u00e3o vende l\u00e3 de ovelhas que tenham sido submetidas ao Mulesing! O Mulesing n\u00e3o \u00e9 utilizado em ovelhas europeias porque o parasita que leva os agricultores a utilizarem o Mulesing n\u00e3o se encontra na Europa.<\/p>\n<p><strong>Quem dorme de barriga para baixo... tome nota!<\/strong><\/p>\n<p>Os beb\u00e9s que dormem de barriga para baixo nos primeiros 12 meses n\u00e3o devem dormir em cima de nada macio por raz\u00f5es de seguran\u00e7a, pois pode ser perigoso. Por isso, recomendamos que utilize o pelo Woolskins de forma sensata! Preste sempre aten\u00e7\u00e3o quando o seu filho estiver deitado ou a dormir de barriga para baixo e certifique-se de que ele est\u00e1 sempre sob vigil\u00e2ncia.<\/p>","protected":false},"excerpt":{"rendered":"<p>Neste tapete macio e confort\u00e1vel, o seu beb\u00e9 pode brincar e descansar. Gra\u00e7as aos \u2018Super Powers\u2019 naturais, \u00e9 quente no inverno e fresco no ver\u00e3o. Isto deve-se ao facto de absorver instantaneamente a temperatura do corpo.<\/p>","protected":false},"featured_media":23352,"comment_status":"closed","ping_status":"closed","template":"","meta":{"_acf_changed":false},"product_brand":[],"product_cat":[216,527,354],"product_tag":[],"class_list":{"0":"post-23349","1":"product","2":"type-product","3":"status-publish","4":"has-post-thumbnail","6":"product_cat-schapenvacht-voor-baby","7":"product_cat-wollen-schapenvacht-boxkleed-speelkleed","8":"product_cat-woolskins","10":"first","11":"instock","12":"taxable","13":"shipping-taxable","14":"purchasable","15":"product-type-variable","16":"has-default-attributes"},"acf":[],"_links":{"self":[{"href":"https:\/\/woolskins.eu\/pt\/wp-json\/wp\/v2\/product\/23349","targetHints":{"allow":["GET"]}}],"collection":[{"href":"https:\/\/woolskins.eu\/pt\/wp-json\/wp\/v2\/product"}],"about":[{"href":"https:\/\/woolskins.eu\/pt\/wp-json\/wp\/v2\/types\/product"}],"replies":[{"embeddable":true,"href":"https:\/\/woolskins.eu\/pt\/wp-json\/wp\/v2\/comments?post=23349"}],"wp:featuredmedia":[{"embeddable":true,"href":"https:\/\/woolskins.eu\/pt\/wp-json\/wp\/v2\/media\/23352"}],"wp:attachment":[{"href":"https:\/\/woolskins.eu\/pt\/wp-json\/wp\/v2\/media?parent=23349"}],"wp:term":[{"taxonomy":"product_brand","embeddable":true,"href":"https:\/\/woolskins.eu\/pt\/wp-json\/wp\/v2\/product_brand?post=23349"},{"taxonomy":"product_cat","embeddable":true,"href":"https:\/\/woolskins.eu\/pt\/wp-json\/wp\/v2\/product_cat?post=23349"},{"taxonomy":"product_tag","embeddable":true,"href":"https:\/\/woolskins.eu\/pt\/wp-json\/wp\/v2\/product_tag?post=23349"}],"curies":[{"name":"wp","href":"https:\/\/api.w.org\/{rel}","templated":true}]}}