{"id":22605,"date":"2024-11-22T12:24:52","date_gmt":"2024-11-22T12:24:52","guid":{"rendered":"https:\/\/woolskins.eu\/?post_type=product&#038;p=22605"},"modified":"2026-04-08T13:55:26","modified_gmt":"2026-04-08T13:55:26","slug":"saco-de-dormir-de-la-para-pes-para-carrinhos-de-bebe-bege-feltrado-costura-escura","status":"publish","type":"product","link":"https:\/\/woolskins.eu\/pt\/wollen-voetenzak-slaapzak-voor-buggy-en-kinderwagen-buggy-beige-felted-donkere-stiksel\/","title":{"rendered":"Wollen Voetenzak Bakigo &#8211; Slaapzak voor Buggy en Kinderwagen | Beige Felted \/ donkere stiksel"},"content":{"rendered":"<p data-start=\"152\" data-end=\"216\"><strong data-start=\"152\" data-end=\"214\">Delicioso porta-p\u00e9s de l\u00e3 para o seu beb\u00e9 - Woolskins Bakigo<\/strong><\/p>\n<p data-start=\"218\" data-end=\"609\">Saia despreocupadamente com o seu filho no calor e na suavidade <strong data-start=\"276\" data-end=\"308\">pezinhos de l\u00e3 para beb\u00e9s<\/strong> da Woolskins. O protetor para os p\u00e9s Bakigo foi especialmente concebido para o carrinho de beb\u00e9 ou buggy e oferece o m\u00e1ximo conforto em qualquer esta\u00e7\u00e3o do ano. A Woolskins tornou-o 5 cm mais comprido, para que o seu filho o possa utilizar durante mais tempo, e equipou-o com uma abertura extra grande para a barra de seguran\u00e7a.<\/p>\n<p data-start=\"611\" data-end=\"959\">A nova vers\u00e3o tem uma parte superior com fecho de correr, ideal para utilizar apenas a parte inferior durante os dias ligeiramente mais quentes. Gra\u00e7as \u00e0s propriedades naturais da <strong data-start=\"778\" data-end=\"785\">l\u00e3<\/strong> o pufe regista instantaneamente a temperatura do seu filho e mant\u00e9m-na, sem sobreaquecimento nem transpira\u00e7\u00e3o. Assim, o seu beb\u00e9 beneficia de um calor constante e de um conforto ideal.<\/p>\n<p data-start=\"961\" data-end=\"1195\">Perfeito para <strong data-start=\"978\" data-end=\"1008\">todas as esta\u00e7\u00f5es <\/strong>mas pode ser utilizada durante todo o ano gra\u00e7as ao fecho de correr inteligente. Um complemento indispens\u00e1vel para qualquer <strong data-start=\"1119\" data-end=\"1133\">kit para beb\u00e9<\/strong> Para as m\u00e3es que s\u00f3 querem o melhor para o seu beb\u00e9.<\/p>\n<p data-start=\"1197\" data-end=\"1368\">Com a prote\u00e7\u00e3o para os p\u00e9s Woolskins Bakigo, pode ter a certeza de que o seu filho estar\u00e1 sempre bem aquecido e confort\u00e1vel - um investimento em calor, conforto e paz de esp\u00edrito em movimento.<\/p>\n<p>- 5 cm mais comprido, o que torna a sua utiliza\u00e7\u00e3o mais longa.<br \/>\n- L\u00e3 virgem 100%, etiqueta Woolmark.<br \/>\n- Para casa e em viagem.<br \/>\n- Aberturas para os cintos de seguran\u00e7a (5 pontos).<br \/>\n- comprimento 90 cm x largura 45 cm.<br \/>\n- lav\u00e1vel num ciclo de lavagem com l\u00e3 a 30\u00b0C.<\/p>\n<p data-start=\"162\" data-end=\"231\"><strong data-start=\"162\" data-end=\"229\">Etiqueta Woolskins - produtos de l\u00e3 quentes, macios e duradouros para o seu beb\u00e9<\/strong><\/p>\n<p data-start=\"233\" data-end=\"685\">Na Woolskins, acreditamos que o seu filho merece apenas o melhor. \u00c9 por isso que fabricamos <strong data-start=\"330\" data-end=\"358\">produtos de l\u00e3 para beb\u00e9s<\/strong>, Os nossos produtos s\u00e3o fabricados a partir de l\u00e3 europeia 100%. Os nossos produtos s\u00e3o macios, confort\u00e1veis e seguros para a pele sens\u00edvel do seu beb\u00e9. Devido \u00e0s propriedades naturais da <strong data-start=\"571\" data-end=\"578\">l\u00e3<\/strong> mant\u00eam as m\u00e3os, os p\u00e9s e o corpo do seu beb\u00e9 \u00e0 temperatura perfeita, sem sobreaquecimento ou transpira\u00e7\u00e3o.<\/p>\n<p data-start=\"687\" data-end=\"1186\">A nossa cole\u00e7\u00e3o \u00e9 concebida com aten\u00e7\u00e3o aos detalhes e \u00e0 qualidade. Cada <strong data-start=\"753\" data-end=\"775\">produto de l\u00e3 para beb\u00e9<\/strong> da Woolskins \u00e9 produzido de forma sustent\u00e1vel na Europa, com l\u00e3 hipoalerg\u00e9nica e respir\u00e1vel que dura anos. Quer pretenda um casaco macio <strong data-start=\"906\" data-end=\"926\">saco de l\u00e3 para os p\u00e9s<\/strong>, Se procura uma pele de carneiro aconchegante ou uma pe\u00e7a de vestu\u00e1rio confort\u00e1vel, na Woolskins encontrar\u00e1 tudo o que precisa para um in\u00edcio de vida quente, seguro e confort\u00e1vel para o seu beb\u00e9. Descubra as nossas <strong data-start=\"1101\" data-end=\"1137\">produtos de l\u00e3 de primeira qualidade para beb\u00e9s<\/strong> E veja porque \u00e9 que os pais escolhem a Woolskins.<\/p>","protected":false},"excerpt":{"rendered":"<p data-start=\"193\" data-end=\"585\">Mantenha o seu beb\u00e9 maravilhosamente quente durante todos os passeios com o macio <strong data-start=\"259\" data-end=\"291\">pezinhos de l\u00e3 para beb\u00e9s<\/strong> da Woolskins. A almofada para os p\u00e9s Bakigo \u00e9 extra longa para que possa utiliz\u00e1-la durante mais tempo e tem uma abertura larga para a pega de seguran\u00e7a, ideal para o carrinho de beb\u00e9 ou o carrinho de beb\u00e9. A nova parte superior com fecho de correr tamb\u00e9m facilita a manuten\u00e7\u00e3o do conforto do seu beb\u00e9, mesmo nos dias mais quentes.<\/p>\n<p data-start=\"587\" data-end=\"965\">Gra\u00e7as \u00e0s propriedades naturais do <strong data-start=\"628\" data-end=\"635\">l\u00e3<\/strong> o tapa-p\u00e9s adapta-se e mant\u00e9m a temperatura corporal do seu beb\u00e9 sem o fazer suar. Ideal para <strong data-start=\"769\" data-end=\"799\">primavera, outono e inverno<\/strong>, e um complemento indispens\u00e1vel para qualquer <strong data-start=\"839\" data-end=\"853\">kit para beb\u00e9<\/strong>. Com o Woolskins Bakigo, pode ter a certeza de que o seu beb\u00e9 estar\u00e1 sempre confort\u00e1vel e seguro em todos os passeios.<\/p>\n<p><strong>Marca: Woolskins<\/strong><br \/>\n<strong>Produ\u00e7\u00e3o: Pol\u00f3nia<\/strong><\/p>\n<p>&nbsp;<\/p>","protected":false},"featured_media":22607,"comment_status":"closed","ping_status":"closed","template":"","meta":{"_acf_changed":false},"product_brand":[],"product_cat":[361,360,364,196,336,194],"product_tag":[],"class_list":{"0":"post-22605","1":"product","2":"type-product","3":"status-publish","4":"has-post-thumbnail","6":"product_cat-babyshower","7":"product_cat-cadeautips","8":"product_cat-cadeaus-vanaf-e50","9":"product_cat-slaapkleding-baby","10":"product_cat-voetenzakken","11":"product_cat-wollen-babyproducten","13":"first","14":"instock","15":"taxable","16":"shipping-taxable","17":"purchasable","18":"product-type-simple"},"acf":[],"_links":{"self":[{"href":"https:\/\/woolskins.eu\/pt\/wp-json\/wp\/v2\/product\/22605","targetHints":{"allow":["GET"]}}],"collection":[{"href":"https:\/\/woolskins.eu\/pt\/wp-json\/wp\/v2\/product"}],"about":[{"href":"https:\/\/woolskins.eu\/pt\/wp-json\/wp\/v2\/types\/product"}],"replies":[{"embeddable":true,"href":"https:\/\/woolskins.eu\/pt\/wp-json\/wp\/v2\/comments?post=22605"}],"wp:featuredmedia":[{"embeddable":true,"href":"https:\/\/woolskins.eu\/pt\/wp-json\/wp\/v2\/media\/22607"}],"wp:attachment":[{"href":"https:\/\/woolskins.eu\/pt\/wp-json\/wp\/v2\/media?parent=22605"}],"wp:term":[{"taxonomy":"product_brand","embeddable":true,"href":"https:\/\/woolskins.eu\/pt\/wp-json\/wp\/v2\/product_brand?post=22605"},{"taxonomy":"product_cat","embeddable":true,"href":"https:\/\/woolskins.eu\/pt\/wp-json\/wp\/v2\/product_cat?post=22605"},{"taxonomy":"product_tag","embeddable":true,"href":"https:\/\/woolskins.eu\/pt\/wp-json\/wp\/v2\/product_tag?post=22605"}],"curies":[{"name":"wp","href":"https:\/\/api.w.org\/{rel}","templated":true}]}}