{"id":22029,"date":"2024-10-22T11:49:37","date_gmt":"2024-10-22T11:49:37","guid":{"rendered":"https:\/\/woolskins.eu\/?post_type=product&#038;p=22029"},"modified":"2026-03-31T12:34:01","modified_gmt":"2026-03-31T12:34:01","slug":"um-casaco-de-malha-para-bebe-da-marca-basic-em-azul-marinho","status":"publish","type":"product","link":"https:\/\/woolskins.eu\/pt\/a-basic-brand-baby-vest-rib-navy\/","title":{"rendered":"A Basic Brand - Baby Cardigan Rib | Navy"},"content":{"rendered":"<h6>Uma marca para beb\u00e9s<\/h6>\n<p>Casaco de malha unissexo em algod\u00e3o canelado, com acabamentos l\u00fadicos em bruto (\u00e1spero). Abre totalmente com pequenos bot\u00f5es de press\u00e3o. Combine com leggings, cal\u00e7\u00f5es ou bloomers em canelado para um look casual moderno.<\/p>\n<p>97% algod\u00e3o 3% elastano. STANDARD 100 da OEKO-TEX\u00ae<\/p>\n<p>Tamanhos:<\/p>\n<p>costura interna cm \/ comprimento total cm \/ comprimento da manga cm<\/p>\n<p>0m - 22,5 \/ 18 \/ 23<br \/>\n3m - 25,5 \/ 21 \/ 25<br \/>\n6m - 28,5 \/ 24 \/ 27<\/p>\n<h5>Uma marca para beb\u00e9s<\/h5>\n<p>Descubra um guarda-roupa verdadeiramente minimalista, cheio de objectos essenciais pr\u00e1ticos. Misture e combine os nossos modelos e cores unissexo.  Sem log\u00f3tipo, sem estampado, sem confus\u00e3o.<\/p>\n<p>A nossa miss\u00e3o \u00e9 tornar a sua vida mais f\u00e1cil, pelo que uma das ideias principais por detr\u00e1s da nossa filosofia \u00e9 a PR\u00c1TICA. Tamb\u00e9m nos preocupamos muito com o nosso planeta e desejamos que toda a gente viva uma vida mais minimalista e, por conseguinte, use menos roupa (#CONSUMEWISELY).<\/p>\n<p>Por conseguinte, a qualidade dos nossos produtos \u00e9 a mais elevada poss\u00edvel. Pode us\u00e1-los durante anos e pass\u00e1-los adiante quando terminar. Utilizamos tecidos de alta qualidade com certificado de algod\u00e3o org\u00e2nico GOTS e STANDARD 100 da OEKO-TEX\u00ae. Todos os nossos produtos podem ser lavados na m\u00e1quina e secados na m\u00e1quina quantas vezes quiser. Ir\u00e1 descobrir que a nossa l\u00e3 de algod\u00e3o nem precisa de ser passada a ferro para ficar com bom aspeto.<\/p>","protected":false},"excerpt":{"rendered":"<h6>Uma marca para beb\u00e9s<\/h6>\n<p>Casaco de malha unissexo em algod\u00e3o canelado, com acabamentos l\u00fadicos em bruto (\u00e1spero). Abre totalmente com pequenos bot\u00f5es de press\u00e3o. Combine com leggings, cal\u00e7\u00f5es ou bloomers em canelado para um look casual moderno.<\/p>","protected":false},"featured_media":22034,"comment_status":"closed","ping_status":"closed","template":"","meta":{"_acf_changed":false},"product_brand":[],"product_cat":[335,361,360,363,529,530],"product_tag":[423,430,432,433,434,431,425],"class_list":{"0":"post-22029","1":"product","2":"type-product","3":"status-publish","4":"has-post-thumbnail","6":"product_cat-a_baby_brand","7":"product_cat-babyshower","8":"product_cat-cadeautips","9":"product_cat-cadeaus-e25-e50","10":"product_cat-katoenen-babykleertjes","11":"product_cat-katoenen-babyshirt","12":"product_tag-a-baby-brand","13":"product_tag-babykleding","14":"product_tag-babyromper","15":"product_tag-babyrompertjes","16":"product_tag-babyuitzet","17":"product_tag-wollen-babykleding","18":"product_tag-woolskins","19":"pa_maat-0-maanden","20":"pa_maat-1-jaar","21":"pa_maat-3-maanden","22":"pa_maat-6-maanden","24":"first","25":"instock","26":"taxable","27":"shipping-taxable","28":"purchasable","29":"product-type-variable"},"acf":[],"_links":{"self":[{"href":"https:\/\/woolskins.eu\/pt\/wp-json\/wp\/v2\/product\/22029","targetHints":{"allow":["GET"]}}],"collection":[{"href":"https:\/\/woolskins.eu\/pt\/wp-json\/wp\/v2\/product"}],"about":[{"href":"https:\/\/woolskins.eu\/pt\/wp-json\/wp\/v2\/types\/product"}],"replies":[{"embeddable":true,"href":"https:\/\/woolskins.eu\/pt\/wp-json\/wp\/v2\/comments?post=22029"}],"wp:featuredmedia":[{"embeddable":true,"href":"https:\/\/woolskins.eu\/pt\/wp-json\/wp\/v2\/media\/22034"}],"wp:attachment":[{"href":"https:\/\/woolskins.eu\/pt\/wp-json\/wp\/v2\/media?parent=22029"}],"wp:term":[{"taxonomy":"product_brand","embeddable":true,"href":"https:\/\/woolskins.eu\/pt\/wp-json\/wp\/v2\/product_brand?post=22029"},{"taxonomy":"product_cat","embeddable":true,"href":"https:\/\/woolskins.eu\/pt\/wp-json\/wp\/v2\/product_cat?post=22029"},{"taxonomy":"product_tag","embeddable":true,"href":"https:\/\/woolskins.eu\/pt\/wp-json\/wp\/v2\/product_tag?post=22029"}],"curies":[{"name":"wp","href":"https:\/\/api.w.org\/{rel}","templated":true}]}}