{"id":21871,"date":"2024-10-14T12:16:24","date_gmt":"2024-10-14T12:16:24","guid":{"rendered":"https:\/\/woolskins.eu\/?post_type=product&#038;p=21871"},"modified":"2026-04-29T19:47:53","modified_gmt":"2026-04-29T19:47:53","slug":"saco-cama-de-la-para-bebe-mocca","status":"publish","type":"product","link":"https:\/\/woolskins.eu\/pt\/wollen-slaapzak-voor-baby-thumbled-mocca\/","title":{"rendered":"Saco de dormir de l\u00e3 para beb\u00e9 | Teddy hazelnut"},"content":{"rendered":"<p>Os bot\u00f5es de press\u00e3o duplos tornam o tamanho do pesco\u00e7o ajust\u00e1vel e tem um fecho de correr comprido que facilita a abertura de todo o saco de dormir.<\/p>\n<p>- 100% l\u00e3 virgem Thumbled com certifica\u00e7\u00e3o Woolmark.<br \/>\n- Textura suave, macia e Teddy Plush que se move consigo.<br \/>\n- Fecho de correr comprido que permite abrir o saco-cama at\u00e9 ao fim ou apenas a parte inferior.<br \/>\n- Boas propriedades t\u00e9rmicas.<br \/>\n- Para casa e em viagem.<br \/>\n- Tamanho: 0\/6 meses 67 cm, 6\/12 meses 82 cm.<br \/>\n- Produ\u00e7\u00e3o europeia.<\/p>\n<p>Os nossos sacos-cama Eco Wool s\u00e3o \u00f3ptimos para os mais pequenos, gra\u00e7as \u00e0s propriedades naturais das fibras de l\u00e3. Estas respiram e t\u00eam a capacidade de atuar como um term\u00f3stato natural que regula a temperatura do corpo? Isto ajuda o seu beb\u00e9 a manter uma temperatura est\u00e1vel e mant\u00e9m-no seco e confort\u00e1vel. F\u00e1-lo de forma \u2018din\u00e2mica\u2019, ou seja, quando \u00e9 necess\u00e1rio, e n\u00e3o quando n\u00e3o \u00e9.<\/p>\n<p data-start=\"63\" data-end=\"427\"><strong data-start=\"63\" data-end=\"83\">Instru\u00e7\u00f5es de lavagem<\/strong><\/p>\n<p data-start=\"63\" data-end=\"427\">Para manter este tecido de l\u00e3 Teddy bonito e macio, recomendamos a lavagem \u00e0 m\u00e3o a uma temperatura m\u00e1xima de 30 \u00b0C. Ao faz\u00ea-lo, proceda com cuidado e utilize um detergente suave para l\u00e3. Evite lix\u00edvia, ferro de engomar, m\u00e1quina de secar e centrifuga\u00e7\u00e3o. Deixe o tecido secar na horizontal para preservar a sua forma. Tamb\u00e9m \u00e9 poss\u00edvel efetuar uma limpeza a seco.<\/p>\n<p data-start=\"429\" data-end=\"552\">\u2728 <strong data-start=\"431\" data-end=\"439\">Sugest\u00e3o:<\/strong> A l\u00e3 n\u00e3o precisa de ser lavada com frequ\u00eancia. Uma r\u00e1pida passagem de ar ao ar livre \u00e9 muitas vezes suficiente para manter o tecido fresco.<\/p>\n<p data-start=\"554\" data-end=\"817\">\ud83c\udf3f <strong data-start=\"557\" data-end=\"588\">Porque \u00e9 que a l\u00e3 \u00e9 especial: <\/strong>A l\u00e3 \u00e9 naturalmente autolimpante e repele a sujidade. Os odores desaparecem com o simples arejamento do tecido e a sujidade adere menos facilmente do que noutros materiais. Assim, o seu tecido de l\u00e3 mant\u00e9m-se fresco durante mais tempo, sem grande manuten\u00e7\u00e3o.<\/p>\n<h5>Etiqueta de peles de l\u00e3<\/h5>\n<p>Ap\u00f3s anos de coopera\u00e7\u00e3o bem sucedida com a Alwero, temos o orgulho de anunciar que pass\u00e1mos a comercializar os nossos produtos sob a nossa pr\u00f3pria marca Woolskins.<\/p>\n<p>Desta forma, continua a obter a melhor qualidade, mas combinada com os produtos e designs mais bonitos e \u00fanicos.<\/p>\n<p>A qualidade dos tecidos e das cores continua a ser a mesma de sempre, s\u00f3 que agora existe uma maior escolha com a qual a Woolskins pensa poder distinguir-se.<\/p>\n<p>A nossa vasta cole\u00e7\u00e3o \u00e9 t\u00e3o igual que \u00e9 um excelente complemento para o enxoval de qualquer beb\u00e9, fabricada em l\u00e3 europeia 100% que respira e \u00e9 adequada para todas as esta\u00e7\u00f5es.<\/p>\n<p>Juntamos for\u00e7as com entusiasmo para criar um produto sustent\u00e1vel, natural e o mais confort\u00e1vel poss\u00edvel para o seu filho.<\/p>","protected":false},"excerpt":{"rendered":"<p>Se procura um saco-cama confort\u00e1vel e quente para o seu beb\u00e9, a l\u00e3 \u00e9 uma excelente escolha. De facto, a l\u00e3 tem muitas vantagens que ajudar\u00e3o o seu beb\u00e9 a dormir bem, em todas as esta\u00e7\u00f5es do ano.<\/p>\n<p>O nosso saco-cama leve de l\u00e3 ecol\u00f3gica para beb\u00e9 \u00e9 respir\u00e1vel e tem a capacidade de agir como um term\u00f3stato natural que regula a temperatura do corpo, ajudando o seu beb\u00e9 a descansar e a dormir profundamente. Este saco-cama \u00e9 muito adequado para crian\u00e7as pequenas gra\u00e7as aos bot\u00f5es de press\u00e3o duplos que permitem aumentar ou diminuir a abertura do pesco\u00e7o. O fecho de correr comprido abre nos dois lados, pelo que o saco-cama pode ser aberto completamente ou apenas na parte inferior para mudar o beb\u00e9. O saco de dormir de l\u00e3 move-se consigo (el\u00e1stico) e ajuda o seu beb\u00e9 a manter uma temperatura est\u00e1vel, mantendo-o seco e confort\u00e1vel. F\u00e1-lo \u2018dinamicamente\u2019, ou seja, quando \u00e9 necess\u00e1rio, e n\u00e3o quando n\u00e3o \u00e9. Assim, estes sacos-cama de l\u00e3 s\u00e3o quentes no inverno e frescos no ver\u00e3o.<\/p>\n<p><strong>Marca: Woolskins<\/strong><br \/>\n<strong>Produ\u00e7\u00e3o: Pol\u00f3nia<\/strong><\/p>","protected":false},"featured_media":21880,"comment_status":"closed","ping_status":"closed","template":"","meta":{"_acf_changed":false},"product_brand":[],"product_cat":[361,360,364,196,370,194],"product_tag":[414],"class_list":{"0":"post-21871","1":"product","2":"type-product","3":"status-publish","4":"has-post-thumbnail","6":"product_cat-babyshower","7":"product_cat-cadeautips","8":"product_cat-cadeaus-vanaf-e50","9":"product_cat-slaapkleding-baby","10":"product_cat-slaapzakken","11":"product_cat-wollen-babyproducten","12":"product_tag-alwero-slaapzak","13":"pa_maat-0-6-maanden","14":"pa_maat-6-12-maanden","16":"first","17":"instock","18":"taxable","19":"shipping-taxable","20":"purchasable","21":"product-type-variable"},"acf":[],"_links":{"self":[{"href":"https:\/\/woolskins.eu\/pt\/wp-json\/wp\/v2\/product\/21871","targetHints":{"allow":["GET"]}}],"collection":[{"href":"https:\/\/woolskins.eu\/pt\/wp-json\/wp\/v2\/product"}],"about":[{"href":"https:\/\/woolskins.eu\/pt\/wp-json\/wp\/v2\/types\/product"}],"replies":[{"embeddable":true,"href":"https:\/\/woolskins.eu\/pt\/wp-json\/wp\/v2\/comments?post=21871"}],"wp:featuredmedia":[{"embeddable":true,"href":"https:\/\/woolskins.eu\/pt\/wp-json\/wp\/v2\/media\/21880"}],"wp:attachment":[{"href":"https:\/\/woolskins.eu\/pt\/wp-json\/wp\/v2\/media?parent=21871"}],"wp:term":[{"taxonomy":"product_brand","embeddable":true,"href":"https:\/\/woolskins.eu\/pt\/wp-json\/wp\/v2\/product_brand?post=21871"},{"taxonomy":"product_cat","embeddable":true,"href":"https:\/\/woolskins.eu\/pt\/wp-json\/wp\/v2\/product_cat?post=21871"},{"taxonomy":"product_tag","embeddable":true,"href":"https:\/\/woolskins.eu\/pt\/wp-json\/wp\/v2\/product_tag?post=21871"}],"curies":[{"name":"wp","href":"https:\/\/api.w.org\/{rel}","templated":true}]}}