{"id":21523,"date":"2024-09-25T10:02:14","date_gmt":"2024-09-25T10:02:14","guid":{"rendered":"https:\/\/woolskins.eu\/?post_type=product&#038;p=21523"},"modified":"2025-12-17T12:01:37","modified_gmt":"2025-12-17T12:01:37","slug":"luvas-de-la-unisex-zaffiro-feltro-bege-copia","status":"publish","type":"product","link":"https:\/\/woolskins.eu\/pt\/wollen-wanten-unisex-zaffiro-felted-beige-kopie\/","title":{"rendered":"Luvas Unissexo de L\u00e3 - Zaffiro | Feltro Cinzento Claro"},"content":{"rendered":"<h5>Luvas de l\u00e3 - Zaffiro<\/h5>\n<p>Mantenha as suas m\u00e3os maravilhosamente quentes e confort\u00e1veis com as luvas de l\u00e3 Zaffiro. Estas luvas quentes de l\u00e3 s\u00e3o a forma perfeita de manter as m\u00e3os quentes nos dias frios. Feitas de l\u00e3 macia, natural e feltrada de primeira qualidade, s\u00e3o suaves para a pele sens\u00edvel. As luvas de l\u00e3 oferecem um excelente isolamento quando est\u00e1 em movimento com o seu beb\u00e9.<\/p>\n<p>Algumas carater\u00edsticas:<\/p>\n<ul>\n<li>Calor: A l\u00e3 isola naturalmente e mant\u00e9m as m\u00e3os do seu beb\u00e9 quentes e agrad\u00e1veis mesmo com o tempo mais frio.<\/li>\n<li>Suavidade: As luvas s\u00e3o feitas de l\u00e3 luxuosamente macia que n\u00e3o irrita a pele do seu beb\u00e9.<\/li>\n<li>Respirabilidade: A l\u00e3 \u00e9 naturalmente respir\u00e1vel, mantendo as m\u00e3os do seu beb\u00e9 confort\u00e1veis e sem suor.<\/li>\n<li>As luvas combinam bem com todos os outros produtos da nossa cole\u00e7\u00e3o Felted.<\/li>\n<\/ul>\n<p data-sourcepos=\"5:1-5:57\">Tamanho: Tamanho \u00fanico S\/M (comprimento 27cm x 10,5cm)<\/p>\n<h5>Zaffiro<\/h5>\n<p>A empresa Zaffiro \u00e9 uma empresa familiar polaca. Desde o nosso in\u00edcio, em 1989, especializ\u00e1mo-nos na produ\u00e7\u00e3o de produtos para beb\u00e9s e crian\u00e7as e a maior parte do que produzimos \u00e9 exportada para mais de 40 pa\u00edses. Cri\u00e1mos a marca Zaffiro para promover produtos que apoiam os pais que est\u00e3o conscientes da import\u00e2ncia da intimidade e da liga\u00e7\u00e3o com o seu beb\u00e9 desde as primeiras horas ap\u00f3s o nascimento. Promovemos o conceito de \u2018cora\u00e7\u00e3o a cora\u00e7\u00e3o\u2019, transportando as crian\u00e7as em slings e porta-beb\u00e9s, reintroduzindo a s\u00e1bia tradi\u00e7\u00e3o das gera\u00e7\u00f5es anteriores, redescoberta e desenvolvida tendo em conta a investiga\u00e7\u00e3o psicol\u00f3gica contempor\u00e2nea.<\/p>","protected":false},"excerpt":{"rendered":"<p>Mantenha as suas m\u00e3os maravilhosamente quentes e confort\u00e1veis com as luvas de l\u00e3 Zaffiro. Estas luvas quentes de l\u00e3 s\u00e3o a forma perfeita de manter as m\u00e3os quentes nos dias frios. Feitas de l\u00e3 macia, natural e feltrada de primeira qualidade, s\u00e3o suaves para a pele sens\u00edvel. As luvas de l\u00e3 oferecem um excelente isolamento quando se est\u00e1 em movimento durante os dias ligeiramente mais frios.<\/p>\n<p>Tamanho: Tamanho \u00fanico S\/M (comprimento 27cm x 10,5cm)<\/p>\n<div class=\"woocommerce-product-details__short-description\">\n<p><strong>Marca: Zaffiro<\/strong><br \/>\n<strong>Produ\u00e7\u00e3o: Pol\u00f3nia<br \/>\nKeur: Oeko-Tex Standard<\/strong><\/p>\n<p><img loading=\"lazy\" decoding=\"async\" class=\"alignnone wp-image-28173 entered lazyloaded\" src=\"https:\/\/woolskins.eu\/wp-content\/uploads\/2024\/05\/csm_OEKO-TEX_Logo_2022_rgb_c1aaeb5ceb-300x300.jpg\" alt=\"\" width=\"89\" height=\"89\" data-lazy-src=\"https:\/\/woolskins.eu\/wp-content\/uploads\/2024\/05\/csm_OEKO-TEX_Logo_2022_rgb_c1aaeb5ceb-300x300.jpg\" data-ll-status=\"loaded\" srcset=\"https:\/\/woolskins.eu\/wp-content\/uploads\/2024\/05\/csm_OEKO-TEX_Logo_2022_rgb_c1aaeb5ceb-300x300.jpg 300w, https:\/\/woolskins.eu\/wp-content\/uploads\/2024\/05\/csm_OEKO-TEX_Logo_2022_rgb_c1aaeb5ceb-150x150.jpg 150w, https:\/\/woolskins.eu\/wp-content\/uploads\/2024\/05\/csm_OEKO-TEX_Logo_2022_rgb_c1aaeb5ceb-768x769.jpg 768w, https:\/\/woolskins.eu\/wp-content\/uploads\/2024\/05\/csm_OEKO-TEX_Logo_2022_rgb_c1aaeb5ceb-12x12.jpg 12w, https:\/\/woolskins.eu\/wp-content\/uploads\/2024\/05\/csm_OEKO-TEX_Logo_2022_rgb_c1aaeb5ceb-600x601.jpg 600w, https:\/\/woolskins.eu\/wp-content\/uploads\/2024\/05\/csm_OEKO-TEX_Logo_2022_rgb_c1aaeb5ceb-100x100.jpg 100w, https:\/\/woolskins.eu\/wp-content\/uploads\/2024\/05\/csm_OEKO-TEX_Logo_2022_rgb_c1aaeb5ceb-64x64.jpg 64w, https:\/\/woolskins.eu\/wp-content\/uploads\/2024\/05\/csm_OEKO-TEX_Logo_2022_rgb_c1aaeb5ceb.jpg 885w\" sizes=\"auto, (max-width: 89px) 100vw, 89px\" \/><\/p>\n<\/div>","protected":false},"featured_media":21522,"comment_status":"open","ping_status":"closed","template":"","meta":{"_acf_changed":false},"product_brand":[],"product_cat":[502,351,363,350,31],"product_tag":[],"class_list":{"0":"post-21523","1":"product","2":"type-product","3":"status-publish","4":"has-post-thumbnail","6":"product_cat-zaffiro","7":"product_cat-accessoiresvoormama","8":"product_cat-cadeaus-e25-e50","9":"product_cat-fashion","10":"product_cat-yogamat-wol","12":"first","13":"instock","14":"taxable","15":"shipping-taxable","16":"purchasable","17":"product-type-simple"},"acf":[],"_links":{"self":[{"href":"https:\/\/woolskins.eu\/pt\/wp-json\/wp\/v2\/product\/21523","targetHints":{"allow":["GET"]}}],"collection":[{"href":"https:\/\/woolskins.eu\/pt\/wp-json\/wp\/v2\/product"}],"about":[{"href":"https:\/\/woolskins.eu\/pt\/wp-json\/wp\/v2\/types\/product"}],"replies":[{"embeddable":true,"href":"https:\/\/woolskins.eu\/pt\/wp-json\/wp\/v2\/comments?post=21523"}],"wp:featuredmedia":[{"embeddable":true,"href":"https:\/\/woolskins.eu\/pt\/wp-json\/wp\/v2\/media\/21522"}],"wp:attachment":[{"href":"https:\/\/woolskins.eu\/pt\/wp-json\/wp\/v2\/media?parent=21523"}],"wp:term":[{"taxonomy":"product_brand","embeddable":true,"href":"https:\/\/woolskins.eu\/pt\/wp-json\/wp\/v2\/product_brand?post=21523"},{"taxonomy":"product_cat","embeddable":true,"href":"https:\/\/woolskins.eu\/pt\/wp-json\/wp\/v2\/product_cat?post=21523"},{"taxonomy":"product_tag","embeddable":true,"href":"https:\/\/woolskins.eu\/pt\/wp-json\/wp\/v2\/product_tag?post=21523"}],"curies":[{"name":"wp","href":"https:\/\/api.w.org\/{rel}","templated":true}]}}