{"id":21443,"date":"2024-09-20T11:40:48","date_gmt":"2024-09-20T11:40:48","guid":{"rendered":"https:\/\/woolskins.eu\/?post_type=product&#038;p=21443"},"modified":"2025-12-17T12:12:33","modified_gmt":"2025-12-17T12:12:33","slug":"cachecol-de-la-unisexo-adulto-zaffiro-bege-feltrado","status":"publish","type":"product","link":"https:\/\/woolskins.eu\/pt\/wollen-bodywarmer-unisex-adult-zaffiro-beige-felted\/","title":{"rendered":"Agasalho de l\u00e3 Unissexo Adulto - Zaffiro | Bege Feltrado"},"content":{"rendered":"<p>Mantenha-se quente com estilo com este elegante Bodywarmer Zaffiro, fabricado em l\u00e3 de luxo 100%. A l\u00e3 de primeira qualidade, macia e confort\u00e1vel, manter\u00e1 o seu corpo maravilhosamente quente e confort\u00e1vel quando a chuva se tornar ligeiramente fria. Perfeito para usar em camadas, ideal para dias frios e aventuras ao ar livre. O colete tem um fecho de correr alto e bolsos grandes que mant\u00eam as m\u00e3os quentes.<\/p>\n<p>Carater\u00edsticas principais:<\/p>\n<ul>\n<li>L\u00e3 de alta qualidade: proporciona um calor e um conforto superiores.<\/li>\n<li>Design elegante: complementa qualquer roupa com o seu corte cl\u00e1ssico.<\/li>\n<li>Bolsos pr\u00e1ticos: Mant\u00e9m as m\u00e3os quentes e os objectos essenciais ao seu alcance.<\/li>\n<li>Dur\u00e1vel: Feito para durar anos.<\/li>\n<\/ul>\n<p>Experimente o conforto e a eleg\u00e2ncia do Zaffiro.<\/p>\n<h5>L\u00e3 de primeira qualidade<\/h5>\n<p>A l\u00e3 de ovelha PREMIUM natural e macia utilizada para produzir o saco-cama \u00e9 perfeita para os Invernos frios e os dias mais quentes. Proporciona uma termorregula\u00e7\u00e3o natural ainda melhor, protegendo eficazmente a crian\u00e7a mesmo em caso de geadas fortes e assegurando que a crian\u00e7a n\u00e3o sobreaquece nos dias quentes. A l\u00e3 de ovelha tem tamb\u00e9m propriedades anti-al\u00e9rgicas e resiste ao desenvolvimento de \u00e1caros. Tem propriedades higi\u00e9nicas e de auto-limpeza. Neutraliza os odores desagrad\u00e1veis e a sujidade.<\/p>\n<h5>Zaffiro<\/h5>\n<p>A empresa Zaffiro \u00e9 uma empresa familiar polaca. Desde o nosso in\u00edcio, em 1989, especializ\u00e1mo-nos na produ\u00e7\u00e3o de produtos para beb\u00e9s e crian\u00e7as e a maior parte do que produzimos \u00e9 exportada para mais de 40 pa\u00edses. Cri\u00e1mos a marca Zaffiro para promover produtos que apoiam os pais que est\u00e3o conscientes da import\u00e2ncia da intimidade e da liga\u00e7\u00e3o com o seu beb\u00e9 desde as primeiras horas ap\u00f3s o nascimento. Promovemos o conceito de \u2018cora\u00e7\u00e3o a cora\u00e7\u00e3o\u2019, transportando as crian\u00e7as em slings e porta-beb\u00e9s, reintroduzindo a s\u00e1bia tradi\u00e7\u00e3o das gera\u00e7\u00f5es anteriores, redescoberta e desenvolvida tendo em conta a investiga\u00e7\u00e3o psicol\u00f3gica contempor\u00e2nea.<\/p>","protected":false},"excerpt":{"rendered":"<p>Mantenha-se quente com estilo com este elegante Bodywarmer Zaffiro, fabricado em l\u00e3 de luxo 100%. A l\u00e3 de primeira qualidade, macia e confort\u00e1vel, manter\u00e1 o seu corpo maravilhosamente quente e confort\u00e1vel quando a chuva se tornar ligeiramente fria. Perfeito para usar em camadas, ideal para dias frios e aventuras ao ar livre. O colete tem um fecho de correr alto e bolsos grandes que mant\u00eam as m\u00e3os quentes.<\/p>\n<p><strong>Marca: Zaffiro<\/strong><br \/>\n<strong>Produ\u00e7\u00e3o: Pol\u00f3nia<br \/>\nKeur: Oeko-Tex Standard<\/strong><\/p>\n<p><img loading=\"lazy\" decoding=\"async\" class=\"alignnone wp-image-28173 entered lazyloaded\" src=\"https:\/\/woolskins.eu\/wp-content\/uploads\/2024\/05\/csm_OEKO-TEX_Logo_2022_rgb_c1aaeb5ceb-300x300.jpg\" alt=\"\" width=\"89\" height=\"89\" data-lazy-src=\"https:\/\/woolskins.eu\/wp-content\/uploads\/2024\/05\/csm_OEKO-TEX_Logo_2022_rgb_c1aaeb5ceb-300x300.jpg\" data-ll-status=\"loaded\" srcset=\"https:\/\/woolskins.eu\/wp-content\/uploads\/2024\/05\/csm_OEKO-TEX_Logo_2022_rgb_c1aaeb5ceb-300x300.jpg 300w, https:\/\/woolskins.eu\/wp-content\/uploads\/2024\/05\/csm_OEKO-TEX_Logo_2022_rgb_c1aaeb5ceb-150x150.jpg 150w, https:\/\/woolskins.eu\/wp-content\/uploads\/2024\/05\/csm_OEKO-TEX_Logo_2022_rgb_c1aaeb5ceb-768x769.jpg 768w, https:\/\/woolskins.eu\/wp-content\/uploads\/2024\/05\/csm_OEKO-TEX_Logo_2022_rgb_c1aaeb5ceb-12x12.jpg 12w, https:\/\/woolskins.eu\/wp-content\/uploads\/2024\/05\/csm_OEKO-TEX_Logo_2022_rgb_c1aaeb5ceb-600x601.jpg 600w, https:\/\/woolskins.eu\/wp-content\/uploads\/2024\/05\/csm_OEKO-TEX_Logo_2022_rgb_c1aaeb5ceb-100x100.jpg 100w, https:\/\/woolskins.eu\/wp-content\/uploads\/2024\/05\/csm_OEKO-TEX_Logo_2022_rgb_c1aaeb5ceb-64x64.jpg 64w, https:\/\/woolskins.eu\/wp-content\/uploads\/2024\/05\/csm_OEKO-TEX_Logo_2022_rgb_c1aaeb5ceb.jpg 885w\" sizes=\"auto, (max-width: 89px) 100vw, 89px\" \/><\/p>","protected":false},"featured_media":21447,"comment_status":"open","ping_status":"closed","template":"","meta":{"_acf_changed":false},"product_brand":[],"product_cat":[360,364,350,31,502],"product_tag":[424,420,421,422,425,507],"class_list":{"0":"post-21443","1":"product","2":"type-product","3":"status-publish","4":"has-post-thumbnail","6":"product_cat-cadeautips","7":"product_cat-cadeaus-vanaf-e50","8":"product_cat-fashion","9":"product_cat-yogamat-wol","10":"product_cat-zaffiro","11":"product_tag-alwero-bodywarmer","12":"product_tag-bodywarmer-wol","13":"product_tag-wollen-bodywarmer","14":"product_tag-wool-vest","15":"product_tag-woolskins","16":"product_tag-zaffiro","17":"pa_maat-adult-size-l","18":"pa_maat-adult-size-m","19":"pa_maat-adult-size-s","20":"pa_maat-adult-size-xl","22":"first","23":"outofstock","24":"taxable","25":"shipping-taxable","26":"purchasable","27":"product-type-variable"},"acf":[],"_links":{"self":[{"href":"https:\/\/woolskins.eu\/pt\/wp-json\/wp\/v2\/product\/21443","targetHints":{"allow":["GET"]}}],"collection":[{"href":"https:\/\/woolskins.eu\/pt\/wp-json\/wp\/v2\/product"}],"about":[{"href":"https:\/\/woolskins.eu\/pt\/wp-json\/wp\/v2\/types\/product"}],"replies":[{"embeddable":true,"href":"https:\/\/woolskins.eu\/pt\/wp-json\/wp\/v2\/comments?post=21443"}],"wp:featuredmedia":[{"embeddable":true,"href":"https:\/\/woolskins.eu\/pt\/wp-json\/wp\/v2\/media\/21447"}],"wp:attachment":[{"href":"https:\/\/woolskins.eu\/pt\/wp-json\/wp\/v2\/media?parent=21443"}],"wp:term":[{"taxonomy":"product_brand","embeddable":true,"href":"https:\/\/woolskins.eu\/pt\/wp-json\/wp\/v2\/product_brand?post=21443"},{"taxonomy":"product_cat","embeddable":true,"href":"https:\/\/woolskins.eu\/pt\/wp-json\/wp\/v2\/product_cat?post=21443"},{"taxonomy":"product_tag","embeddable":true,"href":"https:\/\/woolskins.eu\/pt\/wp-json\/wp\/v2\/product_tag?post=21443"}],"curies":[{"name":"wp","href":"https:\/\/api.w.org\/{rel}","templated":true}]}}